{"id":742,"date":"2022-03-03T09:36:16","date_gmt":"2022-03-03T08:36:16","guid":{"rendered":"http:\/\/migration.mi-admin.ch\/wundertaetige-medaille\/"},"modified":"2022-08-28T09:24:39","modified_gmt":"2022-08-28T07:24:39","slug":"les-sacramentaux","status":"publish","type":"page","link":"https:\/\/test4.mi-backup.ch\/fr\/les-sacramentaux\/","title":{"rendered":"Les Sacramentaux"},"content":{"rendered":"<blockquote><p><strong>Quand vous demandez de b\u00e9nir une m\u00e9daille miraculeuse, une statue religieuse ou quelconque objet religieux, ou que vous faites un signe de croix avec de l&#8217;eau b\u00e9nite, ou que vous utilisez le Rosaire, le scapulaire ou la M\u00e9daille Miraculeuse vous avez affaire \u00e0 un sacramental. Mais savez-vous vraiment ce qu&#8217;est un sacramental ?<\/strong><\/p><\/blockquote>\n<p>Les sacramentaux sont des signes sacr\u00e9s par lesquels sont signifi\u00e9s et obtenus, \u00e0 la pri\u00e8re de l&#8217;Eglise, des effets spirituels. Le but des sacramentaux est de disposer l&#8217;\u00e2me \u00e0 recevoir la gr\u00e2ce que produisent les sacrements, soit en \u00e9cartant un obstacle comme le d\u00e9mon ou les tentations, soit par la r\u00e9mission des p\u00e9ch\u00e9s v\u00e9niels, ou encore en disposant le fid\u00e8le \u00e0 accomplir et \u00e0 recevoir les sacrements.<\/p>\n<p>On distingue ainsi deux types de sacramentaux :<\/p>\n<ol>\n<li>&#8211; <strong>les sacramentaux li\u00e9s \u00e0 la r\u00e9ception d&#8217;un sacrement<\/strong> : <em>exemple : la p\u00e9nitence que le confesseur nous donne<\/em><\/li>\n<li>&#8211; les sacramentaux se rapportant <strong>\u00e0 la sanctification de la vie chr\u00e9tienne<\/strong> : <strong><em>exemple : prier son chapelet, rev\u00eatir la M\u00e9daille Miraculeuse et le Scapulaire.<\/em><\/strong><\/li>\n<\/ol>\n<p><em><strong>Voici les trois principaux sacramentaux se rapportant \u00e0 la vie chr\u00e9tienne du chevalier<\/strong><\/em><\/p>\n<div style=\"position: relative; width: 100%; height: 0; padding-top: 100.0000%; padding-bottom: 48px; box-shadow: 0 2px 8px 0 rgba(63,69,81,0.16); margin-top: 1.6em; margin-bottom: 0.9em; overflow: hidden; border-radius: 8px; will-change: transform;\"><iframe style=\"position: absolute; width: 100%; height: 100%; top: 0; left: 0; border: none; padding: 0; margin: 0;\" src=\"https:\/\/www.canva.com\/design\/DAFKlvn5it4\/view?embed\" allowfullscreen=\"allowfullscreen\"><br \/>\n<\/iframe><\/div>\n<p><a href=\"https:\/\/www.canva.com\/design\/DAFKlvn5it4\/view?utm_content=DAFKlvn5it4&amp;utm_campaign=designshare&amp;utm_medium=embeds&amp;utm_source=link\" target=\"_blank\" rel=\"noopener\">Les Sacramentaux dans la vie du chevalier<\/a><\/p>\n","protected":false},"excerpt":{"rendered":"<p>Quand vous demandez de b\u00e9nir une m\u00e9daille miraculeuse, une statue religieuse ou quelconque objet religieux, ou que vous faites un signe de croix avec de l&#8217;eau b\u00e9nite, ou que vous utilisez le Rosaire, le scapulaire ou la M\u00e9daille Miraculeuse vous avez affaire \u00e0 un sacramental. Mais savez-vous vraiment ce qu&#8217;est<a class=\"more-link\" href=\"https:\/\/test4.mi-backup.ch\/fr\/les-sacramentaux\/\">Lire la suite &rarr;<\/a><\/p>\n","protected":false},"author":9,"featured_media":84597,"parent":0,"menu_order":0,"comment_status":"closed","ping_status":"closed","template":"","meta":[],"_links":{"self":[{"href":"https:\/\/test4.mi-backup.ch\/fr\/wp-json\/wp\/v2\/pages\/742"}],"collection":[{"href":"https:\/\/test4.mi-backup.ch\/fr\/wp-json\/wp\/v2\/pages"}],"about":[{"href":"https:\/\/test4.mi-backup.ch\/fr\/wp-json\/wp\/v2\/types\/page"}],"author":[{"embeddable":true,"href":"https:\/\/test4.mi-backup.ch\/fr\/wp-json\/wp\/v2\/users\/9"}],"replies":[{"embeddable":true,"href":"https:\/\/test4.mi-backup.ch\/fr\/wp-json\/wp\/v2\/comments?post=742"}],"version-history":[{"count":12,"href":"https:\/\/test4.mi-backup.ch\/fr\/wp-json\/wp\/v2\/pages\/742\/revisions"}],"predecessor-version":[{"id":78274,"href":"https:\/\/test4.mi-backup.ch\/fr\/wp-json\/wp\/v2\/pages\/742\/revisions\/78274"}],"wp:featuredmedia":[{"embeddable":true,"href":"https:\/\/test4.mi-backup.ch\/fr\/wp-json\/wp\/v2\/media\/84597"}],"wp:attachment":[{"href":"https:\/\/test4.mi-backup.ch\/fr\/wp-json\/wp\/v2\/media?parent=742"}],"curies":[{"name":"wp","href":"https:\/\/api.w.org\/{rel}","templated":true}]}}