{"id":81292,"date":"2023-04-25T08:37:53","date_gmt":"2023-04-25T06:37:53","guid":{"rendered":"https:\/\/test4.mi-backup.ch\/?page_id=81292"},"modified":"2023-04-25T14:53:23","modified_gmt":"2023-04-25T12:53:23","slug":"latelier-de-marie","status":"publish","type":"page","link":"https:\/\/test4.mi-backup.ch\/fr\/latelier-de-marie\/","title":{"rendered":"L&#8217;Atelier de Marie"},"content":{"rendered":"<p style=\"text-align: left;\">L&#8217;Atelier de Marie a \u00e9t\u00e9 ouvert par les Chevaliers de l&#8217;Immacul\u00e9e en France avec l&#8217;accord du Directeur International, Monsieur l&#8217;abb\u00e9\u00a0 Stehlin, et du Mod\u00e9rateur National, Monsieur l&#8217;abb\u00e9 Castelain, afin de pouvoir diffuser le plus rapidement possible le Doux Nom de Marie. Tous vos achats, commandes, dons servent \u00e0 financer les publications papier (livres et d\u00e9pliants).<br \/>\nD\u00e9couvrez vite les tr\u00e9sors de l&#8217;Atelier de Marie pour faire des cadeaux de No\u00ebl, de premi\u00e8re communion ou tout simplement pour vous&#8230;<\/p>\n<h4><strong>D&#8217;o\u00f9 viennent les produits de l&#8217;Atelier de Marie ?<\/strong><\/h4>\n<p>Tout ce que nous pr\u00e9sentons dans l&#8217;Atelier de Marie est cr\u00e9\u00e9 par la Militia Immaculat\u00e6 de France. Nous confions pour le moment, l&#8217;impression des livres et d\u00e9pliants \u00e0 une entreprise exterieure mais <strong>les images, les cartes et les chapelets sont con\u00e7ues, pr\u00e9par\u00e9es, et fabriqu\u00e9es au Centre de Distribution de la M.I. en France. Les ouvrages faits main (partenariat pour certains produits) sont fabriqu\u00e9s \u00e9galement au Centre de Distribution de la M.I. France,<\/strong> 7 impasse des noisettes 44240 La Chapelle-sur-Erdre.<\/p>\n<h4><strong>Qu&#8217;est-il possible de faire dans cet Atelier de Marie ?<\/strong><\/h4>\n<p>Vous avez \u00e0 votre disposition un certain nombre de catalogues vous pr\u00e9sentant les diff\u00e9rentes cat\u00e9gories de produit. Ces catalogues sont en ligne en bas de la page. Ils sont mis-\u00e0-jour directement et r\u00e9guli\u00e8rement et pour cette raison, nous ne pouvons les publier en format PDF<\/p>\n<ol>\n<li><a href=\"https:\/\/test4.mi-backup.ch\/fr\/tous-les-livres-de-la-m-i\/\"><strong>Catalogue des livres\u00a0<\/strong><\/a>(lien vers la page correspondante)<\/li>\n<li><a href=\"https:\/\/test4.mi-backup.ch\/fr\/les-depliants-et-les-sets-pour-lapostolat\/\"><strong>Catalogue des d\u00e9pliants et set pour l&#8217;apostolat<\/strong><\/a><\/li>\n<li><a href=\"https:\/\/test4.mi-backup.ch\/fr\/belles-images-ex-voto-autocollants\/\"><strong>Catalogue des images pieuses<\/strong><\/a><\/li>\n<li><a href=\"https:\/\/test4.mi-backup.ch\/fr\/cartes-de-decouverte-pour-le-mois-de-mai-cartes-de-voeux-de-noel\/\"><strong>Catalogue de la carterie<\/strong><\/a><\/li>\n<li><a href=\"https:\/\/test4.mi-backup.ch\/fr\/chapelets-et-medailles-miraculeuses\/\"><strong>Catalogue des chapelets et m\u00e9dailles miraculeuses<\/strong><\/a><\/li>\n<li><a href=\"https:\/\/test4.mi-backup.ch\/fr\/ouvrage-fait-main\/\"><strong>Catalogue des ouvrages faits main<\/strong><\/a><\/li>\n<\/ol>\n<h4><strong>Comment cela fonctionne-t-il?<\/strong><\/h4>\n<ul>\n<li><span class=\"JsGRdQ\">Je choisis le document ou l&#8217;objet avec son code<\/span><\/li>\n<li><span class=\"JsGRdQ\">Je contacte l&#8217;Atelier de Marie pour donner mon adresse et choisir mon moyen de paiement (ch\u00e8que ou virement) <\/span>par email <a href=\"mailto:france@m-i.info\">france@m-i.info<\/a><\/li>\n<li>Nous envoyons les articles une fois le paiment re\u00e7u.<\/li>\n<\/ul>\n<h4><strong>Quelles sont les limites de l&#8217;Atelier de Marie ?<\/strong><\/h4>\n<ol>\n<li><strong>Les envois sont payables uniquement en euros<\/strong>.<\/li>\n<li>Les articles \u00e9tant faits main, ils sont uniques et pour cette raison, nous ne faisons <strong>des ventes qu&#8217;aux particuliers. <\/strong><\/li>\n<li>Pour les images pieuses et la carterie, si un particulier souhaite faire une commande personnalis\u00e9e, il est indispensable de demander <strong>un devis par email<\/strong> <a href=\"mailto:france@m-i.info\">france@m-i.info<\/a><\/li>\n<li>Nous ne faisons pas de facture.<\/li>\n<li>Certains prix ne sont affich\u00e9s qu&#8217;\u00e0 titre indicatif car nous sommes une association \u00e0 but non lucratif.<\/li>\n<li>Aucun retour des produits d\u00e9j\u00e0 pay\u00e9s n&#8217;est envisageable.<\/li>\n<\/ol>\n<h4><strong>Quel usage faisons-nous de vos dons et paiements ?<\/strong><\/h4>\n<p>Nous les utilisons pour financer les impressions des livres, des d\u00e9pliants et l&#8217;achat du mat\u00e9riel de base.<\/p>\n<h4><strong>Comment contacter l&#8217;atelier de Marie ?<\/strong><\/h4>\n<ol>\n<li>Par <strong>voie postale<\/strong> : Centre de distribution de la Militia Immaculatae &#8211; 7 impasse des noisettes 44240 La Chapelle sur Erdre<\/li>\n<li>Par <strong>t\u00e9l\u00e9phone<\/strong> : +33 752035124<\/li>\n<li>Par <strong>email<\/strong> : <a href=\"mailto:france@m-i.info\">france@m-i.info<\/a><\/li>\n<li>Sur les <strong>r\u00e9seaux sociaux<\/strong> : militiaimmaculataefr ou l&#8217;atelier de Marie<\/li>\n<\/ol>\n<h4><strong>Comment faire un don et\/ou payer la MI France et l&#8217;Atelier de Marie ?<\/strong><\/h4>\n<p><strong>Pour les dons en ligne et virement bancaire. Merci de nous faire parvenir une preuve de votre virement bancaire.<\/strong><br \/>\n<strong>IBAN :\u00a0 \u00a0 \u00a0 FR 24 2004 1000 0100 8950 2R02 079<br \/>\n<\/strong><strong>BIC :\u00a0 \u00a0 \u00a0 \u00a0 \u00a0PSSTFRPPPAR<\/strong><br \/>\nAssociation d&#8217;aide aux familles &#8211; M.I.<\/p>\n<p><strong>Pour les dons par ch\u00e8que :<\/strong><br \/>\nLibell\u00e9 \u00e0 l&#8217;ordre de &#8220;<strong> AAF MI<\/strong> &#8221; <em>&#8220;Association d&#8217;Aide aux Familles &#8211; MI &#8220;<\/em> et \u00e0 envoyer \u00e0 l&#8217;adresse suivante:<br \/>\nCentre de distribution de la Militia Immaculat\u00e6<br \/>\n7 impasse des noisettes<br \/>\n44240 La Chapelle-sur-Erdre<br \/>\nFrance<\/p>\n<p>Ave Maria!<\/p>\n<h4><strong>Catalogue des livres<\/strong><\/h4>\n<div style=\"position: relative; width: 100%; height: 0; padding-top: 100.0000%; padding-bottom: 0; box-shadow: 0 2px 8px 0 rgba(63,69,81,0.16); margin-top: 1.6em; margin-bottom: 0.9em; overflow: hidden; border-radius: 8px; will-change: transform;\"><iframe style=\"position: absolute; width: 100%; height: 100%; top: 0; left: 0; border: none; padding: 0; margin: 0;\" src=\"https:\/\/www.canva.com\/design\/DAFN_ItOIcA\/view?embed\" allowfullscreen=\"allowfullscreen\"><br \/>\n<\/iframe><\/div>\n<p><a href=\"https:\/\/www.canva.com\/design\/DAFN_ItOIcA\/view?utm_content=DAFN_ItOIcA&amp;utm_campaign=designshare&amp;utm_medium=embeds&amp;utm_source=link\" target=\"_blank\" rel=\"noopener\">L&#8217;Atelier de Marie &#8211; Catalogue Livres<\/a><\/p>\n<h4><strong>Catalogue des d\u00e9pliants<\/strong><\/h4>\n<div style=\"position: relative; width: 100%; height: 0; padding-top: 100.0000%; padding-bottom: 0; box-shadow: 0 2px 8px 0 rgba(63,69,81,0.16); margin-top: 1.6em; margin-bottom: 0.9em; overflow: hidden; border-radius: 8px; will-change: transform;\"><iframe style=\"position: absolute; width: 100%; height: 100%; top: 0; left: 0; border: none; padding: 0; margin: 0;\" src=\"https:\/\/www.canva.com\/design\/DAFQmCf33Tk\/view?embed\" allowfullscreen=\"allowfullscreen\"><br \/>\n<\/iframe><\/div>\n<p><a href=\"https:\/\/www.canva.com\/design\/DAFQmCf33Tk\/view?utm_content=DAFQmCf33Tk&amp;utm_campaign=designshare&amp;utm_medium=embeds&amp;utm_source=link\" target=\"_blank\" rel=\"noopener\" class=\"broken_link\">L&#8217;Atelier de Marie &#8211; Catalogue des d\u00e9pliants<\/a><\/p>\n<h4><strong>Catalogue des images pieuses<\/strong><\/h4>\n<div style=\"position: relative; width: 100%; height: 0; padding-top: 100.0000%; padding-bottom: 0; box-shadow: 0 2px 8px 0 rgba(63,69,81,0.16); margin-top: 1.6em; margin-bottom: 0.9em; overflow: hidden; border-radius: 8px; will-change: transform;\"><iframe style=\"position: absolute; width: 100%; height: 100%; top: 0; left: 0; border: none; padding: 0; margin: 0;\" src=\"https:\/\/www.canva.com\/design\/DAFQmAX3Myw\/view?embed\" allowfullscreen=\"allowfullscreen\"><br \/>\n<\/iframe><\/div>\n<p><a href=\"https:\/\/www.canva.com\/design\/DAFQmAX3Myw\/view?utm_content=DAFQmAX3Myw&amp;utm_campaign=designshare&amp;utm_medium=embeds&amp;utm_source=link\" target=\"_blank\" rel=\"noopener\" class=\"broken_link\">L&#8217;Atelier de Marie &#8211; Catalogue Images pieuses<\/a><\/p>\n<h4><strong>Catalogue de la carterie\u00a0<\/strong><\/h4>\n<div style=\"position: relative; width: 100%; height: 0; padding-top: 100.0000%; padding-bottom: 0; box-shadow: 0 2px 8px 0 rgba(63,69,81,0.16); margin-top: 1.6em; margin-bottom: 0.9em; overflow: hidden; border-radius: 8px; will-change: transform;\"><iframe style=\"position: absolute; width: 100%; height: 100%; top: 0; left: 0; border: none; padding: 0; margin: 0;\" src=\"https:\/\/www.canva.com\/design\/DAFQmMsXbBM\/view?embed\" allowfullscreen=\"allowfullscreen\"><br \/>\n<\/iframe><\/div>\n<p><a href=\"https:\/\/www.canva.com\/design\/DAFQmMsXbBM\/view?utm_content=DAFQmMsXbBM&amp;utm_campaign=designshare&amp;utm_medium=embeds&amp;utm_source=link\" target=\"_blank\" rel=\"noopener\" class=\"broken_link\">L&#8217;Atelier de Marie &#8211; Catalogue Carterie<\/a><\/p>\n<h4><strong>Catalogue des chapelets et des m\u00e9dailles miraculeuses<\/strong><\/h4>\n<div style=\"position: relative; width: 100%; height: 0; padding-top: 100.0000%; padding-bottom: 0; box-shadow: 0 2px 8px 0 rgba(63,69,81,0.16); margin-top: 1.6em; margin-bottom: 0.9em; overflow: hidden; border-radius: 8px; will-change: transform;\"><iframe style=\"position: absolute; width: 100%; height: 100%; top: 0; left: 0; border: none; padding: 0; margin: 0;\" src=\"https:\/\/www.canva.com\/design\/DAFQmFuEe8s\/view?embed\" allowfullscreen=\"allowfullscreen\"><br \/>\n<\/iframe><\/div>\n<p><a href=\"https:\/\/www.canva.com\/design\/DAFQmFuEe8s\/view?utm_content=DAFQmFuEe8s&amp;utm_campaign=designshare&amp;utm_medium=embeds&amp;utm_source=link\" target=\"_blank\" rel=\"noopener\" class=\"broken_link\">L&#8217;Atelier de Marie &#8211; Catalogue Chapelet <\/a><\/p>\n<hr \/>\n<h4><strong>Catalogue des ouvrages faits main : INDISPENSABLE\u00a0<\/strong><\/h4>\n<div style=\"position: relative; width: 100%; height: 0; padding-top: 100.0000%; padding-bottom: 0; box-shadow: 0 2px 8px 0 rgba(63,69,81,0.16); margin-top: 1.6em; margin-bottom: 0.9em; overflow: hidden; border-radius: 8px; will-change: transform;\"><iframe style=\"position: absolute; width: 100%; height: 100%; top: 0; left: 0; border: none; padding: 0; margin: 0;\" src=\"https:\/\/www.canva.com\/design\/DAFQyEDLWCQ\/view?embed\" allowfullscreen=\"allowfullscreen\"><br \/>\n<\/iframe><\/div>\n<p><a href=\"https:\/\/www.canva.com\/design\/DAFQyEDLWCQ\/view?utm_content=DAFQyEDLWCQ&amp;utm_campaign=designshare&amp;utm_medium=embeds&amp;utm_source=link\" target=\"_blank\" rel=\"noopener\" class=\"broken_link\">L&#8217;Atelier de Marie &#8211; Catalogue Ouvrage fait main Indispensable <\/a><\/p>\n","protected":false},"excerpt":{"rendered":"<p>L&#8217;Atelier de Marie a \u00e9t\u00e9 ouvert par les Chevaliers de l&#8217;Immacul\u00e9e en France avec l&#8217;accord du Directeur International, Monsieur l&#8217;abb\u00e9\u00a0 Stehlin, et du Mod\u00e9rateur National, Monsieur l&#8217;abb\u00e9 Castelain, afin de pouvoir diffuser le plus rapidement possible le Doux Nom de Marie. Tous vos achats, commandes, dons servent \u00e0 financer les<a class=\"more-link\" href=\"https:\/\/test4.mi-backup.ch\/fr\/latelier-de-marie\/\">Lire la suite &rarr;<\/a><\/p>\n","protected":false},"author":182,"featured_media":0,"parent":0,"menu_order":0,"comment_status":"closed","ping_status":"closed","template":"","meta":[],"_links":{"self":[{"href":"https:\/\/test4.mi-backup.ch\/fr\/wp-json\/wp\/v2\/pages\/81292"}],"collection":[{"href":"https:\/\/test4.mi-backup.ch\/fr\/wp-json\/wp\/v2\/pages"}],"about":[{"href":"https:\/\/test4.mi-backup.ch\/fr\/wp-json\/wp\/v2\/types\/page"}],"author":[{"embeddable":true,"href":"https:\/\/test4.mi-backup.ch\/fr\/wp-json\/wp\/v2\/users\/182"}],"replies":[{"embeddable":true,"href":"https:\/\/test4.mi-backup.ch\/fr\/wp-json\/wp\/v2\/comments?post=81292"}],"version-history":[{"count":10,"href":"https:\/\/test4.mi-backup.ch\/fr\/wp-json\/wp\/v2\/pages\/81292\/revisions"}],"predecessor-version":[{"id":89375,"href":"https:\/\/test4.mi-backup.ch\/fr\/wp-json\/wp\/v2\/pages\/81292\/revisions\/89375"}],"wp:attachment":[{"href":"https:\/\/test4.mi-backup.ch\/fr\/wp-json\/wp\/v2\/media?parent=81292"}],"curies":[{"name":"wp","href":"https:\/\/api.w.org\/{rel}","templated":true}]}}