{"id":819,"date":"2021-07-18T16:43:59","date_gmt":"2021-07-18T14:43:59","guid":{"rendered":"http:\/\/migration.mi-admin.ch\/maximilian-kolbe\/"},"modified":"2022-02-14T14:40:41","modified_gmt":"2022-02-14T13:40:41","slug":"maximilian-kolbe","status":"publish","type":"page","link":"https:\/\/test4.mi-backup.ch\/fr\/maximilian-kolbe\/","title":{"rendered":"Maximilien Kolbe"},"content":{"rendered":"<p>Le Fondateur d&#8217;une \u0153uvre de l&#8217;Eglise catholique, aujourd&#8217;hui mondialement \u00e9tablie, m\u00e9rite d&#8217;\u00eatre connu afin qu&#8217;\u00e0 la connaissance de sa vie et de l&#8217;id\u00e9al qu&#8217;il s&#8217;\u00e9tait propos\u00e9 pour atteindre la perfection, nous puissions simplement suivre son exemple et avoir ainsi une id\u00e9e plus r\u00e9aliste de ce qu&#8217;est la saintet\u00e9 au jour le jour dans le si\u00e8cle o\u00f9 nous vivons.<\/p>\n<p>En effet, les saints ne se sont pas faits en un jour et donc cela nous donne l&#8217;espoir, malgr\u00e9 nos mis\u00e8res, que par l&#8217;Immacul\u00e9e nous puissions nous aussi parvenir au ciel. Comment a v\u00e9cu saint Maximilien ? Quelle est sa vie ? Qu&#8217;a-t-il fait de particulier ? Peut-on l&#8217;imiter en tout ? Que nous enseigne-t-il ? Voil\u00e0 essentiellement ce que vous retrouverez sur cette page qui lui est d\u00e9di\u00e9e.<\/p>\n<h5><em><strong>En cours de construction, merci de votre patience&#8230;<\/strong><\/em><\/h5>\n<table width=\"50%\">\n<tbody>\n<tr>\n<td width=\"20%\">\n<p><figure id=\"attachment_51434\" aria-describedby=\"caption-attachment-51434\" style=\"width: 300px\" class=\"wp-caption alignnone\"><a href=\"https:\/\/test4.mi-backup.ch\/fr\/vie-du-pere-maximilien-kolbe\/\"><img loading=\"lazy\" class=\"wp-image-51434 size-medium\" src=\"https:\/\/test4.mi-backup.ch\/wp-content\/uploads\/2022\/02\/kolbe-vie-tabl-300x212.jpg\" alt=\"\" width=\"300\" height=\"212\" srcset=\"https:\/\/test4.mi-backup.ch\/wp-content\/uploads\/2022\/02\/kolbe-vie-tabl-300x212.jpg 300w, https:\/\/test4.mi-backup.ch\/wp-content\/uploads\/2022\/02\/kolbe-vie-tabl-1024x724.jpg 1024w, https:\/\/test4.mi-backup.ch\/wp-content\/uploads\/2022\/02\/kolbe-vie-tabl-768x543.jpg 768w, https:\/\/test4.mi-backup.ch\/wp-content\/uploads\/2022\/02\/kolbe-vie-tabl-1536x1086.jpg 1536w, https:\/\/test4.mi-backup.ch\/wp-content\/uploads\/2022\/02\/kolbe-vie-tabl-425x300.jpg 425w, https:\/\/test4.mi-backup.ch\/wp-content\/uploads\/2022\/02\/kolbe-vie-tabl-600x424.jpg 600w, https:\/\/test4.mi-backup.ch\/wp-content\/uploads\/2022\/02\/kolbe-vie-tabl.jpg 2000w\" sizes=\"(max-width: 300px) 100vw, 300px\" \/><\/a><figcaption id=\"caption-attachment-51434\" class=\"wp-caption-text\"><a href=\"https:\/\/test4.mi-backup.ch\/fr\/vie-du-pere-maximilien-kolbe\/\"><strong>La vie compl\u00e8te du P\u00e8re Maximilien Marie Kolbe<\/strong><\/a><\/figcaption><\/figure><\/td>\n<td width=\"20%\">\n<p><figure id=\"attachment_51426\" aria-describedby=\"caption-attachment-51426\" style=\"width: 300px\" class=\"wp-caption alignnone\"><a href=\"https:\/\/test4.mi-backup.ch\/fr\/les-temoignages-de-ceux-qui-lont-connu\/\"><img loading=\"lazy\" class=\"wp-image-51426 size-medium\" src=\"https:\/\/test4.mi-backup.ch\/wp-content\/uploads\/2022\/02\/kolbe-connu-pr-tabl-300x212.jpg\" alt=\"\" width=\"300\" height=\"212\" srcset=\"https:\/\/test4.mi-backup.ch\/wp-content\/uploads\/2022\/02\/kolbe-connu-pr-tabl-300x212.jpg 300w, https:\/\/test4.mi-backup.ch\/wp-content\/uploads\/2022\/02\/kolbe-connu-pr-tabl-1024x724.jpg 1024w, https:\/\/test4.mi-backup.ch\/wp-content\/uploads\/2022\/02\/kolbe-connu-pr-tabl-768x543.jpg 768w, https:\/\/test4.mi-backup.ch\/wp-content\/uploads\/2022\/02\/kolbe-connu-pr-tabl-1536x1086.jpg 1536w, https:\/\/test4.mi-backup.ch\/wp-content\/uploads\/2022\/02\/kolbe-connu-pr-tabl-425x300.jpg 425w, https:\/\/test4.mi-backup.ch\/wp-content\/uploads\/2022\/02\/kolbe-connu-pr-tabl-600x424.jpg 600w, https:\/\/test4.mi-backup.ch\/wp-content\/uploads\/2022\/02\/kolbe-connu-pr-tabl.jpg 2000w\" sizes=\"(max-width: 300px) 100vw, 300px\" \/><\/a><figcaption id=\"caption-attachment-51426\" class=\"wp-caption-text\"><a href=\"https:\/\/test4.mi-backup.ch\/fr\/les-temoignages-de-ceux-qui-lont-connu\/\"><strong>Les t\u00e9moignages de ceux qui l&#8217;ont connu<\/strong><\/a><\/figcaption><\/figure><\/td>\n<\/tr>\n<tr>\n<td width=\"20%\">\n<p><figure id=\"attachment_51501\" aria-describedby=\"caption-attachment-51501\" style=\"width: 300px\" class=\"wp-caption alignnone\"><img loading=\"lazy\" class=\"wp-image-51501 size-medium\" src=\"https:\/\/test4.mi-backup.ch\/wp-content\/uploads\/2022\/02\/kolbe-trace-300x212.jpg\" alt=\"\" width=\"300\" height=\"212\" srcset=\"https:\/\/test4.mi-backup.ch\/wp-content\/uploads\/2022\/02\/kolbe-trace-300x212.jpg 300w, https:\/\/test4.mi-backup.ch\/wp-content\/uploads\/2022\/02\/kolbe-trace-1024x724.jpg 1024w, https:\/\/test4.mi-backup.ch\/wp-content\/uploads\/2022\/02\/kolbe-trace-768x543.jpg 768w, https:\/\/test4.mi-backup.ch\/wp-content\/uploads\/2022\/02\/kolbe-trace-1536x1086.jpg 1536w, https:\/\/test4.mi-backup.ch\/wp-content\/uploads\/2022\/02\/kolbe-trace-425x300.jpg 425w, https:\/\/test4.mi-backup.ch\/wp-content\/uploads\/2022\/02\/kolbe-trace-600x424.jpg 600w, https:\/\/test4.mi-backup.ch\/wp-content\/uploads\/2022\/02\/kolbe-trace.jpg 2000w\" sizes=\"(max-width: 300px) 100vw, 300px\" \/><figcaption id=\"caption-attachment-51501\" class=\"wp-caption-text\"><strong>Sur les traces de Saint Louis-Marie de Montfort<\/strong><\/figcaption><\/figure><\/td>\n<td width=\"20%\">\n<p><figure id=\"attachment_51491\" aria-describedby=\"caption-attachment-51491\" style=\"width: 300px\" class=\"wp-caption alignnone\"><img loading=\"lazy\" class=\"wp-image-51491 size-medium\" src=\"https:\/\/test4.mi-backup.ch\/wp-content\/uploads\/2022\/02\/kolbe-ecrit-300x212.jpg\" alt=\"\" width=\"300\" height=\"212\" srcset=\"https:\/\/test4.mi-backup.ch\/wp-content\/uploads\/2022\/02\/kolbe-ecrit-300x212.jpg 300w, https:\/\/test4.mi-backup.ch\/wp-content\/uploads\/2022\/02\/kolbe-ecrit-1024x724.jpg 1024w, https:\/\/test4.mi-backup.ch\/wp-content\/uploads\/2022\/02\/kolbe-ecrit-768x543.jpg 768w, https:\/\/test4.mi-backup.ch\/wp-content\/uploads\/2022\/02\/kolbe-ecrit-1536x1086.jpg 1536w, https:\/\/test4.mi-backup.ch\/wp-content\/uploads\/2022\/02\/kolbe-ecrit-425x300.jpg 425w, https:\/\/test4.mi-backup.ch\/wp-content\/uploads\/2022\/02\/kolbe-ecrit-600x424.jpg 600w, https:\/\/test4.mi-backup.ch\/wp-content\/uploads\/2022\/02\/kolbe-ecrit.jpg 2000w\" sizes=\"(max-width: 300px) 100vw, 300px\" \/><figcaption id=\"caption-attachment-51491\" class=\"wp-caption-text\"><strong>Les \u00e9crits du P\u00e8re Maximilien Kolbe<\/strong><\/figcaption><\/figure><\/td>\n<\/tr>\n<\/tbody>\n<\/table>\n","protected":false},"excerpt":{"rendered":"<p>Le Fondateur d&#8217;une \u0153uvre de l&#8217;Eglise catholique, aujourd&#8217;hui mondialement \u00e9tablie, m\u00e9rite d&#8217;\u00eatre connu afin qu&#8217;\u00e0 la connaissance de sa vie et de l&#8217;id\u00e9al qu&#8217;il s&#8217;\u00e9tait propos\u00e9 pour atteindre la perfection, nous puissions simplement suivre son exemple et avoir ainsi une id\u00e9e plus r\u00e9aliste de ce qu&#8217;est la saintet\u00e9 au jour<a class=\"more-link\" href=\"https:\/\/test4.mi-backup.ch\/fr\/maximilian-kolbe\/\">Lire la suite &rarr;<\/a><\/p>\n","protected":false},"author":9,"featured_media":0,"parent":0,"menu_order":0,"comment_status":"closed","ping_status":"closed","template":"","meta":[],"_links":{"self":[{"href":"https:\/\/test4.mi-backup.ch\/fr\/wp-json\/wp\/v2\/pages\/819"}],"collection":[{"href":"https:\/\/test4.mi-backup.ch\/fr\/wp-json\/wp\/v2\/pages"}],"about":[{"href":"https:\/\/test4.mi-backup.ch\/fr\/wp-json\/wp\/v2\/types\/page"}],"author":[{"embeddable":true,"href":"https:\/\/test4.mi-backup.ch\/fr\/wp-json\/wp\/v2\/users\/9"}],"replies":[{"embeddable":true,"href":"https:\/\/test4.mi-backup.ch\/fr\/wp-json\/wp\/v2\/comments?post=819"}],"version-history":[{"count":13,"href":"https:\/\/test4.mi-backup.ch\/fr\/wp-json\/wp\/v2\/pages\/819\/revisions"}],"predecessor-version":[{"id":52294,"href":"https:\/\/test4.mi-backup.ch\/fr\/wp-json\/wp\/v2\/pages\/819\/revisions\/52294"}],"wp:attachment":[{"href":"https:\/\/test4.mi-backup.ch\/fr\/wp-json\/wp\/v2\/media?parent=819"}],"curies":[{"name":"wp","href":"https:\/\/api.w.org\/{rel}","templated":true}]}}