{"id":89012,"date":"2023-04-13T17:09:11","date_gmt":"2023-04-13T15:09:11","guid":{"rendered":"https:\/\/test4.mi-backup.ch\/don-immediat-eur\/"},"modified":"2023-04-13T17:09:11","modified_gmt":"2023-04-13T15:09:11","slug":"don-immediat-eur","status":"publish","type":"page","link":"https:\/\/test4.mi-backup.ch\/fr\/don-immediat-eur\/","title":{"rendered":"Don imm\u00e9diat EUR"},"content":{"rendered":"<p><strong><img loading=\"lazy\" class=\"wp-image-32818 size-thumbnail alignright\" src=\"https:\/\/test4.mi-backup.ch\/wp-content\/uploads\/2020\/11\/zahlungsmoeglichkeiten-1-150x150.jpg\" alt=\"\" width=\"150\" height=\"150\" srcset=\"https:\/\/test4.mi-backup.ch\/wp-content\/uploads\/2020\/11\/zahlungsmoeglichkeiten-1-150x150.jpg 150w, https:\/\/test4.mi-backup.ch\/wp-content\/uploads\/2020\/11\/zahlungsmoeglichkeiten-1-300x300.jpg 300w, https:\/\/test4.mi-backup.ch\/wp-content\/uploads\/2020\/11\/zahlungsmoeglichkeiten-1-32x32.jpg 32w, https:\/\/test4.mi-backup.ch\/wp-content\/uploads\/2020\/11\/zahlungsmoeglichkeiten-1.jpg 400w, https:\/\/test4.mi-backup.ch\/wp-content\/uploads\/2020\/11\/zahlungsmoeglichkeiten-1-100x100.jpg 100w\" sizes=\"(max-width: 150px) 100vw, 150px\" \/><\/strong><\/p>\n<p>Nous vous remercions de votre volont\u00e9 de soutenir la Militia Immaculatae.<\/p>\n<p>Ici, vous pouvez faire un don directement en ligne &#8211; vous avez le choix entre plusieurs modes de paiement : Don imm\u00e9diat en EUR par carte de cr\u00e9dit, Paypal, virement imm\u00e9diat, pr\u00e9l\u00e8vement SEPA.<strong><br \/>\n<\/strong><\/p>\n<p>Remarque : Pour des raisons d&#8217;organisation, le b\u00e9n\u00e9ficiaire des dons est MI-Suisse, car le site web, l&#8217;apostolat international et le formulaire de don sont g\u00e9r\u00e9s par MI-Suisse.<\/p>\n<p>ALTRUJA-PAGE-UMB6<\/p>\n<p>&nbsp;<\/p>\n<p>Bei Fragen oder Problemen nehmen Sie bitte mit uns <a href=\"https:\/\/test4.mi-backup.ch\/de\/kontakt-spenden\/\">Kontakt<\/a> auf.<\/p>\n","protected":false},"excerpt":{"rendered":"<p>Nous vous remercions de votre volont\u00e9 de soutenir la Militia Immaculatae. Ici, vous pouvez faire un don directement en ligne &#8211; vous avez le choix entre plusieurs modes de paiement : Don imm\u00e9diat en EUR par carte de cr\u00e9dit, Paypal, virement imm\u00e9diat, pr\u00e9l\u00e8vement SEPA. Remarque : Pour des raisons d&#8217;organisation,<a class=\"more-link\" href=\"https:\/\/test4.mi-backup.ch\/fr\/don-immediat-eur\/\">Lire la suite &rarr;<\/a><\/p>\n","protected":false},"author":9,"featured_media":0,"parent":0,"menu_order":0,"comment_status":"closed","ping_status":"closed","template":"","meta":[],"_links":{"self":[{"href":"https:\/\/test4.mi-backup.ch\/fr\/wp-json\/wp\/v2\/pages\/89012"}],"collection":[{"href":"https:\/\/test4.mi-backup.ch\/fr\/wp-json\/wp\/v2\/pages"}],"about":[{"href":"https:\/\/test4.mi-backup.ch\/fr\/wp-json\/wp\/v2\/types\/page"}],"author":[{"embeddable":true,"href":"https:\/\/test4.mi-backup.ch\/fr\/wp-json\/wp\/v2\/users\/9"}],"replies":[{"embeddable":true,"href":"https:\/\/test4.mi-backup.ch\/fr\/wp-json\/wp\/v2\/comments?post=89012"}],"version-history":[{"count":0,"href":"https:\/\/test4.mi-backup.ch\/fr\/wp-json\/wp\/v2\/pages\/89012\/revisions"}],"wp:attachment":[{"href":"https:\/\/test4.mi-backup.ch\/fr\/wp-json\/wp\/v2\/media?parent=89012"}],"curies":[{"name":"wp","href":"https:\/\/api.w.org\/{rel}","templated":true}]}}