{"id":3787,"date":"2020-03-05T23:09:57","date_gmt":"2020-03-05T22:09:57","guid":{"rendered":"https:\/\/test4.mi-backup.ch\/produkt\/flyer-zur-wundertaetigen-medaille\/"},"modified":"2023-03-01T21:59:19","modified_gmt":"2023-03-01T20:59:19","slug":"flyer-zur-wundertaetigen-medaille","status":"publish","type":"product","link":"https:\/\/test4.mi-backup.ch\/fr\/shop\/tracte\/flyer-zur-wundertaetigen-medaille\/","title":{"rendered":"Flyer sur la M\u00e9daille Miraculeuse"},"content":{"rendered":"<p>Cette brochure (taille DIN A7) convient comme brochure d&#8217;accompagnement pour la M\u00e9daille Miraculeuse. Il explique en quelques mots l&#8217;origine et le sens de ce moyen de gr\u00e2ce. Nous avons \u00e9galement cette brochure dans les langues suivantes:<\/p>\n<p><a href=\"https:\/\/test4.mi-backup.ch\/wp-content\/uploads\/media\/Apostolat\/Flyer-01-fr-web.pdf\">fran\u00e7ais<\/a>, <a href=\"https:\/\/test4.mi-backup.ch\/wp-content\/uploads\/2017\/03\/Ein-Zeichen-der-Liebe_AFR.pdf\" target=\"_blank\" rel=\"noopener noreferrer\">afrikaans<\/a>, <a href=\"https:\/\/test4.mi-backup.ch\/wp-content\/uploads\/media\/Apostolat\/Flyer-01-de-web.pdf\">allemand<\/a>, <a href=\"https:\/\/test4.mi-backup.ch\/wp-content\/uploads\/media\/Apostolat\/Ein-Zeichen-der-Liebe_engl.pdf\">anglais<\/a>, <a href=\"https:\/\/test4.mi-backup.ch\/wp-content\/uploads\/media\/Apostolat\/Flyer-01-arab.pdf\">arabe<\/a>, <a href=\"https:\/\/test4.mi-backup.ch\/wp-content\/uploads\/media\/Apostolat\/Flyer-01-chines-web_new.pdf\" class=\"broken_link\">chinois<\/a>, <a href=\"https:\/\/test4.mi-backup.ch\/wp-content\/uploads\/media\/Apostolat\/Flyer-01-kroat--web.pdf\">croate<\/a>, <a href=\"https:\/\/test4.mi-backup.ch\/wp-content\/uploads\/media\/Apostolat\/Flyer-01-span-web.pdf\">espagnol<\/a>, <a href=\"https:\/\/test4.mi-backup.ch\/wp-content\/uploads\/2017\/03\/Ein-Zeichen-der-Liebe_GRC.pdf\">grec<\/a>, <a href=\"https:\/\/test4.mi-backup.ch\/wp-content\/uploads\/media\/Apostolat\/Flyer-01-ung-web.pdf\">hongrois<\/a>, <a href=\"https:\/\/test4.mi-backup.ch\/wp-content\/uploads\/2017\/03\/Ein-Zeichen-der-Liebe_IND.pdf\">indon\u00e9sien<\/a>, <a href=\"https:\/\/test4.mi-backup.ch\/wp-content\/uploads\/media\/Apostolat\/Flyer-01-ital-web.pdf\">italien<\/a>, <a href=\"https:\/\/test4.mi-backup.ch\/wp-content\/uploads\/media\/Apostolat\/Flyer-01-jap--web.pdf\">japonais<\/a>, <a href=\"https:\/\/test4.mi-backup.ch\/wp-content\/uploads\/2017\/03\/Ein-Zeichen-der-Liebe_NED.pdf\">n\u00e9erlandais<\/a>, <a href=\"https:\/\/test4.mi-backup.ch\/wp-content\/uploads\/2017\/03\/Ein-Zeichen-der-Liebe_NOR.pdf\">norv\u00e9gien<\/a>, <a href=\"https:\/\/test4.mi-backup.ch\/wp-content\/uploads\/media\/Apostolat\/Ein-Zeichen-der-Liebe_pl.pdf\">polonais<\/a>, <a href=\"https:\/\/test4.mi-backup.ch\/wp-content\/uploads\/media\/Apostolat\/Flyer-01-port.pdf\" class=\"broken_link\">portugais<\/a>, <a href=\"https:\/\/test4.mi-backup.ch\/wp-content\/uploads\/2017\/03\/Ein-Zeichen-der-Liebe_RUM.pdf\">roumain<\/a>, <a href=\"https:\/\/test4.mi-backup.ch\/wp-content\/uploads\/media\/Apostolat\/Flyer-01-rus.pdf\" class=\"broken_link\">russe<\/a>, <a href=\"https:\/\/test4.mi-backup.ch\/wp-content\/uploads\/2017\/03\/Ein-Zeichen-der-Liebe_swahili.pdf\">swahili<\/a>, <a href=\"https:\/\/test4.mi-backup.ch\/wp-content\/uploads\/2017\/03\/Ein-Zeichen-der-Liebe_thai.pdf\" class=\"broken_link\">tha\u00ef<\/a>, <a href=\"https:\/\/test4.mi-backup.ch\/wp-content\/uploads\/2017\/03\/Ein-Zeichen-der-Liebe_TUR.pdf\" target=\"_blank\" rel=\"noopener noreferrer\">turc<\/a>, <span class=\"Y2IQFc\" lang=\"fr\"><a href=\"https:\/\/test4.mi-backup.ch\/wp-content\/uploads\/2023\/03\/MI_EinZeichenDerLiebe_2022_UK_DRUCK.pdf\" target=\"_blank\" rel=\"noopener\">ukrainien<\/a>, <\/span><a href=\"https:\/\/test4.mi-backup.ch\/wp-content\/uploads\/2017\/03\/Ein-Zeichen-der-Liebe_VIE.pdf\">vietnamien<\/a><\/p>\n<p>Souhaitez-vous l&#8217;afficher dans une autre langue? Merci de nous contacter.<\/p>\n","protected":false},"excerpt":{"rendered":"<p>Cette brochure (taille DIN A7) convient comme brochure d&#8217;accompagnement pour la M\u00e9daille Miraculeuse. Il explique en quelques mots l&#8217;origine et le sens de ce moyen de gr\u00e2ce. Nous avons \u00e9galement cette brochure dans les langues suivantes: fran\u00e7ais, afrikaans, allemand, anglais, arabe, chinois, croate, espagnol, grec, hongrois, indon\u00e9sien, italien, japonais, n\u00e9erlandais,<a class=\"more-link\" href=\"https:\/\/test4.mi-backup.ch\/fr\/shop\/tracte\/flyer-zur-wundertaetigen-medaille\/\">Lire la suite &rarr;<\/a><\/p>\n","protected":false},"featured_media":21557,"template":"","meta":[],"product_cat":[329,294],"product_tag":[],"_links":{"self":[{"href":"https:\/\/test4.mi-backup.ch\/fr\/wp-json\/wp\/v2\/product\/3787"}],"collection":[{"href":"https:\/\/test4.mi-backup.ch\/fr\/wp-json\/wp\/v2\/product"}],"about":[{"href":"https:\/\/test4.mi-backup.ch\/fr\/wp-json\/wp\/v2\/types\/product"}],"wp:featuredmedia":[{"embeddable":true,"href":"https:\/\/test4.mi-backup.ch\/fr\/wp-json\/wp\/v2\/media\/21557"}],"wp:attachment":[{"href":"https:\/\/test4.mi-backup.ch\/fr\/wp-json\/wp\/v2\/media?parent=3787"}],"wp:term":[{"taxonomy":"product_cat","embeddable":true,"href":"https:\/\/test4.mi-backup.ch\/fr\/wp-json\/wp\/v2\/product_cat?post=3787"},{"taxonomy":"product_tag","embeddable":true,"href":"https:\/\/test4.mi-backup.ch\/fr\/wp-json\/wp\/v2\/product_tag?post=3787"}],"curies":[{"name":"wp","href":"https:\/\/api.w.org\/{rel}","templated":true}]}}