{"id":5203,"date":"2017-03-05T23:18:21","date_gmt":"2017-03-05T22:18:21","guid":{"rendered":"https:\/\/test4.mi-backup.ch\/produkt\/wundertaetige-medaillen-silber\/"},"modified":"2022-02-20T21:46:35","modified_gmt":"2022-02-20T20:46:35","slug":"wundertaetige-medaillen-silber","status":"publish","type":"product","link":"https:\/\/test4.mi-backup.ch\/fr\/shop\/medaille-miraculeuse\/wundertaetige-medaillen-silber\/","title":{"rendered":"La M\u00e9daille Miraculeuse"},"content":{"rendered":"<p><em><strong><span lang=\"fr\">Nous envoyons les m\u00e9dailles b\u00e9nies et en don gratuit! Les m\u00e9dailles ne peuvent pas \u00eatre revendues!<\/span><\/strong><\/em><\/p>\n<p><span lang=\"fr\">Inscription: Latin<\/span><\/p>\n<p><span lang=\"fr\">Mat\u00e9riel: Zamak<\/span><\/p>\n<p><span lang=\"fr\">Couleur: Argent \/ Or<\/span><\/p>\n<p><span lang=\"fr\">Taille<\/span>: 19 mm<\/p>\n<p>Made in Italy<\/p>\n","protected":false},"excerpt":{"rendered":"<p>Nous envoyons les m\u00e9dailles b\u00e9nies et en don gratuit! Les m\u00e9dailles ne peuvent pas \u00eatre revendues! Inscription: Latin Mat\u00e9riel: Zamak Couleur: Argent \/ Or Taille: 19 mm Made in Italy<a class=\"more-link\" href=\"https:\/\/test4.mi-backup.ch\/fr\/shop\/medaille-miraculeuse\/wundertaetige-medaillen-silber\/\">Lire la suite &rarr;<\/a><\/p>\n","protected":false},"featured_media":29994,"template":"","meta":[],"product_cat":[329],"product_tag":[],"_links":{"self":[{"href":"https:\/\/test4.mi-backup.ch\/fr\/wp-json\/wp\/v2\/product\/5203"}],"collection":[{"href":"https:\/\/test4.mi-backup.ch\/fr\/wp-json\/wp\/v2\/product"}],"about":[{"href":"https:\/\/test4.mi-backup.ch\/fr\/wp-json\/wp\/v2\/types\/product"}],"wp:featuredmedia":[{"embeddable":true,"href":"https:\/\/test4.mi-backup.ch\/fr\/wp-json\/wp\/v2\/media\/29994"}],"wp:attachment":[{"href":"https:\/\/test4.mi-backup.ch\/fr\/wp-json\/wp\/v2\/media?parent=5203"}],"wp:term":[{"taxonomy":"product_cat","embeddable":true,"href":"https:\/\/test4.mi-backup.ch\/fr\/wp-json\/wp\/v2\/product_cat?post=5203"},{"taxonomy":"product_tag","embeddable":true,"href":"https:\/\/test4.mi-backup.ch\/fr\/wp-json\/wp\/v2\/product_tag?post=5203"}],"curies":[{"name":"wp","href":"https:\/\/api.w.org\/{rel}","templated":true}]}}