{"id":5237,"date":"2017-03-05T23:21:22","date_gmt":"2017-03-05T22:21:22","guid":{"rendered":"https:\/\/test4.mi-backup.ch\/shop\/allgemein\/apostolatssets\/"},"modified":"2023-03-01T22:00:16","modified_gmt":"2023-03-01T21:00:16","slug":"apostolatssets","status":"publish","type":"product","link":"https:\/\/test4.mi-backup.ch\/fr\/shop\/medaille-miraculeuse\/apostolatssets\/","title":{"rendered":"Cas pour l&#8217;Apostolat"},"content":{"rendered":"<p><span lang=\"fr\">Ce set de l&#8217;apostolat pratique vous permet d&#8217;avoir toujours aller quelques m\u00e9dailles avec vous. La trousse plastique refermable comprend dix m\u00e9dailles et des brochures. Les m\u00e9dailles sont b\u00e9nies.<\/span><\/p>\n","protected":false},"excerpt":{"rendered":"<p>Ce set de l&#8217;apostolat pratique vous permet d&#8217;avoir toujours aller quelques m\u00e9dailles avec vous. La trousse plastique refermable comprend dix m\u00e9dailles et des brochures. Les m\u00e9dailles sont b\u00e9nies.<a class=\"more-link\" href=\"https:\/\/test4.mi-backup.ch\/fr\/shop\/medaille-miraculeuse\/apostolatssets\/\">Lire la suite &rarr;<\/a><\/p>\n","protected":false},"featured_media":5239,"template":"","meta":[],"product_cat":[329],"product_tag":[],"_links":{"self":[{"href":"https:\/\/test4.mi-backup.ch\/fr\/wp-json\/wp\/v2\/product\/5237"}],"collection":[{"href":"https:\/\/test4.mi-backup.ch\/fr\/wp-json\/wp\/v2\/product"}],"about":[{"href":"https:\/\/test4.mi-backup.ch\/fr\/wp-json\/wp\/v2\/types\/product"}],"wp:featuredmedia":[{"embeddable":true,"href":"https:\/\/test4.mi-backup.ch\/fr\/wp-json\/wp\/v2\/media\/5239"}],"wp:attachment":[{"href":"https:\/\/test4.mi-backup.ch\/fr\/wp-json\/wp\/v2\/media?parent=5237"}],"wp:term":[{"taxonomy":"product_cat","embeddable":true,"href":"https:\/\/test4.mi-backup.ch\/fr\/wp-json\/wp\/v2\/product_cat?post=5237"},{"taxonomy":"product_tag","embeddable":true,"href":"https:\/\/test4.mi-backup.ch\/fr\/wp-json\/wp\/v2\/product_tag?post=5237"}],"curies":[{"name":"wp","href":"https:\/\/api.w.org\/{rel}","templated":true}]}}