{"id":8557,"date":"2017-03-05T22:44:12","date_gmt":"2017-03-05T21:44:12","guid":{"rendered":"https:\/\/test4.mi-backup.ch\/shop\/non%20class\u00e9\/100-jahre-engelserscheinugen-1916-2016\/"},"modified":"2017-12-18T20:16:28","modified_gmt":"2017-12-18T19:16:28","slug":"100-jahre-engelserscheinugen-1916-2016","status":"publish","type":"product","link":"https:\/\/test4.mi-backup.ch\/fr\/shop\/tracte\/100-jahre-engelserscheinugen-1916-2016\/","title":{"rendered":"Tracte: Les prieres de l&#8217;ange"},"content":{"rendered":"<p>A l&#8217;occasion du 100\u00e8me anniversaire des apparitions de l&#8217;Ange de Fatima, nous avons fait une nouvelle brochure. Il contient les pri\u00e8res des anges et une explication de ces pr\u00e9cieuses pri\u00e8res r\u00e9v\u00e9l\u00e9es.<\/p>\n<p>La brochure a pour but de promouvoir la diffusion de ces pri\u00e8res et d&#8217;attirer l&#8217;attention sur le Jubil\u00e9.<\/p>\n<p>Cliquez ici pour <a href=\"https:\/\/test4.mi-backup.ch\/wp-content\/uploads\/2017\/03\/Engelsgebete_franz.pdf\" target=\"_blank\" rel=\"noopener\">le visionner en fran\u00e7ais<\/a>.<\/p>\n<p>Cliquez ici pour <a href=\"https:\/\/test4.mi-backup.ch\/wp-content\/uploads\/media\/Fatima_\/Flyer_2016-7.pdf\" target=\"_blank\" rel=\"noopener\">le visionner en allemand<\/a>.<\/p>\n","protected":false},"excerpt":{"rendered":"<p>A l&#8217;occasion du 100\u00e8me anniversaire des apparitions de l&#8217;Ange de Fatima, nous avons fait une nouvelle brochure. Il contient les pri\u00e8res des anges et une explication de ces pr\u00e9cieuses pri\u00e8res r\u00e9v\u00e9l\u00e9es. La brochure a pour but de promouvoir la diffusion de ces pri\u00e8res et d&#8217;attirer l&#8217;attention sur le Jubil\u00e9. Cliquez<a class=\"more-link\" href=\"https:\/\/test4.mi-backup.ch\/fr\/shop\/tracte\/100-jahre-engelserscheinugen-1916-2016\/\">Lire la suite &rarr;<\/a><\/p>\n","protected":false},"featured_media":8561,"template":"","meta":[],"product_cat":[412,294],"product_tag":[],"_links":{"self":[{"href":"https:\/\/test4.mi-backup.ch\/fr\/wp-json\/wp\/v2\/product\/8557"}],"collection":[{"href":"https:\/\/test4.mi-backup.ch\/fr\/wp-json\/wp\/v2\/product"}],"about":[{"href":"https:\/\/test4.mi-backup.ch\/fr\/wp-json\/wp\/v2\/types\/product"}],"wp:featuredmedia":[{"embeddable":true,"href":"https:\/\/test4.mi-backup.ch\/fr\/wp-json\/wp\/v2\/media\/8561"}],"wp:attachment":[{"href":"https:\/\/test4.mi-backup.ch\/fr\/wp-json\/wp\/v2\/media?parent=8557"}],"wp:term":[{"taxonomy":"product_cat","embeddable":true,"href":"https:\/\/test4.mi-backup.ch\/fr\/wp-json\/wp\/v2\/product_cat?post=8557"},{"taxonomy":"product_tag","embeddable":true,"href":"https:\/\/test4.mi-backup.ch\/fr\/wp-json\/wp\/v2\/product_tag?post=8557"}],"curies":[{"name":"wp","href":"https:\/\/api.w.org\/{rel}","templated":true}]}}