{"id":91565,"date":"2023-11-13T09:38:33","date_gmt":"2023-11-13T08:38:33","guid":{"rendered":"https:\/\/test4.mi-backup.ch\/?post_type=product&#038;p=91565"},"modified":"2023-11-13T09:38:33","modified_gmt":"2023-11-13T08:38:33","slug":"livret-de-consecration-a-limmaculee-pour-enfant","status":"publish","type":"product","link":"https:\/\/test4.mi-backup.ch\/fr\/shop\/livre\/livret-de-consecration-a-limmaculee-pour-enfant\/","title":{"rendered":"Livret de Cons\u00e9cration \u00e0 l&#8217;Immacul\u00e9e pour enfant"},"content":{"rendered":"<p><span class=\"OYPEnA text-decoration-none text-strikethrough-none\">La Cons\u00e9cration \u00e0 l\u2019Immacul\u00e9e : 13 jours de pr\u00e9paration selon le P\u00e8re Maximilien Kolbe <\/span><span class=\"OYPEnA text-decoration-none text-strikethrough-none\">pour les enfants &#8211; 30 pages<\/span><\/p>\n<div>\n<p>TITRE : La consecration \u00e0 l&#8217;Immaculee pour les enfants<\/p>\n<p>AUTEUR : Militia Immaculatae<\/p>\n<p>DESCRIPTION : C\u2019est aux enfants de 7 ans et plus que s\u2019adresse ce petit livret de pr\u00e9paration \u00e0 la cons\u00e9cration selon le P\u00e8re Maximilien Kolbe. Ils y trouveront tous les moyens concrets et pratiques pour faire de leur cons\u00e9cration une VIE. En 13 jours, se pr\u00e9parer \u00e0 se livrer dans les bras maternels de la Reine du Ciel pour devenir son instrument demande de la g\u00e9n\u00e9rosit\u00e9. A vous de jouer !<\/p>\n<p>CONTENU : Brochure de 30 pages Format poche 10.5 X 14.8 cm En couleur avec illustrations Couverture cartonn\u00e9e mate, souple Niveau de lecture : facile<\/p>\n<p>Les livres sont si pr\u00e9cieux pour les \u00e2mes que nous vous les envoyons gratuitement mais l&#8217;impression et l&#8217;envoi co\u00fbtent chers, alors, merci de faire un don \u00e0 hauteur de 5\u20ac<\/p>\n<\/div>\n","protected":false},"excerpt":{"rendered":"<p>La Cons\u00e9cration \u00e0 l\u2019Immacul\u00e9e : 13 jours de pr\u00e9paration selon le P\u00e8re Maximilien Kolbe pour les enfants &#8211; 30 pages TITRE : La consecration \u00e0 l&#8217;Immaculee pour les enfants AUTEUR : Militia Immaculatae DESCRIPTION : C\u2019est aux enfants de 7 ans et plus que s\u2019adresse ce petit livret de pr\u00e9paration<a class=\"more-link\" href=\"https:\/\/test4.mi-backup.ch\/fr\/shop\/livre\/livret-de-consecration-a-limmaculee-pour-enfant\/\">Lire la suite &rarr;<\/a><\/p>\n","protected":false},"featured_media":91582,"template":"","meta":[],"product_cat":[562],"product_tag":[],"_links":{"self":[{"href":"https:\/\/test4.mi-backup.ch\/fr\/wp-json\/wp\/v2\/product\/91565"}],"collection":[{"href":"https:\/\/test4.mi-backup.ch\/fr\/wp-json\/wp\/v2\/product"}],"about":[{"href":"https:\/\/test4.mi-backup.ch\/fr\/wp-json\/wp\/v2\/types\/product"}],"wp:featuredmedia":[{"embeddable":true,"href":"https:\/\/test4.mi-backup.ch\/fr\/wp-json\/wp\/v2\/media\/91582"}],"wp:attachment":[{"href":"https:\/\/test4.mi-backup.ch\/fr\/wp-json\/wp\/v2\/media?parent=91565"}],"wp:term":[{"taxonomy":"product_cat","embeddable":true,"href":"https:\/\/test4.mi-backup.ch\/fr\/wp-json\/wp\/v2\/product_cat?post=91565"},{"taxonomy":"product_tag","embeddable":true,"href":"https:\/\/test4.mi-backup.ch\/fr\/wp-json\/wp\/v2\/product_tag?post=91565"}],"curies":[{"name":"wp","href":"https:\/\/api.w.org\/{rel}","templated":true}]}}