{"id":2274,"date":"2017-02-10T20:38:35","date_gmt":"2017-02-10T19:38:35","guid":{"rendered":"https:\/\/m-i.info.smaragd.ch-meta.net\/?page_id=2274\/"},"modified":"2017-02-11T12:38:17","modified_gmt":"2017-02-11T11:38:17","slug":"maksimilijan-kolbe","status":"publish","type":"page","link":"https:\/\/test4.mi-backup.ch\/hr\/maksimilijan-kolbe\/","title":{"rendered":"Maksimilijan Kolbe"},"content":{"rendered":"<h1><strong>Maksimilijan Kolbe<\/strong><\/h1>\n<p>Otac Maksimilijan Kolbe, O.F.M., ro\u0111en je 7. sije\u010dnja 1894. godine u mjestu Zdunska-Wola blizu Lodza u Poljskoj. Njegovi jednostavni, pobo\u017eni roditelji krstili su ga imenom Raymond. Kada je imao deset godina, ukazala mu se Majka Bo\u017eja. Pokazala mu je dvije krune, jednu bijelu i drugu crvenu, i rekla: <em>,,Koju krunu \u017eeli\u0161? Bijela ozna\u010dava o\u010duvanje \u010disto\u0107e, a crvena \u2013 mu\u010deni\u0161tvo.\u201c<\/em> Raymond je odgovorio: <em>\u201cBiram obje!\u201d<\/em><\/p>\n<p>U malo franjeva\u010dko sjemeni\u0161te u\u0161ao je 1907. godine u gradu Lavovu. Privremene zavjete polo\u017eio je 1911. Poslan je na studij u Rim 1912. Tamo je na blagdan Svih Svetih godine 1914. polo\u017eio trajne zavjete te je 28. travnja 1918. zare\u0111en za sve\u0107enika. Otac Maksimilijan vratio se u Poljsku 1919. godine s doktoratima iz filozofije i teologije, ali ozbiljno bolestan od tuberkuloze. Lije\u010dnici su mu prognozirali jako malo preostalog vremena za \u017eivot. Za vrijeme svojeg dugog boravka u bolnici nekoliko se liberala obratilo preko njegovih predavanja i razgovora. Nakon \u0161to se donekle oporavio, s odu\u0161evljenjem se posvetio \u0161irenju Vojske Bezgrje\u0161ne, koju je utemeljio dok je jo\u0161 bio student u Rimu.<\/p>\n<p>Tiskao je prvo izdanje svojeg \u010dasopisa pod naslovom \u201eVitez Bezgrje\u0161ne\u201c godine 1922. Tro\u0161kove je pokrila zaklada u kojoj se prikupljao novac od po\u010detaka. Bio je smje\u0161ten u svojoj maloj tiskari u samostanu u Grodnom od 1922. do 1927. godine. Zbog gomile zvanja i \u0161irenja njegovog tiskarskog apostolata, napustio je Grodno i 1927. utemeljio Niepokalan\u00f3w, ,,Grad Bezgrje\u0161ne\u201d, u kojem je bio postavljen za poglavara do 1930.<\/p>\n<p>Slu\u017eio je kao misionar u Nagasakiju u Japanu od 1930. do 1935., predavaju\u0107i kao profesor filozofije na bogosloviji. Ondje je tako\u0111er utemeljio drugi \u201cGrad Bezgrje\u0161ne\u201d (Mugenzai no Sono), koji se razvio u jedan od velikih misionarskih centara u Japanu.<\/p>\n<p>Od 1936. godine do svoje smrti bio je gvardijan u Niepokalan\u00f3wu u Poljskoj, koji se pod njegovim vodstvom razvio u najve\u0107e upori\u0161te duhovnog \u017eivota i apostolata. Njegov apostolat u izdava\u0161tvu zapo\u010deo je 1922. godine s dva brata redovnika i tiskom od 5000 primjeraka malih novina. Pred Drugi svjetski rat, do 1939. godine, redovni\u010dku zajednicu \u010dinila su 762 franjevca, koji su tako\u0111er \u010dinili kadar ogromne izdava\u010dke ku\u0107e koja je izdavala dnevne novine, mjese\u010dni \u010dasopis, kalendar, knjige, itd. tiskane na raznim jezicima.<\/p>\n<p>,,Grad Bezgrje\u0161ne\u201d u ratu je uni\u0161ten do kraja. Mnoga su bra\u0107a nestala, neki od njih u koncentracijskim logorima. Otac Maksimilijan bio je uhi\u0107en 17. velja\u010de 1941. Za vrijeme istrage odreda SS-a bio je brutalno pretu\u010den. Kada je povratio svijest, tje\u0161io je svoje pratioce govore\u0107i:<em> ,,Moji prijatelji, morate se radovati sa mnom; to je za du\u0161e, za Bezgrje\u0161nu!<\/em><\/p>\n<p>U koncentracijski logor u Auschwitzu doveden je 29. svibnja. Tamo je pitao zapovjednika mo\u017ee li zamijeniti oca obitelji koji je bio osu\u0111en na smrt. Pre\u017eivio je jedanaest dana u bunkeru za izgladnjivanje i pripremao druge osu\u0111enike da u\u0111u u vje\u010dnost. Uo\u010di Uznesenja Bla\u017eene Djevice Marije, 14. Kolovoza, ubijen je smrtonosnom injekcijom. Progla\u0161en je bla\u017eenim 1971. i svetim 1984. godine.<\/p>\n<p>&nbsp;<\/p>\n","protected":false},"excerpt":{"rendered":"<p>Maksimilijan Kolbe Otac Maksimilijan Kolbe, O.F.M., ro\u0111en je 7. sije\u010dnja 1894. godine u mjestu Zdunska-Wola blizu Lodza u Poljskoj. Njegovi jednostavni, pobo\u017eni roditelji krstili su ga imenom Raymond. Kada je imao deset godina, ukazala mu se Majka Bo\u017eja. Pokazala mu je dvije krune, jednu bijelu i drugu crvenu, i rekla:<a class=\"more-link\" href=\"https:\/\/test4.mi-backup.ch\/hr\/maksimilijan-kolbe\/\">Pro\u010ditaj vi\u0161e &rarr;<\/a><\/p>\n","protected":false},"author":9,"featured_media":0,"parent":0,"menu_order":0,"comment_status":"closed","ping_status":"closed","template":"","meta":[],"_links":{"self":[{"href":"https:\/\/test4.mi-backup.ch\/hr\/wp-json\/wp\/v2\/pages\/2274"}],"collection":[{"href":"https:\/\/test4.mi-backup.ch\/hr\/wp-json\/wp\/v2\/pages"}],"about":[{"href":"https:\/\/test4.mi-backup.ch\/hr\/wp-json\/wp\/v2\/types\/page"}],"author":[{"embeddable":true,"href":"https:\/\/test4.mi-backup.ch\/hr\/wp-json\/wp\/v2\/users\/9"}],"replies":[{"embeddable":true,"href":"https:\/\/test4.mi-backup.ch\/hr\/wp-json\/wp\/v2\/comments?post=2274"}],"version-history":[{"count":2,"href":"https:\/\/test4.mi-backup.ch\/hr\/wp-json\/wp\/v2\/pages\/2274\/revisions"}],"predecessor-version":[{"id":2513,"href":"https:\/\/test4.mi-backup.ch\/hr\/wp-json\/wp\/v2\/pages\/2274\/revisions\/2513"}],"wp:attachment":[{"href":"https:\/\/test4.mi-backup.ch\/hr\/wp-json\/wp\/v2\/media?parent=2274"}],"curies":[{"name":"wp","href":"https:\/\/api.w.org\/{rel}","templated":true}]}}