{"id":2276,"date":"2017-02-10T20:39:43","date_gmt":"2017-02-10T19:39:43","guid":{"rendered":"https:\/\/m-i.info.smaragd.ch-meta.net\/?page_id=2276\/"},"modified":"2017-03-02T14:57:06","modified_gmt":"2017-03-02T13:57:06","slug":"vitezovi","status":"publish","type":"page","link":"https:\/\/test4.mi-backup.ch\/hr\/vitezovi\/","title":{"rendered":"Vitezovi"},"content":{"rendered":"<h1><strong>Vitezovi<\/strong><\/h1>\n<p>Maksimilijan Kolbe nije nazvao \u010dlanove MI ,,vitezovi\u201c zato \u0161to su oni od sebe tako posebno jaki, hrabri i izvrsni, nego \u0161to slu\u017ee jednoj tako uzvi\u0161enoj Kraljici, koja nije ni\u0161ta drugo, nego vitezov ideal; viteza koji je spremen predati se samozaboravu za svoj ideal, za svoju Kraljicu. Sv. Maksimilijan je ovako ocrtao taj ideal: ,,pro amore usque ad victimam\u201c \u2013 za ljubav sve do \u017ertve, odnosno do predanja samog \u017eivota.<\/p>\n<p>Budu\u0107i da se radi o duhovnoj borbi, na to vite\u0161tvo pozvani su podjednako \u017eene i mu\u0161karci.<\/p>\n<p>Vitezov ideal glasi:<\/p>\n<ul>\n<li>,,Vitez je pro\u017eet jednim visokim idealom. Ne zadovoljava se s polovi\u010dno\u0161\u0107u, prosje\u010dno\u0161\u0107u; on \u017eeli sve! Za njega je cijeli svijet premalen.\u201c (sv. Maksimilijan)<\/li>\n<li>Nakon \u0161to je upoznao i uzljubio Bezgrje\u0161nu, spoznao je svoje poslanje: zalo\u017eiti se za nju, postati njezino oru\u0111e, dopustiti joj da ga vodi. Tu volju izra\u017eava on kroz posvetu Bezgrje\u0161noj. Ipak, ne zadovoljava se s posvetom, ,,nego se trudi, koliko mo\u017ee, da bi za nju osvojio i srca drugih, da bi joj se i ta srca posvetila\u201c (sv. Maksimilijan). On sa sv. Maksimilijanom ka\u017ee: ,,\u017divim samo za du\u0161e, to je moja zada\u0107a!\u201c.<\/li>\n<li>Marija vodi viteza Kristu i zato je njegova misao vodilja: cijeli svijet za Krista po Bezgrje\u0161noj! On te\u017ei za tim da Krist ponovno bude priznat u dru\u0161tvu, u svijesti ,,da nema nikakvog drugog sredstva (protiv zala dana\u0161njeg vremena) da bi se ponovno uspostavila suverenost na\u0161eg Gospodina\u201c (sv. Pio X.).<\/li>\n<li>Vitez se ne daje obeshrabriti svojom slabo\u0161\u0107u, kao ni velikom mo\u0107i protivnika. ,,Postoje dva puta: vlastita snaga i Bo\u017eja snaga. Sve ovisi o tome kojim putem idemo. Ako je uzrok nikakav (izgra\u0111ivanje na vlastitim snagama), tada \u0107e i u\u010dinak biti nikakav. Ho\u0107emo li dakle graditi na samima sebi ili na Bogu?\u201c (sv. Maksimilijan). Tako on izaziva s Davidom Golijata ovoga svijeta: ,,Ti ide\u0161 na me s ma\u010dem, s kopljem i sa sulicom. A ja idem na te u ime Gospoda nad vojskama, Boga vojske Izraelove, koju si ti pogrdio.\u201c (1 Sam 17,45). On dakle stavlja svoje pouzdanje ne u sredstva i mudrost ovoga svijeta, nego samo u Boga. Poput Davida slu\u017ei se u toj borbi odre\u0111enim sredstvima, koja su u o\u010dima svijeta ludost. Pouzdaje se u ,,oru\u017eje\u201c koje mu je dala njegova Gospodarica, posebno na \u010cudotvornu medaljicu i Krunicu \u2013 ,,Davidovu pra\u0107ku\u201c (Pio XII.) i ,,posljednje spasenjsko sredstvo\u201c (Gospa Fatimska).<\/li>\n<\/ul>\n<p>Na\u0161 za\u0161titnik ovako sa\u017eima taj ideal: ,,Promatrajmo danas sliku pravog viteza Bezgrje\u0161ne. On ve\u017ee svoje srce ne uz samoga sebe, ni uz svoju obitelj, ni uz svoje bliske ro\u0111ake, prijatelje, zemljake, nego u nj uvijek uzima cijeli svijet, svaku i pojedinu osobu, jer su svi bez iznimke otkupljeni Krvlju Isusa Krista, svi \u2013 na\u0161a bra\u0107a. On svim \u017eeli pravu sre\u0107u, prosvjetljenje svjetlom vjere, o\u010di\u0161\u0107enje od grijeha i srce koje gori ljubavlju prema Bogu, ljubavlju bez granica. Sre\u0107a cijelog \u010dovje\u010danstva u Bogu kroz Bezgrje\u0161nu \u2013 to je njegov san. Vitez Bezgrje\u0161ne je borac za osvajanje sviju srdaca za nju! \u2013 On svima ispru\u017ea ruku ljubavi, za sve moli, za sve trpi.\u201c (sv. Maksimilijan Kolbe)<\/p>\n<p>Ako Vam ovaj ideal odgovara, na donjim poveznicama prona\u0107i \u0107ete informacije o primanju u MI i vite\u0161tvu Bezgrje\u0161ne.<\/p>\n<p>Ako ste primanje u MI ve\u0107 u\u010dinili, ali Vam je ovaj ideal s vremenom malo pao u zaborav, na daljnjim poveznicama prona\u0107i \u0107ete vrijednu pomo\u0107, kako ga ponovno o\u017eivjeti: priklju\u010dite se mo\u017eda jednoj MI-skupini, \u010ditajte na\u0161 newsletter ili se na njega pretplatite, da biste primali redovite poticaje.<\/p>\n<p>Za sva pitanja stojimo Vam rado na raspolaganju: <a href=\"https:\/\/test4.mi-backup.ch\/hr\/kontakt\/\">kontakt<\/a>.<\/p>\n","protected":false},"excerpt":{"rendered":"<p>Vitezovi Maksimilijan Kolbe nije nazvao \u010dlanove MI ,,vitezovi\u201c zato \u0161to su oni od sebe tako posebno jaki, hrabri i izvrsni, nego \u0161to slu\u017ee jednoj tako uzvi\u0161enoj Kraljici, koja nije ni\u0161ta drugo, nego vitezov ideal; viteza koji je spremen predati se samozaboravu za svoj ideal, za svoju Kraljicu. Sv. Maksimilijan je<a class=\"more-link\" href=\"https:\/\/test4.mi-backup.ch\/hr\/vitezovi\/\">Pro\u010ditaj vi\u0161e &rarr;<\/a><\/p>\n","protected":false},"author":9,"featured_media":0,"parent":0,"menu_order":0,"comment_status":"closed","ping_status":"closed","template":"","meta":[],"_links":{"self":[{"href":"https:\/\/test4.mi-backup.ch\/hr\/wp-json\/wp\/v2\/pages\/2276"}],"collection":[{"href":"https:\/\/test4.mi-backup.ch\/hr\/wp-json\/wp\/v2\/pages"}],"about":[{"href":"https:\/\/test4.mi-backup.ch\/hr\/wp-json\/wp\/v2\/types\/page"}],"author":[{"embeddable":true,"href":"https:\/\/test4.mi-backup.ch\/hr\/wp-json\/wp\/v2\/users\/9"}],"replies":[{"embeddable":true,"href":"https:\/\/test4.mi-backup.ch\/hr\/wp-json\/wp\/v2\/comments?post=2276"}],"version-history":[{"count":4,"href":"https:\/\/test4.mi-backup.ch\/hr\/wp-json\/wp\/v2\/pages\/2276\/revisions"}],"predecessor-version":[{"id":3667,"href":"https:\/\/test4.mi-backup.ch\/hr\/wp-json\/wp\/v2\/pages\/2276\/revisions\/3667"}],"wp:attachment":[{"href":"https:\/\/test4.mi-backup.ch\/hr\/wp-json\/wp\/v2\/media?parent=2276"}],"curies":[{"name":"wp","href":"https:\/\/api.w.org\/{rel}","templated":true}]}}