{"id":2327,"date":"2017-02-10T21:43:40","date_gmt":"2017-02-10T20:43:40","guid":{"rendered":"https:\/\/m-i.info.smaragd.ch-meta.net\/?page_id=2327\/"},"modified":"2021-01-07T21:50:39","modified_gmt":"2021-01-07T20:50:39","slug":"donations","status":"publish","type":"page","link":"https:\/\/test4.mi-backup.ch\/hr\/donations\/","title":{"rendered":"Donacije"},"content":{"rendered":"<h1><\/h1>\n<p>Svoju donaciju za apostolat Vojske Bezgrje\u0161ne mo\u017eete u\u010diniti uplatom na sljede\u0107i ra\u010dun:<\/p>\n<p>Udruga sv. Josipa<br \/>\nVatroslava Lisinskog 1<br \/>\n10370 Dugo Selo<br \/>\nHrvatska<\/p>\n<p class=\"western\"><span style=\"font-size: medium;\">IBAN: <b>HR 14239 000 111 011 43716<\/b><b><br \/>\n<\/b><br \/>\n<\/span><span style=\"font-size: medium;\">SWIFT (BIC):\u00a0 HPBZHR2X<br \/>\n<\/span><\/p>\n<p class=\"western\"><strong>Zahvaljujemo na svakom skromnom prilogu za \u0161irenje Kraljevstva Bezgrje\u0161ne!<\/strong><\/p>\n<p>&nbsp;<\/p>\n","protected":false},"excerpt":{"rendered":"<p>Svoju donaciju za apostolat Vojske Bezgrje\u0161ne mo\u017eete u\u010diniti uplatom na sljede\u0107i ra\u010dun: Udruga sv. Josipa Vatroslava Lisinskog 1 10370 Dugo Selo Hrvatska IBAN: HR 14239 000 111 011 43716 SWIFT (BIC):\u00a0 HPBZHR2X Zahvaljujemo na svakom skromnom prilogu za \u0161irenje Kraljevstva Bezgrje\u0161ne! &nbsp;<a class=\"more-link\" href=\"https:\/\/test4.mi-backup.ch\/hr\/donations\/\">Pro\u010ditaj vi\u0161e &rarr;<\/a><\/p>\n","protected":false},"author":9,"featured_media":0,"parent":0,"menu_order":0,"comment_status":"closed","ping_status":"closed","template":"","meta":[],"_links":{"self":[{"href":"https:\/\/test4.mi-backup.ch\/hr\/wp-json\/wp\/v2\/pages\/2327"}],"collection":[{"href":"https:\/\/test4.mi-backup.ch\/hr\/wp-json\/wp\/v2\/pages"}],"about":[{"href":"https:\/\/test4.mi-backup.ch\/hr\/wp-json\/wp\/v2\/types\/page"}],"author":[{"embeddable":true,"href":"https:\/\/test4.mi-backup.ch\/hr\/wp-json\/wp\/v2\/users\/9"}],"replies":[{"embeddable":true,"href":"https:\/\/test4.mi-backup.ch\/hr\/wp-json\/wp\/v2\/comments?post=2327"}],"version-history":[{"count":6,"href":"https:\/\/test4.mi-backup.ch\/hr\/wp-json\/wp\/v2\/pages\/2327\/revisions"}],"predecessor-version":[{"id":33844,"href":"https:\/\/test4.mi-backup.ch\/hr\/wp-json\/wp\/v2\/pages\/2327\/revisions\/33844"}],"wp:attachment":[{"href":"https:\/\/test4.mi-backup.ch\/hr\/wp-json\/wp\/v2\/media?parent=2327"}],"curies":[{"name":"wp","href":"https:\/\/api.w.org\/{rel}","templated":true}]}}