{"id":2515,"date":"2017-02-11T12:40:20","date_gmt":"2017-02-11T11:40:20","guid":{"rendered":"https:\/\/test4.mi-backup.ch\/?page_id=2515\/"},"modified":"2017-03-02T09:48:32","modified_gmt":"2017-03-02T08:48:32","slug":"oprosti-dodijeljeni","status":"publish","type":"page","link":"https:\/\/test4.mi-backup.ch\/hr\/oprosti-dodijeljeni\/","title":{"rendered":"Oprosti dodijeljeni Vojsci Bezgrje\u0161ne"},"content":{"rendered":"<h1>Oprosti dodijeljeni Vojsci Bezgrje\u0161ne<\/h1>\n<p>Prema Breveu pape Pija XI. od 18. prosinca 1926. godine \u010dlanovi Vojske Bezgrje\u0161ne mogu zadobiti potpuni oprost na sljede\u0107e dane:<\/p>\n<ul>\n<li>na dan njihovog primanja u Vojsku Bezgrje\u0161ne<\/li>\n<li>na godi\u0161njicu utemeljenja Vojske Bezgrje\u0161ne (16. listopada)<\/li>\n<li>na blagdan Bezgrje\u0161nog Za\u010de\u0107a (8. prosinca)<\/li>\n<li>na blagdan Navje\u0161tenja (25. o\u017eujka)<\/li>\n<li>na blagdan Gospe Lurdske (11. velja\u010de)<\/li>\n<li>na godi\u0161njicu prvog ukazanja Gospe Fatske\u00a0(13. svibnja)<\/li>\n<li>na blagdan sv. Franje Asi\u0161kog (4. listopada)<\/li>\n<li>na blagdan Gospe od \u010dudotvorne medaljice (27. studenog)<\/li>\n<\/ul>\n<p>Osim uobi\u010dajenih uvjeta za zadobivanje potpunog oprosta (sakramentalna Ispovijed unutar 8 dana prije ili poslije, primanje svete Pri\u010desti, molitva na nakanu Svetog Oca, sloboda od navezanosti na bilo kakav grijeh), osoba mora obnoviti svoja obe\u0107anja statutima Vojske Bezgrje\u0161ne i vjerno ih se dr\u017eati.<\/p>\n","protected":false},"excerpt":{"rendered":"<p>Oprosti dodijeljeni Vojsci Bezgrje\u0161ne Prema Breveu pape Pija XI. od 18. prosinca 1926. godine \u010dlanovi Vojske Bezgrje\u0161ne mogu zadobiti potpuni oprost na sljede\u0107e dane: na dan njihovog primanja u Vojsku Bezgrje\u0161ne na godi\u0161njicu utemeljenja Vojske Bezgrje\u0161ne (16. listopada) na blagdan Bezgrje\u0161nog Za\u010de\u0107a (8. prosinca) na blagdan Navje\u0161tenja (25. o\u017eujka) na<a class=\"more-link\" href=\"https:\/\/test4.mi-backup.ch\/hr\/oprosti-dodijeljeni\/\">Pro\u010ditaj vi\u0161e &rarr;<\/a><\/p>\n","protected":false},"author":9,"featured_media":0,"parent":0,"menu_order":0,"comment_status":"closed","ping_status":"closed","template":"","meta":[],"_links":{"self":[{"href":"https:\/\/test4.mi-backup.ch\/hr\/wp-json\/wp\/v2\/pages\/2515"}],"collection":[{"href":"https:\/\/test4.mi-backup.ch\/hr\/wp-json\/wp\/v2\/pages"}],"about":[{"href":"https:\/\/test4.mi-backup.ch\/hr\/wp-json\/wp\/v2\/types\/page"}],"author":[{"embeddable":true,"href":"https:\/\/test4.mi-backup.ch\/hr\/wp-json\/wp\/v2\/users\/9"}],"replies":[{"embeddable":true,"href":"https:\/\/test4.mi-backup.ch\/hr\/wp-json\/wp\/v2\/comments?post=2515"}],"version-history":[{"count":2,"href":"https:\/\/test4.mi-backup.ch\/hr\/wp-json\/wp\/v2\/pages\/2515\/revisions"}],"predecessor-version":[{"id":3643,"href":"https:\/\/test4.mi-backup.ch\/hr\/wp-json\/wp\/v2\/pages\/2515\/revisions\/3643"}],"wp:attachment":[{"href":"https:\/\/test4.mi-backup.ch\/hr\/wp-json\/wp\/v2\/media?parent=2515"}],"curies":[{"name":"wp","href":"https:\/\/api.w.org\/{rel}","templated":true}]}}