{"id":2517,"date":"2017-02-11T12:43:45","date_gmt":"2017-02-11T11:43:45","guid":{"rendered":"https:\/\/test4.mi-backup.ch\/?page_id=2517\/"},"modified":"2017-03-03T16:41:51","modified_gmt":"2017-03-03T15:41:51","slug":"znak-ljubavi","status":"publish","type":"page","link":"https:\/\/test4.mi-backup.ch\/hr\/znak-ljubavi\/","title":{"rendered":"Znak ljubavi"},"content":{"rendered":"<h1><strong>Znak ljubavi<\/strong><\/h1>\n<blockquote><p><img loading=\"lazy\" class=\" alignright\" src=\"https:\/\/test4.mi-backup.ch\/wp-content\/uploads\/media\/Medal.jpg\" width=\"270\" height=\"187\" \/>\u201eSvi koji budu nosili ovu medaljicu, primit \u0107e velike milosti. Neizmjerne \u0107e biti milosti za one koji je budu nosili s pouzdanjem.&#8221;<\/p><\/blockquote>\n<p>\u010cudotvorna medaljica je blagoslovina koju je priznala Katoli\u010dka Crkva, vanjski znak s unutarnjim djelovanjem. Blagoslovine ne djeluju same po sebi, nego po pro\u0161nji Crkve i po pobo\u017enoj uporabi vjernika. Stoga medalju prije uporabe blagoslovi sve\u0107enik. Na nju se zazove Bo\u017eji blagoslov.<\/p>\n<p>Medaljica je znak ljubavi na\u0161e nebeske Majke prema svojoj djeci. Ako medaljicu nosimo kao znak za to da smo djeca Marijina i u pouzdanju da nam Marija po ovoj medaljici daje svoju za\u0161titu i blagoslov, onda medaljica postaje znakom na\u0161e ljubavi prema Mariji.<\/p>\n<h3>Podrijetlo medaljice<\/h3>\n<div style=\"width: 270px; float: right;\">\n<p><img loading=\"lazy\" class=\"alignright\" src=\"https:\/\/test4.mi-backup.ch\/wp-content\/uploads\/media\/erscheinung2_sephia.jpg\" alt=\"\" width=\"250\" height=\"363\" align=\"top\" border=\"1\" hspace=\"5\" vspace=\"5\" \/><img loading=\"lazy\" class=\"alignright\" src=\"https:\/\/test4.mi-backup.ch\/wp-content\/uploads\/media\/Erscheinung_sephia.jpg\" alt=\"\" width=\"250\" height=\"365\" align=\"top\" border=\"1\" hspace=\"5\" vspace=\"5\" \/><\/p>\n<p><img loading=\"lazy\" class=\"alignright\" src=\"https:\/\/test4.mi-backup.ch\/wp-content\/uploads\/media\/CatherineLabour1.jpg\" alt=\"\" width=\"250\" height=\"178\" align=\"top\" border=\"1\" hspace=\"5\" vspace=\"5\" \/><\/p>\n<p><img loading=\"lazy\" class=\"alignright\" src=\"https:\/\/test4.mi-backup.ch\/wp-content\/uploads\/media\/d-1_merci.jpg\" alt=\"\" width=\"250\" height=\"170\" align=\"top\" border=\"1\" hspace=\"5\" vspace=\"5\" \/><\/p>\n<\/div>\n<p>Dana 27. studenog 1830. ukazala se Presveta Djevica Marija u mati\u010dnoj ku\u0107i sestara Milosrdnica u Parizu novakinji Katarini Labour\u00e9. Pod nogom Bla\u017eene Djevice, koja je stajala na kugli zemaljskoj, motala se zmija. Time se o\u010dito upu\u0107uje na Prvu knjigu Biblije, knjigu Postanka (3,15) gdje Bog govori sotonskoj zmiji:<\/p>\n<p><em>\u201eNeprijateljstvo ja zame\u0107em izme\u0111u tebe i \u017eene, izme\u0111u roda tvojega i roda njezina: ona \u0107e ti glavu satirati.\u201c<\/em><\/p>\n<p>Na prstima je Majka Bo\u017eja nosila prekrasno prstenje, ukra\u0161eno draguljima koji su se sjali tako blistavim svjetlom da je cijeli lik Bla\u017eene Djevice bio uronjen u svjetlost. Rekla je:\u00a0\u201eZrake svjetla zna\u010de milosti koje izlijevam na one koji me za to mole.\u201c<\/p>\n<p>Potom se oko lika Bla\u017eene Djevice stvorio ovalni okvir na kojemu su zlatnim slovima bile ispisane rije\u010di:<\/p>\n<p><em>\u201eO Marijo, bez grijeha za\u010deta, moli za nas koji se tebi utje\u010demo.\u201c<\/em><\/p>\n<p>Istodobno je sestra za\u010dula glas koji joj je rekao:\u00a0\u201eDaj napraviti medaljicu po ovom uzoru! Svi koju je budu nosili, primit \u0107e mnoge i velike milosti. Neizmjerne \u0107e biti milosti za one koji budu nosili s pouzdanjem.\u201d<\/p>\n<p>Onda je sestra vidjela kako bi trebala izgledati pole\u0111ina medaljice:<\/p>\n<p>Slovo\u00a0M\u00a0(za Marija). U slovo\u00a0M\u00a0usa\u0111en kri\u017e. Ispod slova dva srca: Srce Isusovo i Marijino: jedno ovijeno trnovim vijencem, a drugo probodeno ma\u010dem.\u00a0Sve okru\u017euje dvanaest zvijezda (vidi Otkrivenje 12,1). Tijekom jednog drugog ukazanja Majka Bo\u017eja joj je ponovno nalo\u017eila da dade napraviti medaljicu.<\/p>\n<p>Sestra Katarina je do svoje smrti 1876. \u017eivjela u samostanu i slu\u017eila potrebite i bolesne. Njezino tijelo se mo\u017ee i danas ondje vidjeti neraspadnuto, a Crkva ju je 1947. proglasila svetom. Osim po svojoj djetinjoj ljubavi prema Mariji sveta se Katarina osobito odlikovala\u00a0ponizno\u0161\u0107u. Tijekom cijelog \u017eivota nije ni s kim, osim sa svojom redovni\u010dkim poglavarima, razgovarala o ukazanjima.<\/p>\n<h3>\u201e\u010cudotvorna\u201c<\/h3>\n<p>Medaljica je brzo osvojila srca vjernik\u0101 i puk joj je dao naziv \u201e\u010cudotvorna\u201c jer je po njoj od samog po\u010detka bilo mnogo \u010dudesa. Mnoga o\u010dita obra\u0107enja i ozdravljenja silno su pridonijela \u0161irenju medaljice. Do smrti svete Katarine ve\u0107 je bilo napravljeno preko milijardu medaljica. Marija je odr\u017eala svoje obe\u0107anje. Bez broja su milosti koje je podijelila po medaljici svojeg Bezgrje\u0161nog Za\u010de\u0107a. Obra\u0107enja grje\u0161nik\u0101, \u010dudesna ozdravljenja od bolesti svake vrste, pomo\u0107 u velikim pote\u0161ko\u0107ama i tjeskobama, spa\u0161avanje iz smrtnih pogibelji.<\/p>\n<p>\u010cudotvorna medaljica je dar maj\u010dinskog Marijinog Srca. Tako se ljubav i mo\u0107 njezinog Bezgrje\u0161nog Srca trebala na osobit na\u010din objaviti cijelom svijetu, na spasenje mnogih ljudi.<\/p>\n<p>Stoga, i Vi poslu\u0161ajte rije\u010di Majke Bo\u017eje! Nosite medaljicu sa strahopo\u0161tovanjem i pouzdanjem i \u0161irite medaljicu gdje god mo\u017eete!<\/p>\n<p>Molite \u010desto molitvu koja stoji na medaljici:<\/p>\n<blockquote><p>\u201eO Marijo, bez grijeha za\u010deta, moli za nas koji se tebi utje\u010demo.\u201c<\/p><\/blockquote>\n","protected":false},"excerpt":{"rendered":"<p>Znak ljubavi \u201eSvi koji budu nosili ovu medaljicu, primit \u0107e velike milosti. Neizmjerne \u0107e biti milosti za one koji je budu nosili s pouzdanjem.&#8221; \u010cudotvorna medaljica je blagoslovina koju je priznala Katoli\u010dka Crkva, vanjski znak s unutarnjim djelovanjem. Blagoslovine ne djeluju same po sebi, nego po pro\u0161nji Crkve i po<a class=\"more-link\" href=\"https:\/\/test4.mi-backup.ch\/hr\/znak-ljubavi\/\">Pro\u010ditaj vi\u0161e &rarr;<\/a><\/p>\n","protected":false},"author":9,"featured_media":84595,"parent":0,"menu_order":0,"comment_status":"closed","ping_status":"closed","template":"","meta":[],"_links":{"self":[{"href":"https:\/\/test4.mi-backup.ch\/hr\/wp-json\/wp\/v2\/pages\/2517"}],"collection":[{"href":"https:\/\/test4.mi-backup.ch\/hr\/wp-json\/wp\/v2\/pages"}],"about":[{"href":"https:\/\/test4.mi-backup.ch\/hr\/wp-json\/wp\/v2\/types\/page"}],"author":[{"embeddable":true,"href":"https:\/\/test4.mi-backup.ch\/hr\/wp-json\/wp\/v2\/users\/9"}],"replies":[{"embeddable":true,"href":"https:\/\/test4.mi-backup.ch\/hr\/wp-json\/wp\/v2\/comments?post=2517"}],"version-history":[{"count":4,"href":"https:\/\/test4.mi-backup.ch\/hr\/wp-json\/wp\/v2\/pages\/2517\/revisions"}],"predecessor-version":[{"id":3694,"href":"https:\/\/test4.mi-backup.ch\/hr\/wp-json\/wp\/v2\/pages\/2517\/revisions\/3694"}],"wp:featuredmedia":[{"embeddable":true,"href":"https:\/\/test4.mi-backup.ch\/hr\/wp-json\/wp\/v2\/media\/84595"}],"wp:attachment":[{"href":"https:\/\/test4.mi-backup.ch\/hr\/wp-json\/wp\/v2\/media?parent=2517"}],"curies":[{"name":"wp","href":"https:\/\/api.w.org\/{rel}","templated":true}]}}