{"id":2519,"date":"2017-02-11T12:51:26","date_gmt":"2017-02-11T11:51:26","guid":{"rendered":"https:\/\/test4.mi-backup.ch\/?page_id=2519\/"},"modified":"2017-05-17T18:36:50","modified_gmt":"2017-05-17T16:36:50","slug":"primanje-u-mi","status":"publish","type":"page","link":"https:\/\/test4.mi-backup.ch\/hr\/primanje-u-mi\/","title":{"rendered":"Primanje u MI"},"content":{"rendered":"<h1>Primanje u MI<\/h1>\n<p>Statut za \u010dlanove MI mo\u017eete prona\u0107i <a href=\"https:\/\/test4.mi-backup.ch\/en\/enmilitia-immaculatae\/\"><strong>ovdje<\/strong><\/a>.<\/p>\n<p>Obred primanja u Vojsku Bezgre\u0161ne<\/p>\n<ol>\n<li><strong>Himan ,,Veni Creator\u201c<\/strong> (,,O do\u0111i, Stvor\u010de, Du\u0161e svet\u201c)<\/li>\n<li><strong>,,Ave Maris Stella\u201c <\/strong>(,,Zdravo, Zvijezdo mora\u201c)<\/li>\n<li><strong>Sve\u0107enikov nagovor<\/strong><\/li>\n<li><strong>Obnova krsnih zavjeta<\/strong> (po \u017eelji):<\/li>\n<\/ol>\n<p style=\"padding-left: 30px;\">Sve\u0107enik: Na dan na\u0161eg kr\u0161tenja odrekli smo se Sotone, njegovih djela i svijeta. Obe\u0107ali smo Bogu da \u0107emo mu vjerno slu\u017eiti u Njegovoj svetoj Katoli\u010dkoj Crkvi. Sad \u0107emo obnoviti te svete krsne zavjete. Zato vas pitam: Odri\u010dete li se Sotone?<\/p>\n<p style=\"padding-left: 30px;\">O: Odri\u010demo.<\/p>\n<p style=\"padding-left: 30px;\">Sve\u0107enik: I svih njegovih djela?<\/p>\n<p style=\"padding-left: 30px;\">O: Odri\u010demo.<\/p>\n<p style=\"padding-left: 30px;\">Sve\u0107enik: I svog njegovog sjaja?<\/p>\n<p style=\"padding-left: 30px;\">O: Odri\u010demo.<\/p>\n<p style=\"padding-left: 30px;\">Sve\u0107enik: Vjerujete li u Boga Oca Svemogu\u0107ega, Stvoritelja neba i zemlje?<\/p>\n<p style=\"padding-left: 30px;\">O: Vjerujemo.<\/p>\n<p style=\"padding-left: 30px;\">Sve\u0107nik: Vjerujete li u Isusa Krista, Sina Njegova jedinoro\u0111enog, Gospodina na\u0161ega, koji je ro\u0111en od Marije Djevice, mu\u010den, umro i pokopan?<\/p>\n<p style=\"padding-left: 30px;\">O: Vjerujemo.<\/p>\n<p style=\"padding-left: 30px;\">Sve\u0107enik: Vjerujete li u Duha Svetoga, svetu Crkvu Katoli\u010dku, op\u0107instvo svetih, opro\u0161tenje grijeha, uskrsnu\u0107e tijela i \u017eivot vje\u010dni?<\/p>\n<p style=\"padding-left: 30px;\">O: Vjerujemo.<\/p>\n<p style=\"padding-left: 30px;\">Sve\u0107enik: Pomolimo se zato Bogu Ocu rije\u010dima koje nas je nau\u010dio na\u0161 Gospodin Isus Krist: O\u010de na\u0161&#8230;<\/p>\n<p>&nbsp;<\/p>\n<ol start=\"5\">\n<li><strong>Blagoslov<\/strong> i postavljanje \u010dudotvorne medaljice (iz Rimskog obrednika):<\/li>\n<\/ol>\n<p style=\"padding-left: 30px;\">Adjutorium nostrum in nomine Domini.<\/p>\n<p style=\"padding-left: 30px;\">Qui fecit coelum et terram.<\/p>\n<p style=\"padding-left: 30px;\">Dominus vobiscum.<\/p>\n<p style=\"padding-left: 30px;\">Et cum spiritu tuo.<\/p>\n<p style=\"padding-left: 30px;\">Oremus. Omnipotens et misericors Deus, qui per multiplices immaculatae Mariae Virginis apparitiones in terris mirabilia jugiter pro animarum salute operari dignatus es: super hoc numismatis signum, tuam bene + dictionem benignus infunde; ut pie hoc recolentes ac devote gestantes et illius patrocinium sentiant et tuam misericordiam consequantur. Per Christum Dominum nostrum.<\/p>\n<p style=\"padding-left: 30px;\">Amen.<\/p>\n<p>Sve\u0107enik po\u0161kropi medaljice sa svetom vodom i stavlja ih pojedina\u010dno svakoj osobi koja tra\u017ei primanje, mole\u0107i sljede\u0107e:<\/p>\n<p style=\"padding-left: 30px;\">Accipe sanctum Numisma, gesta fideliter, et digna veneratione prosequere: ut piissima et immaculata caelorum Domina te protegat atque defendat: et pietatis suae prodigia renovans, quae a Deo suppliciter postulaveris, tibi misericorditer impetret, ut vivens et moriens in materno ejus amplexu feliciter requiescas.<\/p>\n<p style=\"padding-left: 30px;\">Amen.<\/p>\n<p>Nakon \u0161to su svima postavljene medaljice, sve\u0107enik moli:<\/p>\n<p style=\"padding-left: 30px;\">Kyrie, eleison.<\/p>\n<p style=\"padding-left: 30px;\">Christe, eleison. Kyrie, eleison.<\/p>\n<p style=\"padding-left: 30px;\">Pater noster\u2026 (tiho moli do rije\u010di\u2026) Et ne nos inducas in tentationem.<\/p>\n<p style=\"padding-left: 30px;\">Sed libera nos a malo.<\/p>\n<p style=\"padding-left: 30px;\">Regina sine labe originale concepta.<\/p>\n<p style=\"padding-left: 30px;\">Ora pro nobis.<\/p>\n<p style=\"padding-left: 30px;\">Domine, exaudi orationem meam.<\/p>\n<p style=\"padding-left: 30px;\">Et clamor meus ad te veniat.<\/p>\n<p style=\"padding-left: 30px;\">Dominus vobiscum.<\/p>\n<p style=\"padding-left: 30px;\">Et cum spiritu tuo.<\/p>\n<p style=\"padding-left: 30px;\">Oremus. Domine Jesu Christe, qui beatissimam Virginem Mariam matrem tuam ab origine immaculatam innumeris miraculis clarescere voluisti, concede: ut ejusdem patrocinium semper implorantes, gaudia consequamur aeterna: Qui vivis et regnas cum Deo Patre in unitate Spiritus Sancti, Deus, per omnia saecula saeculorum.<\/p>\n<p style=\"padding-left: 30px;\">Amen.<\/p>\n<ol start=\"6\">\n<li><strong> \u010cin posvete Bezgrje\u0161noj:<\/strong><\/li>\n<\/ol>\n<p>O Bezgrje\u0161na, Kraljice neba i zemlje, uto\u010di\u0161te gre\u0161nika i na\u0161a Majko koja nas toliko voli\u0161 i kojoj je Bog povjerio \u010ditavo kraljevstvo milosr\u0111a!<\/p>\n<p>Ja, N.N., bezvrijedan grje\u0161nik, bacam se pod Tvoje noge i vapijem Tebi svim srcem svojim: udostoj se primiti me sasvim i potpuno kao svoje vlasni\u0161tvo i svojinu. Radi \u0161to \u017eeli\u0161 sa mnom, sa svim sposobnostima moje du\u0161e i tijela, sa svim mojim \u017eivotom, s mojom smr\u0107u i mojom vje\u010dno\u0161\u0107u.<\/p>\n<p>Raspola\u017ei sa mnom kako ti se svi\u0111a, da postigne\u0161 ono \u0161to je o Tebi re\u010deno: <em>&#8220;Ona \u0107e ti satirati glavu&#8221;,<\/em> i tako\u0111er: <em>&#8220;Samo ti si pobijedila sva krivovjerja.&#8221;<\/em><\/p>\n<p>U\u010dini me sredstvom Tvojih bezgre\u0161nih i milosrdnih ruku da Ti slu\u017eim tako da pove\u0107am \u0161to je vi\u0161e mogu\u0107e Tvoju \u010dast u tolikim mlakim du\u0161ama koje su otpale od vjere i tako pro\u0161irim kraljevstvo Presvetog Srca Isusovog. Jer na koje god mjesto Ti do\u0111e\u0161, Ti vapije\u0161 za milost obra\u0107enja i posve\u0107enje jer sve milosti dolaze od Presvetog Srca Isusovog jedino preko Tvojih ruku.<\/p>\n<p>Podaj mi da Te hvalim, O Presveta Djevice, daj mi snagu protiv Tvojih neprijatelja.<\/p>\n<ol start=\"7\">\n<li><strong> Strelovita molitva Vojske Bezgrje\u0161ne<\/strong><\/li>\n<\/ol>\n<p>O Marijo, bez grijeha za\u010deta, moli za nas koji se Tebi utje\u010demo, moli za one koji se Tebi ne utje\u010du, a naro\u010dito za masone i za sve koji su Tebi preporu\u010deni.<\/p>\n<ol start=\"8\">\n<li><strong> Sve\u0107enikov blagoslov.<\/strong><\/li>\n<li><strong> Marijanska pjesma.<\/strong><\/li>\n<li><strong> Potpisivanje potvrde o \u010dlanstvu u Vojsci Bezgrje\u0161ne.<\/strong><\/li>\n<\/ol>\n<p>Pohvale svetog Maksimilijana Kolbea Mariji<\/p>\n<p style=\"padding-left: 30px;\">Podaj mi da Te mogu hvaliti, Presveta Djevice, Podaj mi da Te mogu veli\u010dati svom svojom snagom. Podaj mi da mogu \u017eivjeti i raditi i trpjeti za Tebe i samo za Tebe, da mogu biti upotrijebljen i umrijeti za Tebe. Podaj mi da mogu doprinijeti Tvojoj ve\u0107oj i \u0161iroj proslavi. Podaj mi da Ti mogu dati takvu po\u010dast kakvu Ti jo\u0161 nitko nije dao. Podaj da me drugi mogu nadma\u0161iti u svojoj revnosti za Tvoju slavu i da ja onda mogu, kao u plemenitom natjecanju, promicati pobo\u017enost prema Tebi jo\u0161 dublje i spremnije i veli\u010danstvenije, kao \u0161to to \u017eeli On koji Te je uzdigao toliko neopisivo iznad svih drugih stvorenja. Amen.<\/p>\n","protected":false},"excerpt":{"rendered":"<p>Primanje u MI Statut za \u010dlanove MI mo\u017eete prona\u0107i ovdje. Obred primanja u Vojsku Bezgre\u0161ne Himan ,,Veni Creator\u201c (,,O do\u0111i, Stvor\u010de, Du\u0161e svet\u201c) ,,Ave Maris Stella\u201c (,,Zdravo, Zvijezdo mora\u201c) Sve\u0107enikov nagovor Obnova krsnih zavjeta (po \u017eelji): Sve\u0107enik: Na dan na\u0161eg kr\u0161tenja odrekli smo se Sotone, njegovih djela i svijeta. Obe\u0107ali<a class=\"more-link\" href=\"https:\/\/test4.mi-backup.ch\/hr\/primanje-u-mi\/\">Pro\u010ditaj vi\u0161e &rarr;<\/a><\/p>\n","protected":false},"author":9,"featured_media":0,"parent":0,"menu_order":0,"comment_status":"closed","ping_status":"closed","template":"","meta":[],"_links":{"self":[{"href":"https:\/\/test4.mi-backup.ch\/hr\/wp-json\/wp\/v2\/pages\/2519"}],"collection":[{"href":"https:\/\/test4.mi-backup.ch\/hr\/wp-json\/wp\/v2\/pages"}],"about":[{"href":"https:\/\/test4.mi-backup.ch\/hr\/wp-json\/wp\/v2\/types\/page"}],"author":[{"embeddable":true,"href":"https:\/\/test4.mi-backup.ch\/hr\/wp-json\/wp\/v2\/users\/9"}],"replies":[{"embeddable":true,"href":"https:\/\/test4.mi-backup.ch\/hr\/wp-json\/wp\/v2\/comments?post=2519"}],"version-history":[{"count":5,"href":"https:\/\/test4.mi-backup.ch\/hr\/wp-json\/wp\/v2\/pages\/2519\/revisions"}],"predecessor-version":[{"id":5603,"href":"https:\/\/test4.mi-backup.ch\/hr\/wp-json\/wp\/v2\/pages\/2519\/revisions\/5603"}],"wp:attachment":[{"href":"https:\/\/test4.mi-backup.ch\/hr\/wp-json\/wp\/v2\/media?parent=2519"}],"curies":[{"name":"wp","href":"https:\/\/api.w.org\/{rel}","templated":true}]}}