{"id":2521,"date":"2017-02-11T12:54:32","date_gmt":"2017-02-11T11:54:32","guid":{"rendered":"https:\/\/test4.mi-backup.ch\/?page_id=2521\/"},"modified":"2017-02-11T12:54:58","modified_gmt":"2017-02-11T11:54:58","slug":"njegov-uzor","status":"publish","type":"page","link":"https:\/\/test4.mi-backup.ch\/hr\/njegov-uzor\/","title":{"rendered":"Njegov uzor"},"content":{"rendered":"<h1><em><span lang=\"hr\">Njegov uzor<\/span><br \/>\n<\/em><\/h1>\n<p><em>Bezgrje\u0161na je na\u0161 uzor!<\/em><em><br \/>\n<\/em><\/p>\n<p><em>Pribli\u017eimo Joj se, postanimo poput Nje,<\/em><\/p>\n<p><em>Dopustimo Joj da vlada u na\u0161em srcu i du\u0161i zauvijek,<\/em><\/p>\n<p><em>Tako da Ona mo\u017ee \u017eivjeti i raditi preko ljudi, <\/em><\/p>\n<p><em>Tako da Ona mo\u017ee voljeti Boga svim na\u0161im srcem.<\/em><\/p>\n<p><em>Pripadati Joj u potpunosti \u2013 to je na\u0161 cilj!<\/em><\/p>\n<p><em>Obasjavati na\u0161u okolinu, <\/em><\/p>\n<p><em>Osvajati du\u0161e za Nju,<\/em><\/p>\n<p><em>Tako da Joj na\u0161i bli\u017enji \u017e otvore svoja srca,<\/em><\/p>\n<p><em>Tako da Ona mo\u017ee vladati u njihovim srcima,<\/em><\/p>\n<p><em>Kucaju\u0107i svugdje u svijetu,<\/em><\/p>\n<p><em>Bez obzira na rasu, nacionalnost ili jezik,<\/em><\/p>\n<p><em>I da Ona mo\u017ee biti u svim na\u0161im srcima,<\/em><\/p>\n<p><em>Koja \u0107e ikada postojati, do kraja svijeta \u2013 <\/em><\/p>\n<p><em>To je na\u0161 cilj!<\/em><\/p>\n<p><em>I da se Njezin \u017eivot mo\u017ee produljiti i rasti<\/em><\/p>\n<p><em>U svakoj du\u0161i koja postoji sada ili \u0107e postojati,<\/em><\/p>\n<p><em>To je na\u0161 dragocjeni cilj!<\/em><\/p>\n<p>&nbsp;<\/p>\n<p>Sv. Maksimilijan Kolbe<\/p>\n","protected":false},"excerpt":{"rendered":"<p>Njegov uzor Bezgrje\u0161na je na\u0161 uzor! Pribli\u017eimo Joj se, postanimo poput Nje, Dopustimo Joj da vlada u na\u0161em srcu i du\u0161i zauvijek, Tako da Ona mo\u017ee \u017eivjeti i raditi preko ljudi, Tako da Ona mo\u017ee voljeti Boga svim na\u0161im srcem. Pripadati Joj u potpunosti \u2013 to je na\u0161 cilj! Obasjavati<a class=\"more-link\" href=\"https:\/\/test4.mi-backup.ch\/hr\/njegov-uzor\/\">Pro\u010ditaj vi\u0161e &rarr;<\/a><\/p>\n","protected":false},"author":9,"featured_media":0,"parent":0,"menu_order":0,"comment_status":"closed","ping_status":"closed","template":"","meta":[],"_links":{"self":[{"href":"https:\/\/test4.mi-backup.ch\/hr\/wp-json\/wp\/v2\/pages\/2521"}],"collection":[{"href":"https:\/\/test4.mi-backup.ch\/hr\/wp-json\/wp\/v2\/pages"}],"about":[{"href":"https:\/\/test4.mi-backup.ch\/hr\/wp-json\/wp\/v2\/types\/page"}],"author":[{"embeddable":true,"href":"https:\/\/test4.mi-backup.ch\/hr\/wp-json\/wp\/v2\/users\/9"}],"replies":[{"embeddable":true,"href":"https:\/\/test4.mi-backup.ch\/hr\/wp-json\/wp\/v2\/comments?post=2521"}],"version-history":[{"count":2,"href":"https:\/\/test4.mi-backup.ch\/hr\/wp-json\/wp\/v2\/pages\/2521\/revisions"}],"predecessor-version":[{"id":5546,"href":"https:\/\/test4.mi-backup.ch\/hr\/wp-json\/wp\/v2\/pages\/2521\/revisions\/5546"}],"wp:attachment":[{"href":"https:\/\/test4.mi-backup.ch\/hr\/wp-json\/wp\/v2\/media?parent=2521"}],"curies":[{"name":"wp","href":"https:\/\/api.w.org\/{rel}","templated":true}]}}