{"id":331,"date":"2016-08-27T14:16:02","date_gmt":"2016-08-27T14:16:02","guid":{"rendered":"http:\/\/migration.mi-admin.ch\/hrbezgrjesna\/"},"modified":"2020-10-26T16:07:11","modified_gmt":"2020-10-26T15:07:11","slug":"bezgrjesna","status":"publish","type":"page","link":"https:\/\/test4.mi-backup.ch\/hr\/bezgrjesna\/","title":{"rendered":"Bezgrje\u0161na"},"content":{"rendered":"<p style=\"text-align: center;\"><strong>\u201eOna \u0107e ti glavu satirati.\u201d <\/strong>(Post 3,15)<br \/>\n<strong>\u201eSamo Ti si pobijedila sva krivovjerja<\/strong>\u201c (Rimski \u010dasoslov)<\/p>\n<table width=\"740\" cellpadding=\"5\">\n<tbody>\n<tr>\n<td valign=\"top\" width=\"451\">Uvijek iznova mo\u017eemo \u010duti vapaj svetaca: <em>\u201eTko si Ti, o Bezgrje\u0161na?\u201c <\/em>Marijino ime Bezgrje\u0161na \u2013 bez mane, ima svoju pripravu u progla\u0161enju dogme Marijinog bezgrje\u0161nog za\u010de\u0107a (1854.) i iz ukazanja u Lourdesu (1858.), gdje se Marija predstavila sv. Bernardici rije\u010dima: <strong><em>\u201eJa sam Bezgrje\u0161no Za\u010de\u0107e.\u201c<\/em><\/strong> Sveti Maksimilijan gotovo je uvijek zvao Mariju Bezgrje\u0161nom. Bez obja\u0161njenja ljudi se suo\u010davaju s nebrojenim \u010dudima i tajnama koje imaju svoje porijeklo u Njoj. Ona predstavlja Bo\u017eje remek-djelo samo zbog svoje savr\u0161enosti i mo\u0107i. Crkva hvali Njezine zasluge i \u017eeli da Mariju \u010dastimo vi\u0161e nego an\u0111ele i svece (hyperdulia \u2013 termin koji se rabi za \u0161tovanje Bla\u017eene Djevice Marije).<\/p>\n<p>Njezina uloga u Kristovom spasiteljskom djelu jedna je i jedina. Kroz njezino bo\u017eansko maj\u010dinstvo ona sudjeluje kao nova Eva i Suotkupiteljica. Ona koristi plodove spasenja za svu svoju djecu kao posrednica svih milosti. Takva nam je dana od Boga kao autoritet kroz koji \u0107e se ljudi prvo preobratiti, a zatim kao put koji nas vodi Kristu. Mi joj trebamo zahvaliti zbog svih milosti koje smo dobili.<\/p>\n<p>Ona je tako\u0111er veliki znak na nebu koji vodi kr\u0161\u0107anske trupe u borbi protiv Sotone. Ona je pobjeda u svim Bo\u017ejim bitkama. Posebno na kraju vremena ona \u0107e biti zadnje sredstvo koje je Bog dao svijetu. To je ve\u0107 prorokovano u tajnom otkrivenju: <strong><em>\u201eI znak veliki pokaza se na nebu: \u017eena, odjevena suncem, mjesec joj pod nogama, a na glavi vijenac od dvanaest zvijezda.\u201c <\/em><\/strong>(Otk 12,1). \u201eKroz Mariju je zapo\u010delo spasenje svijeta, kroz Nju \u0107e biti i dovr\u0161eno.&#8221; (sv. Ljudevit Marija Grignion Montfort)<\/p>\n<p>Ona se ukazuje izravno u svojim ukazanjima i posredno preko svojih pomazanih sredstava da bi dokazala svoju nezamislivu mo\u0107 svojim du\u0161ama u trenucima najgorih napada njezinih neprijatelja. Njezino \u0107e srce postati zadnje uto\u010di\u0161te prognane i uznemiravane djece Bo\u017eje, koja \u017eele vjerno stajati pod raspelom na\u0161eg Gospodina. Njezina \u0107e djeca i njezini vitezovi stajati pod zastavom i oblikovati malu vojsku koja \u0107e pre\u017eivjeti najte\u017ei ispit i na kraju \u0107e pobijediti protiv o\u010digledne nadmo\u0107nosti. Kao \u0161to je Marija prorekla u Fatimi:<strong> <em>\u201eNa kraju \u0107e moje Bezgrje\u0161no Srce pobijediti!\u201c<\/em><\/strong><\/p>\n<p>Zato mi \u017eelimo slijediti svetog Maksimilijana, svetog Ljudevita i sve primjere svetaca u svim pote\u0161ko\u0107ama na\u0161eg \u017eivota i s punim pouzdanjem gledati prema Bezgrje\u0161noj u stvarnoj situaciji u svijetu. Sveti Bernard iz Clairvauxa rekao je sljede\u0107e rije\u010di:<\/p>\n<p><em>\u201eO, ti, \u010dovje\u010de \u2013 koji vidi\u0161 da te vi\u0161e nose struje u oluji na\u0161eg vremena i mete\u017eu nego \u0161to mo\u017ee\u0161 re\u0107i da hoda\u0161 po sigurnom tlu, ne okre\u0107i svoje o\u010di od sjaja ove zvijezde, ako ne \u017eeli\u0161 nestati u olujama. <\/em><\/p>\n<p><em>Ako oluja ku\u0161nji po\u010dne, ako udari\u0161 na grebene nevolja, pogledaj gore prema zvijezdi, moli se Mariji! <\/em><\/p>\n<p><em>Ako te bacaju tamo amo valovi oholosti ili \u010dastohleplja ili ogovaranja ili zavisti, pogledaj gore prema zvijezdi, moli se Mariji!<\/em><\/p>\n<p><em>Ako li potresa la\u0111icom tvoje du\u0161e srd\u017eba, lakomost ili po\u017euda tijela, pogledaj gore prema Mariji!<\/em><\/p>\n<p><em>Ako se srami\u0161 radi strahota opa\u010dina, smeten radi prljave savjesti, prepla\u0161en od strahota suda Bo\u017ejega, ako si u opasnosti da padne\u0161 u ponor \u017ealosti, u ponor o\u010daja \u2013 tada pomisli na Mariju!<\/em><\/p>\n<p><em>U pogibeljima, u tjeskobama, u sumnjama, misli na Mariju, zazivaj Mariju! <\/em><em>Neka ti ne odlazi s usana, neka ti ne odlazi sa srca! I da postigne\u0161 zagovor njezine molitve, ne ostavljaj primjera njezina \u017eivota.<\/em><\/p>\n<p><em>Nju slijede\u0107i, ne\u0107e\u0161 zalutati; Njoj se mole\u0107i ne\u0107e\u0161 o\u010dajavati; na Nju misle\u0107i ne\u0107e\u0161 zalutati; dok te Ona dr\u017ei, ne\u0107e\u0161 posrnuti; dok te Ona \u0161titi, ne treba\u0161 se bojati; dok te Ona vodi, ne\u0107e\u0161 se umoriti; ako ti je Ona milostiva, sti\u0107i \u0107e\u0161 k cilju!\u201c<\/em><\/td>\n<td valign=\"top\" width=\"277\">\n<p style=\"text-align: center;\"><strong>Podaj mi da Te hvalim, O Presveta Djevice, daj mi snagu protiv Tvojih neprijatelja.<\/strong><br \/>\n(Iz posvetne molitve Vojske Bezgrje\u0161ne)<\/p>\n<p style=\"text-align: center;\"><img loading=\"lazy\" src=\"https:\/\/test4.mi-backup.ch\/wp-content\/uploads\/media\/Immaculata.jpg\" alt=\"\" width=\"250\" height=\"378\" align=\"top\" border=\"1\" hspace=\"5\" vspace=\"5\" \/><\/p>\n<p style=\"text-align: center;\"><strong>\u201cO Marijo bez grijeha za\u010deta, moli za nas koji se Tebi utje\u010demo, moli za one koji se Tebi ne utje\u010du, a naro\u010dito za masone i za sve one koji su Tebi preporu\u010deni.<\/strong>\u201d<br \/>\n(Strelovita molitva MI sv. Maksimilijana)<\/p>\n<p style=\"text-align: center;\">Gore: Milosna slika iz Crkve sv. Andrea delle Fratte u Rimu. Marija je tamo u\u010dinila poznato \u010dudo trenuta\u010dnog obra\u0107enja \u017eidova Alphonsa Ratisbonnea preko ukazanja 1842. godine. To \u010dudo je zadobio preko \u010dudotvorne medaljice koju je zbog prijatelja tih dana nosio na sebi. Ratisbonne je sve znao o katoli\u010dkoj vjeri i nakon ukazanja je postao sve\u0107enik. Sveti je Maksimilijan slu\u017eio svoju prvu misu pred slikom na ovom oltaru.<\/p>\n<p style=\"text-align: center;\"><strong>Nikad vas ne\u0107u ostaviti same. Moje Bezgrje\u0161no Srce \u0107e biti va\u0161e uto\u010di\u0161te i put koji vas vodi k Bogu<\/strong>.<br \/>\n(Marijino obe\u0107anje Luciji u Fatimi)<\/p>\n<p style=\"text-align: center;\"><span style=\"font-family: Tahoma;\"><br \/>\n<img loading=\"lazy\" src=\"https:\/\/test4.mi-backup.ch\/wp-content\/uploads\/media\/Fatima.jpg\" alt=\"\" width=\"250\" height=\"319\" align=\"top\" border=\"1\" hspace=\"5\" vspace=\"5\" \/><\/span><\/p>\n<p style=\"text-align: center;\"><strong>Na kraju \u0107e moje Bezgrje\u0161no Srce pobijediti!<\/strong><\/p>\n<p style=\"text-align: center;\">Slika: Kip Gospe Fatimske s njezinim Bezgrje\u0161nim Srcem.<\/p>\n<p style=\"text-align: justify;\">\n<\/td>\n<\/tr>\n<\/tbody>\n<\/table>\n","protected":false},"excerpt":{"rendered":"<p>\u201eOna \u0107e ti glavu satirati.\u201d (Post 3,15) \u201eSamo Ti si pobijedila sva krivovjerja\u201c (Rimski \u010dasoslov) Uvijek iznova mo\u017eemo \u010duti vapaj svetaca: \u201eTko si Ti, o Bezgrje\u0161na?\u201c Marijino ime Bezgrje\u0161na \u2013 bez mane, ima svoju pripravu u progla\u0161enju dogme Marijinog bezgrje\u0161nog za\u010de\u0107a (1854.) i iz ukazanja u Lourdesu (1858.), gdje se<a class=\"more-link\" href=\"https:\/\/test4.mi-backup.ch\/hr\/bezgrjesna\/\">Pro\u010ditaj vi\u0161e &rarr;<\/a><\/p>\n","protected":false},"author":9,"featured_media":0,"parent":0,"menu_order":0,"comment_status":"closed","ping_status":"closed","template":"","meta":[],"_links":{"self":[{"href":"https:\/\/test4.mi-backup.ch\/hr\/wp-json\/wp\/v2\/pages\/331"}],"collection":[{"href":"https:\/\/test4.mi-backup.ch\/hr\/wp-json\/wp\/v2\/pages"}],"about":[{"href":"https:\/\/test4.mi-backup.ch\/hr\/wp-json\/wp\/v2\/types\/page"}],"author":[{"embeddable":true,"href":"https:\/\/test4.mi-backup.ch\/hr\/wp-json\/wp\/v2\/users\/9"}],"replies":[{"embeddable":true,"href":"https:\/\/test4.mi-backup.ch\/hr\/wp-json\/wp\/v2\/comments?post=331"}],"version-history":[{"count":6,"href":"https:\/\/test4.mi-backup.ch\/hr\/wp-json\/wp\/v2\/pages\/331\/revisions"}],"predecessor-version":[{"id":32066,"href":"https:\/\/test4.mi-backup.ch\/hr\/wp-json\/wp\/v2\/pages\/331\/revisions\/32066"}],"wp:attachment":[{"href":"https:\/\/test4.mi-backup.ch\/hr\/wp-json\/wp\/v2\/media?parent=331"}],"curies":[{"name":"wp","href":"https:\/\/api.w.org\/{rel}","templated":true}]}}