{"id":332,"date":"2016-08-27T14:34:41","date_gmt":"2016-08-27T14:34:41","guid":{"rendered":"http:\/\/migration.mi-admin.ch\/hrpoziv-bezgrjesne\/"},"modified":"2017-03-02T15:07:48","modified_gmt":"2017-03-02T14:07:48","slug":"poziv-bezgrjesne","status":"publish","type":"page","link":"https:\/\/test4.mi-backup.ch\/hr\/poziv-bezgrjesne\/","title":{"rendered":"Poziv Bezgrje\u0161ne"},"content":{"rendered":"<h1>Poziv Bezgrje\u0161ne<\/h1>\n<table border=\"0\" width=\"100%\" cellspacing=\"5\">\n<tbody>\n<tr>\n<td style=\"vertical-align: top\">Gospa Fatimska nazvala je moderno vrijeme \u201evrijeme odlu\u010duju\u0107e bitke\u201c. Nude\u0107i svoje Bezgrje\u0161no Srce kao \u201ena\u0161e uto\u010di\u0161te\u201c, ona nam je dala sredstvo protiv isku\u0161enja napu\u0161tanja vjere. Bez te vjere, \u010dovje\u010danstvo bi bilo bespomo\u0107no protiv \u201edijaboli\u010dkog vala koji mete po svijetu.\u201c U razli\u010ditim objavama (poput La Salette) i u sveta\u010dkim spisima (npr. sv. Ljudevit Marija Grignion Montfort) objavljuje Marija lijek za suvremenu krizu: \u201eJa \u0107u ustanoviti malu vojsku vjernika, &#8216;apostola Isusa i Marije&#8217;, koji \u0107e pobijediti uz moju pomo\u0107.\u201c<\/p>\n<p>Sveti Maksimilijan imao je tu namjeru kada je 1917. godine utemeljio vite\u0161tvo Bezgrje\u0161ne \u2013 Vojsku Bezgrje\u0161ne.<\/p>\n<h2>Vi\u0111enje i nauk sv. Maksimilijana Kolbea<\/h2>\n<p>Vo\u0111en brigom za spasenje du\u0161a, sveti je Maksimilijan vodio aktivnu bitku protiv neprijatelja Katoli\u010dke crkve. Znao je da je Bog prorekao da \u0107e jedna osoba satirati glavu Sotoni, da \u0107e ga poraziti. On je obe\u0107ao da \u0107e samo jedna \u017eena nadvladati sva krivovjerja po svem svijetu. Samo Bla\u017eena Djevica Marija uspje\u0161no vodi u sigurnu pobjedu.<\/p>\n<p>Statuti Vojske Bezgrje\u0161ne pokazuju narav te bitke u prvoj re\u010denici: <em>\u201eOna \u0107e ti glavu satirati.\u201c<\/em> Ta bitka je zbog jedinstvenog, neopozivog neprijateljstva izme\u0111u neba i pakla. Budu\u0107i da je Bezgrje\u0161na u ovoj bitci, \u010dak se i njezini vitezovi i sluge moraju boriti. Zbog toga je sv. Maksimilijan dao svojoj organizaciji ratno ime &#8211; vojska. Upravo je taj duh borbe i apostolata onaj koji je u prvoj polovici 20. stolje\u0107a privukao milijune ljudi da se ujedine u MI pod zastavom Bezgrje\u0161ne.<\/p>\n<h2>Va\u017enost Vojske Bezgrje\u0161ne danas<\/h2>\n<p>Utemeljitelj Vojske Bezgrje\u0161ne nije imao sumnje da su la\u017eni nauci i la\u017ene religije smrtonosni otrov za du\u0161e jer daju ljudima la\u017eni smisao \u017eivota, izobli\u010d\u008duju logi\u010dno mi\u0161ljenje i odvajaju ih od izvora milosti. Vitezovi, koji su se predali Bezgrje\u0161noj, trebaju zra\u010diti duhom Bezgrje\u0161ne i primijeniti sva mogu\u0107a sredstva za obra\u0107enje grje\u0161nika. Borbena sila pod zastavom Bezgrje\u0161nog Za\u010de\u0107a za istinitu vjeru, Katoli\u010dku crkvu i spasenje du\u0161a jo\u0161 je potrebnija nego u vrijeme utemeljenja MI prije sto godina. Naslje\u0111e svetog Maksimilijana \u2013 koje je tako\u0111er izmijenjeno nakon Drugog vatikanskog sabora \u2013 o\u017eivljeno je 2000. godine u Sve\u0107eni\u010dkom bratstvu sv. Pija X. u njegovom izvornom duhu.<\/p>\n<h2>Poseban zna\u010daj posvete Bezgrje\u0161noj<\/h2>\n<p>Je li potrebno u\u010diniti daljnju posvetu Mariji ako smo ve\u0107 zavr\u0161ili cijelu pobo\u017enost sv. Ljudevita Montfortskog? Potpuna posveta je obnova krsnih zavjeta i osobne veze izme\u0111u du\u0161e i Marije. To je pobo\u017enost sluge gospodarici i majci. Osobna posveta je u prvom planu. Ova posveta je nesumnjivo temelj marijanske duhovnosti. Posvetu Bezgrje\u0161noj po sv. Maksimilijanu mo\u017eemo opisati kao obnovu \u010dvrstog obe\u0107anja. Budu\u0107i vitez predaje se svojoj kraljici kao oru\u0111e. Cilj ove pobo\u017enosti je Marijina pobjeda nad zmijom i svim krivovjerjima. Vitez koristi svu svoju mo\u0107 da ta kraljica kraljuje u svim du\u0161ama, osobito \u201eotpadnicima od vjere i mlakim du\u0161ama\u201c. Krajnji cilj je \u201e\u0161iriti blago kraljevstvo Presvetog Srca. Tamo ulazimo u molitvu da bismo intenzivno molili za milost obra\u0107enja i posve\u0107enja, jer sve milosti Presvetog Srca Isusovog nama dolaze jedino preko njezinih ruku\u201c (formula posvete).<\/p>\n<h2>Preporuka Generalnog poglavara Sve\u0107eni\u010dkog bratstva sv. Pija X.<\/h2>\n<p>U velja\u010di 2002. je Generalni poglavar sve\u0107eni\u0107kog bratstva sv. Pija X., biskup Fellay, napisao pismo \u010dlanovima Bratstva: ,,,Mogu vas samo pozvati da se pobrinete za \u0161irenje ove divne i vrlo apostolske inicijative. Mi u njoj vidimo savr\u0161enu podudarnost s Fatimom u jednu ruku, a u drugu ruku s pobo\u017enom predano\u0161\u0107u koju na\u0161i statuti zahtijevaju prema Bla\u017eenoj Djevici Mariji.\u201c<\/p>\n<h2>Osje\u0107ate li se pozvanima od Bezgrje\u0161ne?<\/h2>\n<p>Molimo razmislite pred Bogom i Bezgrje\u0161nom je li posveta Bezgrje\u0161noj i borba poput viteza MI za vas \u2013 pod zastavom Bezgrje\u0161ne, od Boga odre\u0161eni put za odgovoriti na taj poziv. Naravno, radi se o posve duhovnom sukobu koji je apostol Pavao ve\u0107 opisao: \u201e<em>Obucite svu opremu Bo\u017eju da se mognete oduprijeti lukavstvima \u010d\u2018avlovim. Jer nije nam se boriti protiv krvi i mesa, nego protiv Vrhovni\u0161tava, protiv Vlasti, protiv upravlja\u010da ovoga mra\u010dnoga svijeta, protiv zlih duhova po nebesima.\u201c <\/em>(Ef 6, 11-12). Zbog toga je \u010dlanstvo u MI otvoreno i za mu\u0161karce i za \u017eene.<\/p>\n<p>Ako ste zainteresirani, obratite nam se.<\/p>\n<p>(Vidi tako\u0111er <a href=\"https:\/\/test4.mi-backup.ch\/hr\/primanje-u-mi\/\">u\u010dlanjenje u MI<\/a>)<\/td>\n<td valign=\"top\" width=\"220\">\n<p style=\"text-align: center\"><img loading=\"lazy\" src=\"https:\/\/test4.mi-backup.ch\/wp-content\/uploads\/media\/Mary_serpent.jpg\" alt=\"\" width=\"200\" height=\"302\" align=\"top\" border=\"1\" hspace=\"5\" vspace=\"5\" \/> Marija je pobijedila zmaja &#8211; kri\u017eem<br \/>\n<img loading=\"lazy\" src=\"https:\/\/test4.mi-backup.ch\/wp-content\/uploads\/media\/Erstes_Heft_kolbe.jpg\" alt=\"\" width=\"200\" height=\"300\" align=\"top\" border=\"1\" hspace=\"5\" vspace=\"5\" \/>Izvorno izdanje &#8216;Vitez Bezgrje\u0161ne&#8217; sv. Maksimilijana<\/p>\n<p style=\"text-align: center\"><span style=\"font-family: Tahoma\"><br \/>\n<img loading=\"lazy\" src=\"https:\/\/test4.mi-backup.ch\/wp-content\/uploads\/media\/Weg.png\" alt=\"\" width=\"134\" height=\"305\" align=\"top\" border=\"1\" hspace=\"5\" vspace=\"5\" \/><br \/>\n<\/span>Uzak i \u0161iroki put<\/p>\n<p style=\"text-align: justify\"><em>Zemaljski \u017eivot ne\u0161to je drugo od onoga \u0161to ve\u0107ina vjeruje. Nije to ugodna i dosadna \u0161etnja svijetom: Posrijedi je Bog ili vrag!<\/em><\/p>\n<p>Sudbina du\u0161e, kao i neke zemlje, obi\u010dno se odlu\u010duje na granici. Moramo graditi jake utvrde na granici. Moramo bri\u017eljivo \u010duvati osjetila, ulazna vrata u du\u0161u. Svagdje moramo postaviti sta\u017ee, stra\u017ee koje mole. Ne smijemo se predaleko osokoliti na neprijateljsku zemlju. Bli\u017eu prigodu izbjegavati na svim podru\u010djima! Nema ustupaka, nema kompromisa! Nema igranja sa zmijom! To je taktika Majke Bo\u017eje! Ona nam treba biti primjerom u privatnom \u017eivotu kao i u politici. Maleni ustupci i malene nepa\u017eljivosti na granici vrlo \u010desto odlu\u010duju ishod rata.<\/p>\n<p>Ona koja je s Djete\u0161cem satrla glavu zmiji mora u nama probuditi katoli\u010dki ofenzivni duh. Moramo istjerati vraga iz okupiranog podru\u010dja.<\/p>\n<p>Prelat Robert M\u00e4der (+1945)<\/td>\n<\/tr>\n<\/tbody>\n<\/table>\n","protected":false},"excerpt":{"rendered":"<p>Poziv Bezgrje\u0161ne Gospa Fatimska nazvala je moderno vrijeme \u201evrijeme odlu\u010duju\u0107e bitke\u201c. Nude\u0107i svoje Bezgrje\u0161no Srce kao \u201ena\u0161e uto\u010di\u0161te\u201c, ona nam je dala sredstvo protiv isku\u0161enja napu\u0161tanja vjere. Bez te vjere, \u010dovje\u010danstvo bi bilo bespomo\u0107no protiv \u201edijaboli\u010dkog vala koji mete po svijetu.\u201c U razli\u010ditim objavama (poput La Salette) i u sveta\u010dkim<a class=\"more-link\" href=\"https:\/\/test4.mi-backup.ch\/hr\/poziv-bezgrjesne\/\">Pro\u010ditaj vi\u0161e &rarr;<\/a><\/p>\n","protected":false},"author":9,"featured_media":0,"parent":0,"menu_order":0,"comment_status":"closed","ping_status":"closed","template":"","meta":[],"_links":{"self":[{"href":"https:\/\/test4.mi-backup.ch\/hr\/wp-json\/wp\/v2\/pages\/332"}],"collection":[{"href":"https:\/\/test4.mi-backup.ch\/hr\/wp-json\/wp\/v2\/pages"}],"about":[{"href":"https:\/\/test4.mi-backup.ch\/hr\/wp-json\/wp\/v2\/types\/page"}],"author":[{"embeddable":true,"href":"https:\/\/test4.mi-backup.ch\/hr\/wp-json\/wp\/v2\/users\/9"}],"replies":[{"embeddable":true,"href":"https:\/\/test4.mi-backup.ch\/hr\/wp-json\/wp\/v2\/comments?post=332"}],"version-history":[{"count":6,"href":"https:\/\/test4.mi-backup.ch\/hr\/wp-json\/wp\/v2\/pages\/332\/revisions"}],"predecessor-version":[{"id":3672,"href":"https:\/\/test4.mi-backup.ch\/hr\/wp-json\/wp\/v2\/pages\/332\/revisions\/3672"}],"wp:attachment":[{"href":"https:\/\/test4.mi-backup.ch\/hr\/wp-json\/wp\/v2\/media?parent=332"}],"curies":[{"name":"wp","href":"https:\/\/api.w.org\/{rel}","templated":true}]}}