{"id":333,"date":"2016-08-27T14:42:43","date_gmt":"2016-08-27T14:42:43","guid":{"rendered":"http:\/\/migration.mi-admin.ch\/hrvojska-bezgrjesne\/"},"modified":"2017-05-24T11:57:11","modified_gmt":"2017-05-24T09:57:11","slug":"vojska-bezgrjesne","status":"publish","type":"page","link":"https:\/\/test4.mi-backup.ch\/hr\/vojska-bezgrjesne\/","title":{"rendered":"Vojska Bezgrje\u0161ne"},"content":{"rendered":"<h1>Vojska Bezgrje\u0161ne<\/h1>\n<p style=\"text-align: right;\"><img loading=\"lazy\" class=\"alignright\" src=\"https:\/\/test4.mi-backup.ch\/wp-content\/uploads\/media\/kolbe4.jpg.jpg\" alt=\"\" width=\"250\" height=\"373\" align=\"top\" border=\"1\" hspace=\"5\" vspace=\"5\" \/><\/p>\n<p>Vojska Bezgrje\u0161ne ili Militia Immaculatae (zove se jo\u0161 i Vitezovi Bezgrje\u0161ne u SAD-u) je svjetski katoli\u010dki evangelizacijski pokret koji je osnovao sveti Maksimilijan Kolbe 1917. godine. Organizacija je utemeljena 1917. u Rimu kao odgovor na masonske prosvjede protiv Pape.<\/p>\n<h2>Izvorni statut Vojske Bezgrje\u0161ne (sv. Maksimilijan)<\/h2>\n<blockquote><p>\u201cOna \u0107e ti glavu satirati\u201d. (Post 3:15).<br \/>\n\u201eSamo Ti si pobijedila sva krivovjerja\u201c (iz Rimskog \u010dasoslova)<\/p><\/blockquote>\n<h3>I. Cilj:<\/h3>\n<p>Raditi za obra\u0107enje Bogu svih ljudi, bilo da su oni gre\u0161nici, krivovjernici, raskolnici, itd., osobito masoni; i da svi postanu sveti, pod pokroviteljstvom i posredovanjem Bezgrje\u0161ne Djevice.<\/p>\n<h3>II. Uvjet:<\/h3>\n<p>Treba se potpuno posvetiti Bezgrje\u0161noj Djevici, stavljaju\u0107i se svojevoljno kao poslu\u0161no i velikodu\u0161no oru\u0111e u Njezine ruke. Treba nositi \u010cudotvornu medaljicu.<\/p>\n<p style=\"text-align: right;\"><img loading=\"lazy\" class=\"alignright\" src=\"https:\/\/test4.mi-backup.ch\/wp-content\/uploads\/media\/Statuten.jpg\" alt=\"\" width=\"250\" height=\"389\" align=\"top\" border=\"1\" hspace=\"5\" vspace=\"5\" \/><\/p>\n<h3>III. Sredstva:<\/h3>\n<p>Ako je mogu\u0107e, moliti barem jednom dnevno strelovitu molitvu: <em>\u201cO Marijo bez grijeha za\u010deta, moli za nas koji se Tebi utje\u010demo, moli za one koji se Tebi ne utje\u010du, a naro\u010dito masone i za sve one koji su Tebi preporu\u010deni.\u201d <\/em><\/p>\n<p>Dopu\u0161teno je koristiti sva druga valjana i zakonita sredstva za obra\u0107enje i posve\u0107enje ljudi prema mogu\u0107nostima, u razli\u010ditim stale\u017eima i \u017eivotnim uvjetima i kako nala\u017eu prilike; to je povjereno revnosti i razboritosti svakog pojedinca. Osobito se preporu\u010da, ipak, \u0161irenje \u010cudotvorne medaljice.<\/p>\n<p>N.B. Ta se sredstva preporu\u010daju samo kao prijedlog, a ne kao obveza; nijedno ne obvezuje pod grijeh, \u010dak ni laki. Na\u0161 glavni motiv je pomo\u0107i najve\u0107em mogu\u0107em broju du\u0161a da budu ujedinjeni s Presvetim Srcem Isusovim kroz posredovanje Bezgrje\u0161ne.<\/p>\n","protected":false},"excerpt":{"rendered":"<p>Vojska Bezgrje\u0161ne Vojska Bezgrje\u0161ne ili Militia Immaculatae (zove se jo\u0161 i Vitezovi Bezgrje\u0161ne u SAD-u) je svjetski katoli\u010dki evangelizacijski pokret koji je osnovao sveti Maksimilijan Kolbe 1917. godine. Organizacija je utemeljena 1917. u Rimu kao odgovor na masonske prosvjede protiv Pape. Izvorni statut Vojske Bezgrje\u0161ne (sv. Maksimilijan) \u201cOna \u0107e ti<a class=\"more-link\" href=\"https:\/\/test4.mi-backup.ch\/hr\/vojska-bezgrjesne\/\">Pro\u010ditaj vi\u0161e &rarr;<\/a><\/p>\n","protected":false},"author":9,"featured_media":0,"parent":0,"menu_order":0,"comment_status":"closed","ping_status":"closed","template":"","meta":[],"_links":{"self":[{"href":"https:\/\/test4.mi-backup.ch\/hr\/wp-json\/wp\/v2\/pages\/333"}],"collection":[{"href":"https:\/\/test4.mi-backup.ch\/hr\/wp-json\/wp\/v2\/pages"}],"about":[{"href":"https:\/\/test4.mi-backup.ch\/hr\/wp-json\/wp\/v2\/types\/page"}],"author":[{"embeddable":true,"href":"https:\/\/test4.mi-backup.ch\/hr\/wp-json\/wp\/v2\/users\/9"}],"replies":[{"embeddable":true,"href":"https:\/\/test4.mi-backup.ch\/hr\/wp-json\/wp\/v2\/comments?post=333"}],"version-history":[{"count":9,"href":"https:\/\/test4.mi-backup.ch\/hr\/wp-json\/wp\/v2\/pages\/333\/revisions"}],"predecessor-version":[{"id":5392,"href":"https:\/\/test4.mi-backup.ch\/hr\/wp-json\/wp\/v2\/pages\/333\/revisions\/5392"}],"wp:attachment":[{"href":"https:\/\/test4.mi-backup.ch\/hr\/wp-json\/wp\/v2\/media?parent=333"}],"curies":[{"name":"wp","href":"https:\/\/api.w.org\/{rel}","templated":true}]}}