{"id":334,"date":"2016-09-01T20:10:14","date_gmt":"2016-09-01T20:10:14","guid":{"rendered":"http:\/\/migration.mi-admin.ch\/hrkontakt\/"},"modified":"2017-03-02T10:32:32","modified_gmt":"2017-03-02T09:32:32","slug":"kontakt","status":"publish","type":"page","link":"https:\/\/test4.mi-backup.ch\/hr\/kontakt\/","title":{"rendered":"Kontakt"},"content":{"rendered":"<p>Redo \u0107emo odgovoriti na sva Va\u0161a pitanja.<\/p>\n<p>&nbsp;<\/p>\n<p>Pismeno nam se mo\u017eete obratiti na sljede\u0107u adresu:<\/p>\n<p style=\"padding-left: 30px\">Hrvatsko tajni\u0161tvo Bratstva sv. Pija X. (za MI)<\/p>\n<p style=\"padding-left: 30px\">V. Lisinskog 1<\/p>\n<p style=\"padding-left: 30px\">10370 Dugo Selo<\/p>\n<p style=\"padding-left: 30px\">Hrvatska<\/p>\n<p>&nbsp;<\/p>\n","protected":false},"excerpt":{"rendered":"<p>Redo \u0107emo odgovoriti na sva Va\u0161a pitanja. &nbsp; Pismeno nam se mo\u017eete obratiti na sljede\u0107u adresu: Hrvatsko tajni\u0161tvo Bratstva sv. Pija X. (za MI) V. Lisinskog 1 10370 Dugo Selo Hrvatska &nbsp;<a class=\"more-link\" href=\"https:\/\/test4.mi-backup.ch\/hr\/kontakt\/\">Pro\u010ditaj vi\u0161e &rarr;<\/a><\/p>\n","protected":false},"author":9,"featured_media":0,"parent":0,"menu_order":0,"comment_status":"closed","ping_status":"closed","template":"","meta":[],"_links":{"self":[{"href":"https:\/\/test4.mi-backup.ch\/hr\/wp-json\/wp\/v2\/pages\/334"}],"collection":[{"href":"https:\/\/test4.mi-backup.ch\/hr\/wp-json\/wp\/v2\/pages"}],"about":[{"href":"https:\/\/test4.mi-backup.ch\/hr\/wp-json\/wp\/v2\/types\/page"}],"author":[{"embeddable":true,"href":"https:\/\/test4.mi-backup.ch\/hr\/wp-json\/wp\/v2\/users\/9"}],"replies":[{"embeddable":true,"href":"https:\/\/test4.mi-backup.ch\/hr\/wp-json\/wp\/v2\/comments?post=334"}],"version-history":[{"count":5,"href":"https:\/\/test4.mi-backup.ch\/hr\/wp-json\/wp\/v2\/pages\/334\/revisions"}],"predecessor-version":[{"id":3661,"href":"https:\/\/test4.mi-backup.ch\/hr\/wp-json\/wp\/v2\/pages\/334\/revisions\/3661"}],"wp:attachment":[{"href":"https:\/\/test4.mi-backup.ch\/hr\/wp-json\/wp\/v2\/media?parent=334"}],"curies":[{"name":"wp","href":"https:\/\/api.w.org\/{rel}","templated":true}]}}