{"id":335,"date":"2016-08-27T14:47:39","date_gmt":"2016-08-27T14:47:39","guid":{"rendered":"http:\/\/migration.mi-admin.ch\/hrvojska-bezgrjesneporijeklo-vojske-bezgrjesne\/"},"modified":"2017-03-02T10:11:38","modified_gmt":"2017-03-02T09:11:38","slug":"porijeklo-vojske-bezgrjesne","status":"publish","type":"page","link":"https:\/\/test4.mi-backup.ch\/hr\/porijeklo-vojske-bezgrjesne\/","title":{"rendered":"Porijeklo Vojske Bezgrje\u0161ne"},"content":{"rendered":"<h1>Porijeklo Vojske Bezgrje\u0161ne<\/h1>\n<table border=\"0\" width=\"740\" cellspacing=\"0\" cellpadding=\"0\">\n<tbody>\n<tr>\n<td valign=\"top\" width=\"473\">\n<div>\n<p>1917. godina je godina Oktobarske revolucije u Rusiji, ali ona je i godina Gospina ukazanja u Fatimi! U Rimu su masoni slavili svoju 200. godi\u0161njicu. Gdje god je \u010dovjek pogledao, mogao je vidjeti zastave i plakate koji prikazuju svetog Mihaela Arkan\u0111ela kako je pobije\u0111en i zga\u017een pod Luciferom. Duga procesija vijugala je svojim putem kroz vje\u010dni grad prema Trgu svetog Petra. Sudionici mar\u0161a pjevali su svetogrdne pjesme i nosili transparente sa sloganima poput ovog: <em>,,Sotona \u0107e vladati u Vatikanu i Papa \u0107e biti njegov sluga.\u201d<\/em><\/p>\n<p>U isto je vrijeme mladi poljski franjevac slu\u010dajno bio u Rimu &#8211; brat Maksimilijan Maria Kolbe, student teologije na Gregorijanskom sveu\u010dili\u0161tu. Bio je primoran svjedo\u010diti tim prijete\u0107im demonstracijama. <em>,,Je li mogu\u0107e\u201d<\/em>, pitao se, <em>,,da \u0107e na\u0161i neprijatelji razviti takvu snage da bi nas pobijedili, dok mi sklapamo na\u0161e ruke i ne \u010dinimo ni\u0161ta? Naposljetku, zar mi nemamo puno mo\u0107nije oru\u017eje; zar mi ne mo\u017eemo ra\u010dunati na nebo, posebno na Bezgrje\u0161nu?\u201d<\/em><\/p>\n<p>Mladi je brat redovnik razmatrao o Svetom pismu, crkvenim ocima, nauku velikih marijanskih svetaca, npr., onom sv. Ljudevita Montfortskog; tako\u0111er je razmatrao o dogmi Bezgre\u0161nog Za\u010de\u0107a, kao i o zna\u010denju Gospinog ukazanja u Lourdesu. Doista, sve te istine i otajstva ne samo da imaju duhovno zna\u010denje, ve\u0107 su i iznimno prakti\u010dna zbog njihovog dru\u0161tvenog zna\u010daja. <em>\u201c\u010cista Djevica, pobjednica nad svim krivovjerjima, ne\u0107e se povu\u0107i pred neprijateljem koji di\u017ee svoju glavu protiv Nje. Kada Ona na\u0111e vjerne sluge koji slu\u0161aju Njezinu zapovijed, Ona \u0107e donijeti nove pobjede, ve\u0107e nego \u0161to bi ikada mogli zamisliti.\u201d<\/em><\/p>\n<p>U Rimu se 1917. slavila jo\u0161 jedna godi\u0161njica, dan pobjede Bezgrje\u0161ne: trenuta\u010dno obra\u0107enje Alfonsa Ratisbonnea, \u017eidova, godine 1842., zahvaljuju\u0107i milosti koju je zadobio preko \u010dudotvorne medaljice. Ta slu\u010dajnost je dala bratu Maksimilijanu ideju da utemelji Vitezove Bezgrje\u0161ne. Njihov \u0107e znak biti \u010dudotvorna medaljica. Tri dana nakon \u010duda Sunca u Fatimi, 16. listopada 1917., brat Maksimilijan je s odobrenjem svoga poglavara, sa \u0161estoro bra\u0107e utemeljio Militia Immaculatae dok je kle\u010dao pred Gospinim oltarom u kapelici na sveu\u010dili\u0161tu Seraphicum u Rimu.<\/p>\n<\/div>\n<\/td>\n<td width=\"261\"><img loading=\"lazy\" src=\"https:\/\/test4.mi-backup.ch\/wp-content\/uploads\/media\/kolbe12.jpg\" alt=\"\" width=\"250\" height=\"331\" align=\"top\" border=\"1\" hspace=\"5\" vspace=\"5\" \/><\/p>\n<p style=\"text-align: center\">Utemeljitelj MI Maksilimijan<br \/>\n&#8211; stra\u017eni red, lijevo<\/p>\n<p style=\"text-align: center\"><img loading=\"lazy\" src=\"https:\/\/test4.mi-backup.ch\/wp-content\/uploads\/media\/Fatima.jpg\" alt=\"\" width=\"250\" height=\"319\" align=\"top\" border=\"1\" hspace=\"5\" vspace=\"5\" \/><\/p>\n<\/td>\n<\/tr>\n<\/tbody>\n<\/table>\n<div><\/div>\n","protected":false},"excerpt":{"rendered":"<p>Porijeklo Vojske Bezgrje\u0161ne 1917. godina je godina Oktobarske revolucije u Rusiji, ali ona je i godina Gospina ukazanja u Fatimi! U Rimu su masoni slavili svoju 200. godi\u0161njicu. Gdje god je \u010dovjek pogledao, mogao je vidjeti zastave i plakate koji prikazuju svetog Mihaela Arkan\u0111ela kako je pobije\u0111en i zga\u017een pod<a class=\"more-link\" href=\"https:\/\/test4.mi-backup.ch\/hr\/porijeklo-vojske-bezgrjesne\/\">Pro\u010ditaj vi\u0161e &rarr;<\/a><\/p>\n","protected":false},"author":9,"featured_media":0,"parent":0,"menu_order":0,"comment_status":"closed","ping_status":"closed","template":"","meta":[],"_links":{"self":[{"href":"https:\/\/test4.mi-backup.ch\/hr\/wp-json\/wp\/v2\/pages\/335"}],"collection":[{"href":"https:\/\/test4.mi-backup.ch\/hr\/wp-json\/wp\/v2\/pages"}],"about":[{"href":"https:\/\/test4.mi-backup.ch\/hr\/wp-json\/wp\/v2\/types\/page"}],"author":[{"embeddable":true,"href":"https:\/\/test4.mi-backup.ch\/hr\/wp-json\/wp\/v2\/users\/9"}],"replies":[{"embeddable":true,"href":"https:\/\/test4.mi-backup.ch\/hr\/wp-json\/wp\/v2\/comments?post=335"}],"version-history":[{"count":6,"href":"https:\/\/test4.mi-backup.ch\/hr\/wp-json\/wp\/v2\/pages\/335\/revisions"}],"predecessor-version":[{"id":3654,"href":"https:\/\/test4.mi-backup.ch\/hr\/wp-json\/wp\/v2\/pages\/335\/revisions\/3654"}],"wp:attachment":[{"href":"https:\/\/test4.mi-backup.ch\/hr\/wp-json\/wp\/v2\/media?parent=335"}],"curies":[{"name":"wp","href":"https:\/\/api.w.org\/{rel}","templated":true}]}}