{"id":336,"date":"2016-08-27T14:58:16","date_gmt":"2016-08-27T14:58:16","guid":{"rendered":"http:\/\/migration.mi-admin.ch\/hrvojska-bezgrjesnebit-i-ustrojstvo\/"},"modified":"2017-03-02T09:51:03","modified_gmt":"2017-03-02T08:51:03","slug":"bit-i-ustrojstvo","status":"publish","type":"page","link":"https:\/\/test4.mi-backup.ch\/hr\/bit-i-ustrojstvo\/","title":{"rendered":"Bit i ustrojstvo"},"content":{"rendered":"<h1>Bit i ustrojstvo Vojske Bezgrje\u0161ne<\/h1>\n<table border=\"0\" width=\"740\" cellspacing=\"0\" cellpadding=\"0\">\n<tbody>\n<tr>\n<td valign=\"top\" width=\"470\">\n<div>\n<p>Vojska Bezgrje\u0161ne nije bratov\u0161tina u uobi\u010dajenom smislu, s odre\u0111enim konkretnim aktivnostima osmi\u0161ljenima za odre\u0111enu grupu zainteresiranih osoba. <em>,,To je pokret koji treba privla\u010diti mase i oteti ih Sotoni. Jednom kada se du\u0161e pridobiju za Bezgrje\u0161nu, postojat \u0107e oni koje \u0107e se mo\u0107i voditi dalje do samog vrhunca pobo\u017enosti, \u010dak i do to\u010dke juna\u0161tva u slu\u017eenju \u0161irenja Kraljevstva Bo\u017ejeg preko Bezgrje\u0161ne. Svi redovni\u010dki redovi i dru\u017ebe, svi pokreti u Crkvi tako\u010d\u2018er mogu pripadati Vojsci. \u010dlanstvo \u0107e omogu\u0107iti svakom \u010dlanu da dade ono najbolje od sebe apostolatu i na taj na\u010din postigne kr\u0161\u0107ansko savr\u0161enstvo u svom stale\u017eu u \u017eivotu, u svojem pozivu. Nu\u017eno je shvatiti Vojsku Bezgrje\u0161ne kao ne\u0161to izvanredno, a ne kao ne\u0161to op\u0107enito; to zna\u010di da je ne smijemo gledati kao jednu organizaciju me\u0111u mnogima drugima; umjesto toga, ona treba prodrijeti u dubine svih drugih organizacija.\u201d<\/em> (Iz pisma 31. prosinca 1935.).<\/p>\n<p><em>,,Bit MI sastoji se u tome da pripadamo Bezgrje\u0161noj bezuvjetno, neopozivo, bez zadr\u0161ki i na svaki na\u010din. Zbog toga tko god da se priklju\u010di MI, postaje potpuno Njezino vlasni\u0161tvo. Jo\u0161 preciznije, on pripada Isusu, ba\u0161 kao \u0161to Ona pripada Isusu, i \u0161to je vi\u0161e ta osoba Njezino vlasni\u0161tvo, to vi\u0161e ona pripada Isusu.<\/em><\/p>\n<p><em>,,MI se zove vojska, ili vite\u0161tvo, jer se onaj koji Njoj pripada ne ograni\u010duje na to da se potpuno posveti Bezgrje\u0161noj, ve\u0107 on nastoji, najbolje \u0161to mo\u017ee, osvojiti srca drugih za Nju, tako da i oni mogu posvetiti svoja srca Njoj, kao \u0161to se i on Njoj posvetio.\u201d<\/em><\/p>\n<p><em>\u201cCilj MI je te\u017eiti obra\u0107enju grje\u0161nika, krivjernika, raskolnika, itd., osobito masona, kao i posve\u0107enje sviju, pod za\u0161titom i kroz posredovanje Bezgrje\u0161ne Djevice.\u201d<\/em><\/p>\n<p>Otac Maksimilijan Kolbe razlikuje tri stupnja u MI, ovisno o revnosti \u010dlanova, njihovim sposobnostima i stale\u017eu.<\/p>\n<p>1. ,,U prvom stupnju MI svatko sebe posve\u0107uje Bezgrje\u0161noj i nastoji osobno ostvariti svrhu Vojske, prema svojim okolnostima i pravilima razboritosti.\u201d<\/p>\n<p>Ovaj stupanj je temelj, osnova Vojske: u svojem osobnom, pojedina\u010dnom \u017eivotu, vitez Bezgrje\u0161ne se moli, \u017ertvuje i radi kao vojnik u pojedina\u010dnoj borbi.<\/p>\n<p>2. ,,U drugom stupnju MI vitezovi se povezuju posebnim statutima i programima. Oni ujedinjuju svoje snage da bi br\u017ee i efikasnije dostigli svoj objavljeni cilj.\u201d<\/p>\n<p>Ovaj stupanj je obilje\u017een ujedinjenim nastojanjima i organizacijom vitezova da bi provodili javni apostolat. Vitezovi mogu ujediniti snage na raznim projektima, bilo u \u017eupi, mjesnoj vjerskoj zajednici, ili na razini redovni\u010dke zajednice ili dru\u017ebe. Vitezovi mogu formirati udru\u017eenja u kojima se dijeli isti duhovni interes, grupiran po godinama ili apostolatskim ciljevima, itd. Nadalje, ve\u0107 postoje\u0107e organizacije (npr. pokreti mladih, studijski krugovi, itd.) mogu se obvezati idealu MI i tako djelovati kao skupine MI drugog stupnja.<\/p>\n<p>3. \u201cTre\u0107i stupanj MI sastoji se od neograni\u010dene predanosti Bezgrje\u0161noj. Tako Ona mo\u017ee \u010diniti s nama \u0161to Ona \u017eeli i kako Ona \u017eeli. Mi potpuno pripadamo Njoj i Ona potpuno pripada nama. Sve radimo s Njezinom pomo\u0107i, \u017eivimo i radimo pod Njezinom za\u0161titom.\u201d<\/p>\n<\/div>\n<div><\/div>\n<\/td>\n<td style=\"text-align: right\" width=\"265\"><img loading=\"lazy\" src=\"https:\/\/test4.mi-backup.ch\/wp-content\/uploads\/media\/kolbe11.jpg\" alt=\"\" width=\"250\" height=\"291\" align=\"top\" border=\"1\" hspace=\"5\" vspace=\"5\" \/><\/p>\n<p><img loading=\"lazy\" src=\"https:\/\/test4.mi-backup.ch\/wp-content\/uploads\/media\/niepokalanow5.jpg\" alt=\"\" width=\"250\" height=\"159\" align=\"top\" border=\"1\" hspace=\"5\" vspace=\"5\" \/><\/p>\n<p><img loading=\"lazy\" src=\"https:\/\/test4.mi-backup.ch\/wp-content\/uploads\/media\/kolbe11_(2).jpg\" alt=\"\" width=\"250\" height=\"291\" align=\"top\" border=\"1\" hspace=\"5\" vspace=\"5\" \/><\/p>\n<p><img loading=\"lazy\" src=\"https:\/\/test4.mi-backup.ch\/wp-content\/uploads\/media\/Kobe9.jpg.jpg\" alt=\"\" width=\"250\" height=\"412\" align=\"top\" border=\"1\" hspace=\"5\" vspace=\"5\" \/><\/td>\n<\/tr>\n<\/tbody>\n<\/table>\n<div><\/div>\n","protected":false},"excerpt":{"rendered":"<p>Bit i ustrojstvo Vojske Bezgrje\u0161ne Vojska Bezgrje\u0161ne nije bratov\u0161tina u uobi\u010dajenom smislu, s odre\u0111enim konkretnim aktivnostima osmi\u0161ljenima za odre\u0111enu grupu zainteresiranih osoba. ,,To je pokret koji treba privla\u010diti mase i oteti ih Sotoni. Jednom kada se du\u0161e pridobiju za Bezgrje\u0161nu, postojat \u0107e oni koje \u0107e se mo\u0107i voditi dalje do<a class=\"more-link\" href=\"https:\/\/test4.mi-backup.ch\/hr\/bit-i-ustrojstvo\/\">Pro\u010ditaj vi\u0161e &rarr;<\/a><\/p>\n","protected":false},"author":9,"featured_media":0,"parent":0,"menu_order":0,"comment_status":"closed","ping_status":"closed","template":"","meta":[],"_links":{"self":[{"href":"https:\/\/test4.mi-backup.ch\/hr\/wp-json\/wp\/v2\/pages\/336"}],"collection":[{"href":"https:\/\/test4.mi-backup.ch\/hr\/wp-json\/wp\/v2\/pages"}],"about":[{"href":"https:\/\/test4.mi-backup.ch\/hr\/wp-json\/wp\/v2\/types\/page"}],"author":[{"embeddable":true,"href":"https:\/\/test4.mi-backup.ch\/hr\/wp-json\/wp\/v2\/users\/9"}],"replies":[{"embeddable":true,"href":"https:\/\/test4.mi-backup.ch\/hr\/wp-json\/wp\/v2\/comments?post=336"}],"version-history":[{"count":6,"href":"https:\/\/test4.mi-backup.ch\/hr\/wp-json\/wp\/v2\/pages\/336\/revisions"}],"predecessor-version":[{"id":3645,"href":"https:\/\/test4.mi-backup.ch\/hr\/wp-json\/wp\/v2\/pages\/336\/revisions\/3645"}],"wp:attachment":[{"href":"https:\/\/test4.mi-backup.ch\/hr\/wp-json\/wp\/v2\/media?parent=336"}],"curies":[{"name":"wp","href":"https:\/\/api.w.org\/{rel}","templated":true}]}}