{"id":337,"date":"2016-08-27T17:04:32","date_gmt":"2016-08-27T17:04:32","guid":{"rendered":"http:\/\/migration.mi-admin.ch\/hrvojska-bezgrjesnevojska-bezgrjesne-nakon-drugog-vatikanskog-sabora\/"},"modified":"2017-03-02T10:02:54","modified_gmt":"2017-03-02T09:02:54","slug":"vojska-bezgrjesne-nakon-drugog-vatikanskog-sabora","status":"publish","type":"page","link":"https:\/\/test4.mi-backup.ch\/hr\/vojska-bezgrjesne\/vojska-bezgrjesne-nakon-drugog-vatikanskog-sabora\/","title":{"rendered":"Vojska Bezgrje\u0161ne nakon Drugog vatikanskog sabora"},"content":{"rendered":"<h1>Vojska Bezgrje\u0161ne nakon Drugog vatikanskog sabora<\/h1>\n<p><img loading=\"lazy\" class=\"alignleft\" src=\"https:\/\/test4.mi-backup.ch\/wp-content\/uploads\/media\/17_-_Pope_John_Paul_II_and_Franciszek_Gajowniczek_at_the_canonization_of_St._Maximilian_Maria_Kolbe_(1982).jpg\" width=\"250\" height=\"206\" align=\"top\" border=\"1\" hspace=\"5\" vspace=\"5\" \/>Papa Ivan Pavao II. susre\u0107e Franciszeka Gajowniczeka na kanonizaciji sv. Maksimilijana koji je za njega \u017ertvovao svoj \u017eivot.<\/p>\n<p>Revolucija do koje je doveo Drugi vatikanski koncil nije po\u0161tedila ni MI.<\/p>\n<p>&nbsp;<\/p>\n<p><strong>1. Ime \u2013 <\/strong>Po\u010delo je tako \u0161to je promijenjeno premilitantno ime Militia (Vite\u0161tvo, Vojska) u \u201cMisija Bezgrje\u0161ne\u201d, tako da se bolje sla\u017ee s na\u010delima vjerske slobode i koncilskog pacifizma. Uskoro nakon toga su duhu Koncila prilago\u0111eni statuti. Citati u novim statutima uzeti su isklju\u010divo iz koncilskih tekstova i spisa pape Pavla VI. i pape Ivana Pavla II., uz nekoliko citata svetog Maksimilijana.<\/p>\n<p><strong>2. Cilj \u2013<\/strong> Ti prepravljeni statuti predstavljaju potpuno novi cilj MI. Vi\u0161e nema govora o obra\u0107enju masona, krivovjernika, itd. \u010cak je i sama strelovita molitva MI, <em>\u201cO Marijo bez grijeha za\u010deta\u2026\u201d <\/em>li\u0161ena svoje krajnje to\u010dke, koju je utemeljitelj dodao: <em>\u201c i za sve one koji se Tebi ne utje\u010du, a naro\u010dito za masone i za sve one koji su Ti preporu\u010deni.\u201d<\/em> Obra\u0107enje du\u0161a, borba protiv zabluda i trud da se povrati otpale katolike natrag u okrilje Svete Majke Crkve tako\u0111er se vi\u0161e ne mogu prona\u0107i u statutima. Nema nijedne rije\u010di o Sotoni, glavnom neprijatelju Bezgrje\u0161ne i du\u0161a te logi\u010dno nema ni spomena o spasenju du\u0161a koje treba izbaviti iz ralja pakla pod svaku cijenu.<\/p>\n<p><strong>3. Bit \u2013 <\/strong>\u0160to se ti\u010de biti MI, jo\u0161 se govori o potpunoj posveti Bezgrje\u0161noj, ali ono \u0161to ta posveta konkretno uklju\u010duje je radikalno promijenjeno. Nema ni rije\u010di o poslu\u0161nosti volji Bezgrje\u0161ne; umjesto apostolata \u0161irenja istinske vjere, \u017eari\u0161te je sada na aktivnostima namijenjenima promicanju dostojanstva ljudske osobe i za\u0161titi ljudskog \u017eivota.<\/p>\n<p><strong>4. <\/strong>Majka Bo\u017eja predstavlja se samo kao uzor i model koji trebamo opona\u0161ati. S druge strane, novi statuti \u0161ute o onome \u0161to je sv. Maksimilijan zvao ,,prakti\u010dna primjena dogme Bezgrje\u0161nog za\u010de\u0107a\u201d, poglavito Njezinoj aktivnoj ulozi kao Posrednice svih milosti (istina koja je od Drugog vatikanskog sabora u\u010dinjena pukim mi\u0161ljenjem o kojemu se mo\u017ee raspravljati), pogotovo milosti obra\u0107enja i posve\u0107enja. Na isti na\u010din je ono \u0161to je utemeljitelj smatrao temeljem svog cijelog projekta odba\u010deno. <em>,,Sav rad MI temelji se na istini da je Marija Posrednica svih milosti. Ako to nije slu\u010daj, onda je sav na\u0161 posao i sav na\u0161 trud besmislen.\u201d<\/em> (Predavanje od 6.lipnja 1933.)<\/p>\n<div><\/div>\n","protected":false},"excerpt":{"rendered":"<p>Vojska Bezgrje\u0161ne nakon Drugog vatikanskog sabora Papa Ivan Pavao II. susre\u0107e Franciszeka Gajowniczeka na kanonizaciji sv. Maksimilijana koji je za njega \u017ertvovao svoj \u017eivot. Revolucija do koje je doveo Drugi vatikanski koncil nije po\u0161tedila ni MI. &nbsp; 1. Ime \u2013 Po\u010delo je tako \u0161to je promijenjeno premilitantno ime Militia (Vite\u0161tvo,<a class=\"more-link\" href=\"https:\/\/test4.mi-backup.ch\/hr\/vojska-bezgrjesne\/vojska-bezgrjesne-nakon-drugog-vatikanskog-sabora\/\">Pro\u010ditaj vi\u0161e &rarr;<\/a><\/p>\n","protected":false},"author":9,"featured_media":0,"parent":333,"menu_order":0,"comment_status":"closed","ping_status":"closed","template":"","meta":[],"_links":{"self":[{"href":"https:\/\/test4.mi-backup.ch\/hr\/wp-json\/wp\/v2\/pages\/337"}],"collection":[{"href":"https:\/\/test4.mi-backup.ch\/hr\/wp-json\/wp\/v2\/pages"}],"about":[{"href":"https:\/\/test4.mi-backup.ch\/hr\/wp-json\/wp\/v2\/types\/page"}],"author":[{"embeddable":true,"href":"https:\/\/test4.mi-backup.ch\/hr\/wp-json\/wp\/v2\/users\/9"}],"replies":[{"embeddable":true,"href":"https:\/\/test4.mi-backup.ch\/hr\/wp-json\/wp\/v2\/comments?post=337"}],"version-history":[{"count":6,"href":"https:\/\/test4.mi-backup.ch\/hr\/wp-json\/wp\/v2\/pages\/337\/revisions"}],"predecessor-version":[{"id":3650,"href":"https:\/\/test4.mi-backup.ch\/hr\/wp-json\/wp\/v2\/pages\/337\/revisions\/3650"}],"up":[{"embeddable":true,"href":"https:\/\/test4.mi-backup.ch\/hr\/wp-json\/wp\/v2\/pages\/333"}],"wp:attachment":[{"href":"https:\/\/test4.mi-backup.ch\/hr\/wp-json\/wp\/v2\/media?parent=337"}],"curies":[{"name":"wp","href":"https:\/\/api.w.org\/{rel}","templated":true}]}}