{"id":338,"date":"2016-08-27T17:11:59","date_gmt":"2016-08-27T17:11:59","guid":{"rendered":"http:\/\/migration.mi-admin.ch\/hrvojska-bezgrjesneobnova-vojske-bezgrjesne-u-katolickoj-tradiciji\/"},"modified":"2020-10-26T15:53:38","modified_gmt":"2020-10-26T14:53:38","slug":"obnova-vojske-bezgrjesne-u-katolickoj-tradiciji","status":"publish","type":"page","link":"https:\/\/test4.mi-backup.ch\/hr\/obnova-vojske-bezgrjesne-u-katolickoj-tradiciji\/","title":{"rendered":"Obnova Vojske Bezgrje\u0161ne u katoli\u010dkoj Tradiciji"},"content":{"rendered":"<figure style=\"width: 250px\" class=\"wp-caption alignright\"><img loading=\"lazy\" src=\"https:\/\/test4.mi-backup.ch\/wp-content\/uploads\/media\/Fatima.PathtoPeace.Stehlin_(Copy).png\" width=\"250\" height=\"153\" align=\"top\" border=\"1\" hspace=\"5\" vspace=\"5\" \/><figcaption class=\"wp-caption-text\">P. Karl Stehlin, obnovitelj izvorne MI u katoli\u010dkoj Tradiciji.<\/figcaption><\/figure>\n<p>Vojska Bezgrje\u0161ne obnovljena je u duhu i prema tekstovima izvornih statuta 6. svibnja 2000. godine od\u00a0 poglavara Sve\u0107eni\u010dkog bratstva sv. Pija X. u Poljskoj, s dopu\u0161tenjem Generalnog poglavara, biskupa Bernarda Fellaya, u skladu s na\u010delima dopunske vlasti upravljanja.<\/p>\n<p>U velja\u010di 2002. godine Generalni poglavar napisao je pismo svim \u010dlanovima Sve\u0107ni\u010dkog bratstva: ,,<em>Na svaki na\u010din vas pozivam da se prihvatite ove divne, potpuno apostolske inicijative i da ju \u0161irite. U njoj promatramo s jedne strane potpunu podudarnost s fatimskom porukom, a s druge strane s istom pobo\u017enom predano\u0161\u0107u Presvetoj Djevici Mariji koju na\u0161i statuti od nas tra\u017ee.\u201d<\/em><\/p>\n<figure style=\"width: 250px\" class=\"wp-caption alignright\"><img loading=\"lazy\" src=\"https:\/\/test4.mi-backup.ch\/wp-content\/uploads\/media\/bishop_fellay_sspx_superior_general460.jpg\" width=\"250\" height=\"226\" align=\"top\" border=\"1\" hspace=\"5\" vspace=\"5\" \/><figcaption class=\"wp-caption-text\">Biskup Bernard Fellay, Generalni poglavar Sve\u0107eni\u010dkog bratstva sv. Pija X.<\/figcaption><\/figure>\n<p>Tradicionalna Vojska Bezgrje\u0161ne je u me\u0111uvremenu utemeljena u brojnim zemljama i broji preko 10.000 \u010dlanova. \u017delite li se pridru\u017eiti MI, mo\u017eete zatra\u017eiti kod bilo kojeg sve\u0107nika Bratstva sv. Pija X. da obavi obred u\u010dlanjenja. Osoba pak slu\u017ebeno postaje \u201cVitez Bezgrje\u0161ne\u201d kada sve\u0107enik potpi\u0161e potvrdu o u\u010dlanjenju i kada se to ubilje\u017ei u sjedi\u0161tu MI. Obratiti se mo\u017eete osobno sve\u0107eniku Bratstva ili na adresu Hrvatskog tajni\u0161tva FSSPX-a u Hrvatskoj:<\/p>\n<p style=\"padding-left: 30px;\">Hrvatsko tajni\u0161tvo FSSPX-a<\/p>\n<p style=\"padding-left: 30px;\">V. Lisinskog 1<\/p>\n<p style=\"padding-left: 30px;\">10370 Dugo Selo<\/p>\n<p style=\"padding-left: 30px;\">Hrvatska<\/p>\n<p style=\"padding-left: 30px;\">fsspxhr(et)gmail.com<\/p>\n","protected":false},"excerpt":{"rendered":"<p>Vojska Bezgrje\u0161ne obnovljena je u duhu i prema tekstovima izvornih statuta 6. svibnja 2000. godine od\u00a0 poglavara Sve\u0107eni\u010dkog bratstva sv. Pija X. u Poljskoj, s dopu\u0161tenjem Generalnog poglavara, biskupa Bernarda Fellaya, u skladu s na\u010delima dopunske vlasti upravljanja. U velja\u010di 2002. godine Generalni poglavar napisao je pismo svim \u010dlanovima Sve\u0107ni\u010dkog<a class=\"more-link\" href=\"https:\/\/test4.mi-backup.ch\/hr\/obnova-vojske-bezgrjesne-u-katolickoj-tradiciji\/\">Pro\u010ditaj vi\u0161e &rarr;<\/a><\/p>\n","protected":false},"author":9,"featured_media":0,"parent":0,"menu_order":0,"comment_status":"closed","ping_status":"closed","template":"","meta":[],"_links":{"self":[{"href":"https:\/\/test4.mi-backup.ch\/hr\/wp-json\/wp\/v2\/pages\/338"}],"collection":[{"href":"https:\/\/test4.mi-backup.ch\/hr\/wp-json\/wp\/v2\/pages"}],"about":[{"href":"https:\/\/test4.mi-backup.ch\/hr\/wp-json\/wp\/v2\/types\/page"}],"author":[{"embeddable":true,"href":"https:\/\/test4.mi-backup.ch\/hr\/wp-json\/wp\/v2\/users\/9"}],"replies":[{"embeddable":true,"href":"https:\/\/test4.mi-backup.ch\/hr\/wp-json\/wp\/v2\/comments?post=338"}],"version-history":[{"count":9,"href":"https:\/\/test4.mi-backup.ch\/hr\/wp-json\/wp\/v2\/pages\/338\/revisions"}],"predecessor-version":[{"id":32065,"href":"https:\/\/test4.mi-backup.ch\/hr\/wp-json\/wp\/v2\/pages\/338\/revisions\/32065"}],"wp:attachment":[{"href":"https:\/\/test4.mi-backup.ch\/hr\/wp-json\/wp\/v2\/media?parent=338"}],"curies":[{"name":"wp","href":"https:\/\/api.w.org\/{rel}","templated":true}]}}