{"id":339,"date":"2016-08-27T17:14:34","date_gmt":"2016-08-27T17:14:34","guid":{"rendered":"http:\/\/migration.mi-admin.ch\/hrvojska-bezgrjesnepovijesni-razvoj-vojske-bezgrjesne\/"},"modified":"2017-03-02T10:06:36","modified_gmt":"2017-03-02T09:06:36","slug":"povijesni-razvoj-vojske-bezgrjesne","status":"publish","type":"page","link":"https:\/\/test4.mi-backup.ch\/hr\/povijesni-razvoj-vojske-bezgrjesne\/","title":{"rendered":"Povijesni razvoj Vojske Bezgrje\u0161ne"},"content":{"rendered":"<h1>Povijesni razvoj Vojske Bezgrje\u0161ne<\/h1>\n<table border=\"0\" width=\"740\" cellspacing=\"0\" cellpadding=\"0\">\n<tbody>\n<tr>\n<td valign=\"top\" width=\"480\">Godinu nakon \u0161to je utemeljena, Vojska Bezgrje\u0161ne je primila Apostolski blagoslov pape Benedikta XV. Dana 2. sije\u010dnja 1922. odobrena je od pape Benedikta XV. kao pobo\u017eno udru\u017eenje [<em>Pia Unio<\/em>], a 1927. je uzdignuta na <em>Pia Unio Primaria<\/em>, \u0161to zna\u010di da je MI bilo dopu\u0161teno da posvuda osniva podru\u017enice.<\/p>\n<p>Otada se MI pro\u0161irila po svijetu na \u010dudesan na\u010din. Otac Maksimilijan je 1927. godine utemeljio NIEPOKALAN\u00d3W (Grad Bezgrje\u0161ne), da bi proveo u praksi uzor tre\u0107em stupnju MI. Maleni grad podignut je na povr\u0161ini poljoprivrednog zemlji\u0161ta. Dvanaest godina nakon njegovog utemeljenja imao je 762 redovnika, koji su se revno posvetili marijanskom apostolatu na svaki mogu\u0107i na\u010din, osobito apostolatu katoli\u010dkog novinarstva.<\/p>\n<p>Izme\u0111u jedanaest \u010dasopisa bile su dnevne novine (koje su do 1939. imale 250,000 pretpla\u0107enih \u010ditatelja), i posebni mjese\u010dni \u010dasopis \u201c<em>Vitez Bezgrje\u0161ne\u201d,<\/em> koji je izlazio u milijun primjeraka u svom poljskom izdanju. Taj \u010dasopis je izlazio i na raznim drugim jezicima, \u010dak i na japanskom, kao i na latinskom za kler.<\/p>\n<p>Otac Kolbe je 1930. godine utemeljio drugi \u201cGrad Bezgrje\u0161ne\u201d u Nagasakiju, u Japanu, koji je \u010dudotvorno po\u0161te\u0111en za vrijeme katastrofe atomske bombe 1945. Ranih \u0161ezdesetih Vojska Bezgrje\u0161ne imala je 500 podru\u017enica na svih pet kontinenata i brojila je preko tri milijuna \u010dlanova.<\/p>\n<p><img loading=\"lazy\" src=\"https:\/\/test4.mi-backup.ch\/wp-content\/uploads\/media\/kolbe16.jpg\" alt=\"\" width=\"296\" height=\"182\" align=\"bottom\" border=\"1\" hspace=\"5\" vspace=\"5\" \/><\/td>\n<td valign=\"top\" width=\"260\">\n<p style=\"text-align: center\">Nipokalanow, grad Bezgrje\u0161ne kod Var\u0161ave<br \/>\n<img loading=\"lazy\" src=\"https:\/\/test4.mi-backup.ch\/wp-content\/uploads\/media\/niepokalanow3.jpg\" alt=\"\" width=\"250\" height=\"155\" align=\"right\" border=\"1\" \/><\/p>\n<p><img loading=\"lazy\" src=\"https:\/\/test4.mi-backup.ch\/wp-content\/uploads\/media\/niepokalanow4.jpg\" alt=\"\" width=\"250\" height=\"147\" align=\"right\" border=\"1\" hspace=\"0\" \/><\/p>\n<p><img loading=\"lazy\" src=\"https:\/\/test4.mi-backup.ch\/wp-content\/uploads\/media\/niepokalanow1.jpg\" alt=\"\" width=\"250\" height=\"161\" align=\"right\" border=\"1\" hspace=\"0\" \/><\/p>\n<p><img loading=\"lazy\" src=\"https:\/\/test4.mi-backup.ch\/wp-content\/uploads\/media\/niepokalanow2.jpg\" alt=\"\" width=\"250\" height=\"170\" align=\"right\" border=\"1\" hspace=\"0\" \/><\/td>\n<\/tr>\n<\/tbody>\n<\/table>\n","protected":false},"excerpt":{"rendered":"<p>Povijesni razvoj Vojske Bezgrje\u0161ne Godinu nakon \u0161to je utemeljena, Vojska Bezgrje\u0161ne je primila Apostolski blagoslov pape Benedikta XV. Dana 2. sije\u010dnja 1922. odobrena je od pape Benedikta XV. kao pobo\u017eno udru\u017eenje [Pia Unio], a 1927. je uzdignuta na Pia Unio Primaria, \u0161to zna\u010di da je MI bilo dopu\u0161teno da posvuda<a class=\"more-link\" href=\"https:\/\/test4.mi-backup.ch\/hr\/povijesni-razvoj-vojske-bezgrjesne\/\">Pro\u010ditaj vi\u0161e &rarr;<\/a><\/p>\n","protected":false},"author":9,"featured_media":0,"parent":0,"menu_order":0,"comment_status":"closed","ping_status":"closed","template":"","meta":[],"_links":{"self":[{"href":"https:\/\/test4.mi-backup.ch\/hr\/wp-json\/wp\/v2\/pages\/339"}],"collection":[{"href":"https:\/\/test4.mi-backup.ch\/hr\/wp-json\/wp\/v2\/pages"}],"about":[{"href":"https:\/\/test4.mi-backup.ch\/hr\/wp-json\/wp\/v2\/types\/page"}],"author":[{"embeddable":true,"href":"https:\/\/test4.mi-backup.ch\/hr\/wp-json\/wp\/v2\/users\/9"}],"replies":[{"embeddable":true,"href":"https:\/\/test4.mi-backup.ch\/hr\/wp-json\/wp\/v2\/comments?post=339"}],"version-history":[{"count":6,"href":"https:\/\/test4.mi-backup.ch\/hr\/wp-json\/wp\/v2\/pages\/339\/revisions"}],"predecessor-version":[{"id":3652,"href":"https:\/\/test4.mi-backup.ch\/hr\/wp-json\/wp\/v2\/pages\/339\/revisions\/3652"}],"wp:attachment":[{"href":"https:\/\/test4.mi-backup.ch\/hr\/wp-json\/wp\/v2\/media?parent=339"}],"curies":[{"name":"wp","href":"https:\/\/api.w.org\/{rel}","templated":true}]}}