{"id":340,"date":"2016-08-27T17:21:51","date_gmt":"2016-08-27T17:21:51","guid":{"rendered":"http:\/\/migration.mi-admin.ch\/hrvojska-bezgrjesnenekoliko-pojasnjenja-sv-maksimilijana-kolbea-o-mi\/"},"modified":"2017-03-02T14:52:10","modified_gmt":"2017-03-02T13:52:10","slug":"nekoliko-pojasnjenja-sv-maksimilijana-kolbea-o-mi","status":"publish","type":"page","link":"https:\/\/test4.mi-backup.ch\/hr\/nekoliko-pojasnjenja-sv-maksimilijana-kolbea-o-mi\/","title":{"rendered":"Nekoliko poja\u0161njenja sv. Maksimilijana Kolbea o MI"},"content":{"rendered":"<h1>Nekoliko poja\u0161njenja sv. Maksimilijana Kolbea o MI<\/h1>\n<p><strong><em><br \/>\n<img style=\"border-width: 1px;border-style: solid;margin: 3px 10px;float: right;width: 213px;height: 290px\" src=\"https:\/\/test4.mi-backup.ch\/wp-content\/uploads\/media\/kolbe3.jpg_(Copy).JPG\" alt=\"\" \/><\/em><\/strong><\/p>\n<h3>Za\u0161to se posebno trebamo okrenuti Bezgrje\u0161noj?<\/h3>\n<p>,,Obra\u0107enje grje\u0161nika ne mo\u017eemo posti\u0107i ni na jedan drugi na\u010din nego kroz Mariju. U svojoj neizmjernoj dobroti, Bog je postavio svoju presvetu Majku kao blagajnicu svih milosti i one se izlijevaju na svijet jedino kroz Nju. Naravno, mi moramo moliti za te milosti samoga Boga, ali one dolaze uvijek kroz posredovanje Bezgrje\u0161ne.\u201c (predavanje od 30. svibnja 1933.)<\/p>\n<h3>U \u010demu se sastoji \u201epotpuno posveta\u201c Mariji?<\/h3>\n<p>,,Mi \u017eelimo pripadati tako potpuno Bezgrje\u0161noj da ne preostane ni\u0161ta \u0161to pripada nama, tako da smo, tako re\u0107i, poni\u0161teni u Njoj, kao da smo preobra\u017eeni u Nju, tako da samo Ona sama ostaje u nama&#8230; Tako da pripadamo Njoj kao \u0161to Ona pripada Bogu.\u201c (Pismo od 12. travnja 1933.)<\/p>\n<h3>Je li \u010din potpune posvete dostatan?<\/h3>\n<p>,,Ljubav prema Bezgrje\u0161noj ne sastoji se samo od \u010dina posvete, \u010dak i kada je u\u010dinjen s velikom revno\u0161\u0107u, ve\u0107 tako\u0111er i od puno odricanja i da stalno radimo za Njezin cilj.\u201c (Pismo od 10. velja\u010de 1937.)<\/p>\n<h3>Je li to posveta doista neopoziva?<\/h3>\n<p>,,U MI moramo razlu\u010diti dvije stvari vrlo pa\u017eljivo: njezinu bit i njezine dodatne zna\u010dajke. Bitna stvar nije ova ili ona forma organizacije, ve\u0107 bezuvjetna i neograni\u010dena posveta osobe Bezgrje\u0161noj: ljubav za Bezgrje\u0161nu koja iz nas sjaji do one mjere da su du\u0161e oko nas zapaljene tom vatrom.\u201c (Pismo od 13. prosinca 1938.)<\/p>\n<h3>Koji u\u010dinak ima ta posveta na na\u0161a djela i na na\u0161 rad?<\/h3>\n<p>,,Ta posveta nikako ne zahtijeva da ostavimo svijet i obitelj i da odemo \u017eivjeti u samostan. Ne, osoba se mo\u017ee posve\u0107ivati svim svojim prija\u0161njim \u010dasnim aktivnostima u svom prija\u0161njem stale\u017eu. No sada ne prinosimo te dnevne aktivnosti vi\u0161e mi sami, ve\u0107 ih prinosi sama Bezgrje\u0161na, \u010dije smo postali vlasni\u0161tvo. I ona ih prinosti, ne kao na\u0161a slaba djela, koja su puna svih vrsta nesavr\u0161enosti, ve\u0107 kao svoja vlastita. Jer \u010dista Djevica ne mo\u017ee prinijeti Bogu ni\u0161ta \u0161to je uprljano ili ukaljano. U Njezinim bezgre\u0161nim rukama na\u0161a nesavr\u0161ena djela tako\u0111er postaju bezgre\u0161na, \u010dista, i tako neusporedivo vrjednija.\u201c (Prva okru\u017enica na njema\u010dkom, 10. srpnja 1938.)<\/p>\n<h3>Pripadaju li na\u0161a djela Bezgrje\u0161noj samo onda kada mislimo na Nju dok ih \u010dinimo?<\/h3>\n<p>,,Bit pobo\u017enosti Bezgrje\u0161noj ne sastoji se u tome da mislimo stalno na Nju, nego u volji. Tako du\u0161a koja je potpuno unesena u izvr\u0161avanje svojih du\u017enosti ne prestaje biti vlasni\u0161tvo Bezgrje\u0161ne, i njezine misli, rije\u010di i djela ne prestaju pripadati Bezgrje\u0161noj, \u010dak i kada osoba sama ne misli o tome.&#8221; (Prva okru\u017enica na njema\u010dkom 10. srpnja 1938.)<\/p>\n<h3>Za\u0161to moramo nositi \u010dudotvornu medaljicu i \u0161iriti ju?<\/h3>\n<p>,,U tom djelu koji MI stavlja pred nas moramo koristiti sva mogu\u0107a dopu\u0161tena sredstva. Posebno pak trebamo izabrati ona sredstva koja nam je sama Bezgrje\u0161na dala, a jedno od njih je \u010dudotvorna medaljica.\u201c (Vitez Bezgrje\u0161ne, 1937.)<\/p>\n<p>,,Dijelimo \u010dudotvornu medaljicu svugdje gdje je mogu\u0107e, dobrim ljudima, a tako\u0111er i lo\u0161ima, katolicima i nevjernicima. Jer ako joj tko iska\u017ee barem malo \u010dasti, Ona ne\u0107e odustati od njega, ve\u0107 \u0107e ga dovesti do vjere i pokajanja. Zato moramo promicati Njezinu medaljicu i u isto vrijeme trebamo vatreno moliti Bezgrje\u0161nu da postigne na\u0161e vlastito obra\u0107enje i obra\u0107enje drugih.\u201c (Vitez, prosinac 1927.)<\/p>\n<h3>Postoje li druge metode za izvr\u0161avanje apostolata?<\/h3>\n<p>,,Ne smijemo samo braniti vjeru i sura\u0111ivati u spasenju du\u0161a, ve\u0107 moramo i hrabro i nesebi\u010dno i\u0107i u napad i osvajati du\u0161e za Bezgrje\u0161nu, jednu za drugom, i navaljivati od jednog isturenog polo\u017eaja prema drugom: preko izdava\u010dkih ku\u0107a, dnevnih novina, \u010dasopisa, novinskih agencija, radio stanica, umjetni\u010dkih i knji\u017eevnih instituta, kazali\u0161ta, filma, zakonodavnih tijela. Ukratko, moramo svugdje prikazivati du\u0161e Bezgrje\u0161noj, do kraja zemlje, sa svim zamislivim \u010dasnim sredstvima koja imamo na raspolaganju.\u201c (Pismo od 21. prosinca 1928.)<\/p>\n<h3>Koje je posebno obilje\u017eje Vojske Bezgrje\u0161ne?<\/h3>\n<p>,,Vojska Bezgrje\u0161ne ne postoji samo kao obrambena, ve\u0107 posebno kao napada\u010dka sila. Jer nije dosta samo braniti religiju. Svom snagom, i vjeruju\u0107i u na\u0161u Kraljicu, prodiremo \u010dak i u neprijateljski tabor da bismo uhvatili du\u0161e i osvojili ih za Bezgrje\u0161nu&#8230; Svako srce koje kuca bilo gdje na svijetu i svako koje \u0107e kucati do kraja svijeta, mora se uhvatiti za Bezgrje\u0161nu: to je na\u0161 cilj! I mi to \u017eelimo posti\u0107i \u0161to je prije mogu\u0107e.&#8221; (Pismo od 23. travnja 1929.)<\/p>\n<p>,,Viteza mu\u010di sama pomisao da tolike du\u0161e nisu ni \u010dule ime Marijino. On \u017eeli osvojiti cijeli svijet za Nju. \u017deli je dovesti svakom srcu koje kuca pod Suncem i svakom koje \u0107e ikada kucati, tako da Ona mo\u017ee prosvijetliti ta srca obilnom milo\u0161\u0107u i zagrijati ih ljubavlju Njezinog maj\u010dinskog srca, i raspaliti u njima plamenove ljubavi prema Bogu, prema Presvetom Srcu Isusovom.\u201c (Prva okru\u017enica na njema\u010dkom, 10. srpnja 1938.)<\/p>\n<h3>Je li onda MI, Vojska Bezgre\u0161ne, prava vojska, vojska naoru\u017eana za borbu?<\/h3>\n<p>&#8220;Suo\u010deni s tako mo\u0107nim djelima po\u010dinjenima od neprijatelja Bo\u017eje Crkve, smijemo li stajati besposleni? Ne! Uzmite u obzir da na Posljednjem sudu ne samo da moramo polo\u017eiti ra\u010dun za ono \u0161to smo u\u010dinili, nego \u0107e Bog pobrojati i sva ona dobra djela koja smo mogli u\u010diniti, a nismo.\u201c (Vitez, 1923.)<\/p>\n<p>,,I zato mi moramo patiti, raditi i umrijeti kao vitezovi, ali ne obi\u010dnom smr\u0107u. Za\u0161to ne metkom u glavu, da bismo zape\u010datili na\u0161u ljubav prema Bezgrje\u0161noj? Za\u0161to ne proliti zadnju kapljicu krvi kao pravi vitez da bismo ubrzali osvajanje cijelog svijeta za nju?!\u201c (Vitez, 1939.)<\/p>\n<h3>Tko i \u0161to su najve\u0107i neprijatelji u ovoj bitci?<\/h3>\n<p>,,Svugdje po svijetu vodi se bitka protiv Crkve i za spasenje du\u0161a. Neprijatelj se o\u010dituje pod razli\u010ditim oblicima i pod razli\u010ditim imenima. Nije tajna da socijalizam izrabljuje o\u010daj radnika, tako \u0161to im ubrizgava otrov nevjere. Vidimo kako bolj\u0161evici gaze po religiji. Slu\u0161amo nauk materijalista koji su\u017eavaju svemir na ono \u0161to je izravno opipljivo i zamjetno i tako se me\u010d\u2018usobno uvjeravaju da ne postoje ni Bog ni besmrtna du\u0161a. Teozofija \u0161iri religiozni indiferentizam, a Jehovini svjedoci i drugi protestanti koriste debele sve\u017enjeve nov\u010danica dolara da bi regrutirali sve vi\u0161e i vi\u0161e sljedbenika. Svi se ti kampovi udru\u017euju i formiraju prve linije protiv Crkve.\u201c (Vitez, 1923.)<\/p>\n<p>,,Ali neprijateljeve najva\u017enije postrojbe mogu se prona\u0107i iza tih prvih linija: vrlo ugledni, vrlo znameniti, najmo\u0107niji i najsmrtonosniji neprijatelj Crkve je masonerija.\u201c (Rukopis <em>&#8216;Dana\u0161nji neprijatelji Crkve&#8217;<\/em>)<\/p>\n<h3>Kako MI gleda na ekumenizam?<\/h3>\n<p><strong>\u201eSamo Ti si pobijedila sva krivovjerja\u201c <\/strong><\/p>\n<p>Kako da to shvatimo? Ona uni\u0161tava krivovjerja, ne krivovjernike, jer ih voli i \u017eeli njihovo obra\u0107enje. Upravo zato \u0161to ih voli, osloba\u0111a ih od njihovog krivovjerja i uni\u0161tava njihova kriva mi\u0161ljenja i uvjerenja.<\/p>\n<p>,,Ona POBJE\u0110UJE krivovjerja, odnosno, ona ih ne umanjuje niti oslabljuje, ve\u0107 ih potpuno i do kraja uni\u0161tava, tako da im ne ostaje ni traga.\u201c<\/p>\n<p>,,Sva? Sva bez iznimke! Gdje? Po cijelom svijetu. Ne samo u ovoj ili onoj zemlji, nego u svim zemljama svijeta. Ona sama! Zbog toga nam nije ni\u0161ta drugo potrebno jer je ona sposobna sama to posti\u0107i.\u201c (Vitez, 1933.)<\/p>\n<h3>Za\u0161to strelovite molitve?<\/h3>\n<p>,,Ubrojeni smo me\u0111u one du\u0161e kojima je predodre\u0111eno da dr\u017ee svoje ruke uzdignute u molitvi; budu\u0107nost ovisi uvelike o tim du\u0161ama. Osim na\u0161ih uobi\u010dajenih dnevnih molitava, mi molimo puno dodatnih strelovitih molitava. I najmanja molitva i najbezna\u010dajnije djelo imaju svoj utjecaj. Bog \u017eeli da vladamo svijetom preko molitve.\u201c (Predavanje od 10. o\u017eujka 1940.)<\/p>\n<h3>Postoje li okupljanja i sastanci u MI?<\/h3>\n<p>,,MI skupine drugog stupnja mogu biti formirane bilo gdje, i njihovo zna\u010denje ne ovisi toliko o broju \u010dlanova koliko o njihovoj revnosti. Te skupine, koje se razlikuju prema dru\u0161tvenom statusu, uvjetima i okolnostima u kojima \u010dlanovi \u017eive i rade, zajedno tra\u017ee na\u010dine kako posti\u0107i svoj veliki cilj; oni prou\u010d\u008davaju rezultate i unapre\u0111uju svoje metode rada kako stje\u010du vi\u0161e iskustva.\u201c (Pismo od 2. prosinca 1931.)<\/p>\n<h3>Je li takva organizacija nu\u017ena za apostolat?<\/h3>\n<p>,,Vanjska aktivnost je dobra, ali to je bez sumnje drugotno, \u010dak i manje od toga, u usporedbi s unutarnjim \u017eivotom, \u017eivotom sabranosti i molitve, \u017eivotom osobne ljubavi prema Bogu. Do one mjere u kojoj sami izgaramo sve vi\u0161e i vi\u0161e bo\u017eanskom ljubavlju, toliko \u0107emo mo\u0107i zapaliti srca drugih tom istom ljubavi.\u201c (Pismo od 10. rujna 1940.)<\/p>\n<h3>Tra\u017ei li Majka Bo\u017eja da \u010dinimo i pokoru?<\/h3>\n<p>,,U nadnaravnim stvarima, sredstva koja su nam na raspolaganju su molitva i patnja. Ako smo radili puno bez \u017ertvovanja, onda sam trud nema vrijednosti.\u201c (predavanje od 5. o\u017eujka 1938.)<\/p>\n<p>,,Trebamo prihvatiti iz ruku Bezgrje\u0161ne sve \u0161to Ona smatra da nam je potrebno, kada i na na\u010din koji Ona \u017eeli, bilo ugodno ili neugodno. Kri\u017eevi su potrebni, jer je i Bezgrje\u0161na podnosila kri\u017eeve dok je bila ovdje na zemlji, a ni sam Isus nije odabrao nijedan drugi put.\u201c (Pismo od 28. prosinca 1934.)<\/p>\n<h3>Kako se mo\u017ee sa\u017eeti taj ideal?<\/h3>\n<p>&#8220;Nije li prekrasan taj \u017eivotni ideal? Bitka za osvajanje svijeta, srdaca svih ljudi i svakog posebno, po\u010dev\u0161i od sebe&#8230; Na\u0161a snaga sastoji se u tome da prepoznamo svoju vlastitu glupost, slabost i bijedu i da se potpuno povjerimo dobroti i mo\u0107i Bezgrje\u0161ne.\u201c (Pismo od 11. prosinca 1930.)<\/p>\n<p>,,Pod barjakom Bezgrje\u0161ne ulazimo u veliku bitku i postavit \u0107emo na\u0161e zastave na utvr\u0111ene bedeme knezova ovoga svijeta. Onda \u0107e Bezgrje\u0161na biti Kraljica ovoga svijeta i svake osobe pojedina\u010dno&#8230;\u201c (Pismo od 30. svibnja 1931.)<\/p>\n<p>&nbsp;<\/p>\n","protected":false},"excerpt":{"rendered":"<p>Nekoliko poja\u0161njenja sv. Maksimilijana Kolbea o MI Za\u0161to se posebno trebamo okrenuti Bezgrje\u0161noj? ,,Obra\u0107enje grje\u0161nika ne mo\u017eemo posti\u0107i ni na jedan drugi na\u010din nego kroz Mariju. U svojoj neizmjernoj dobroti, Bog je postavio svoju presvetu Majku kao blagajnicu svih milosti i one se izlijevaju na svijet jedino kroz Nju. Naravno,<a class=\"more-link\" href=\"https:\/\/test4.mi-backup.ch\/hr\/nekoliko-pojasnjenja-sv-maksimilijana-kolbea-o-mi\/\">Pro\u010ditaj vi\u0161e &rarr;<\/a><\/p>\n","protected":false},"author":9,"featured_media":0,"parent":0,"menu_order":0,"comment_status":"closed","ping_status":"closed","template":"","meta":[],"_links":{"self":[{"href":"https:\/\/test4.mi-backup.ch\/hr\/wp-json\/wp\/v2\/pages\/340"}],"collection":[{"href":"https:\/\/test4.mi-backup.ch\/hr\/wp-json\/wp\/v2\/pages"}],"about":[{"href":"https:\/\/test4.mi-backup.ch\/hr\/wp-json\/wp\/v2\/types\/page"}],"author":[{"embeddable":true,"href":"https:\/\/test4.mi-backup.ch\/hr\/wp-json\/wp\/v2\/users\/9"}],"replies":[{"embeddable":true,"href":"https:\/\/test4.mi-backup.ch\/hr\/wp-json\/wp\/v2\/comments?post=340"}],"version-history":[{"count":7,"href":"https:\/\/test4.mi-backup.ch\/hr\/wp-json\/wp\/v2\/pages\/340\/revisions"}],"predecessor-version":[{"id":3663,"href":"https:\/\/test4.mi-backup.ch\/hr\/wp-json\/wp\/v2\/pages\/340\/revisions\/3663"}],"wp:attachment":[{"href":"https:\/\/test4.mi-backup.ch\/hr\/wp-json\/wp\/v2\/media?parent=340"}],"curies":[{"name":"wp","href":"https:\/\/api.w.org\/{rel}","templated":true}]}}