{"id":3785,"date":"2017-03-05T23:09:57","date_gmt":"2017-03-05T22:09:57","guid":{"rendered":"https:\/\/test4.mi-backup.ch\/produkt\/flyer-zur-wundertaetigen-medaille\/"},"modified":"2023-03-01T21:51:04","modified_gmt":"2023-03-01T20:51:04","slug":"flyer-zur-wundertaetigen-medaille","status":"publish","type":"product","link":"https:\/\/test4.mi-backup.ch\/hr\/shop\/flyer-hr\/flyer-zur-wundertaetigen-medaille\/","title":{"rendered":"Letak o \u010cudotvorne medaljice"},"content":{"rendered":"<p>Ova letka (veli\u010dine DIN A7) prikladna je kao popratni letak za \u010cudesnu medalju. U nekoliko rije\u010di obja\u0161njava porijeklo i zna\u010denje ovog milosnog sredstva. Tako\u0111er imamo ovu letku na sljede\u0107im jezicima:<\/p>\n<p><a href=\"https:\/\/test4.mi-backup.ch\/wp-content\/uploads\/media\/Apostolat\/Flyer-01-kroat--web.pdf\">Hrvatska<\/a>, <a href=\"https:\/\/test4.mi-backup.ch\/wp-content\/uploads\/2017\/03\/Ein-Zeichen-der-Liebe_AFR.pdf\" target=\"_blank\" rel=\"noopener noreferrer\">afri\u010dki<\/a>, <a href=\"https:\/\/test4.mi-backup.ch\/wp-content\/uploads\/media\/Apostolat\/Flyer-01-de-web.pdf\">njema\u010dki<\/a>, <a href=\"https:\/\/test4.mi-backup.ch\/wp-content\/uploads\/media\/Apostolat\/Ein-Zeichen-der-Liebe_engl.pdf\">engleski<\/a>, <a href=\"https:\/\/test4.mi-backup.ch\/wp-content\/uploads\/media\/Apostolat\/Flyer-01-arab.pdf\">arapski<\/a>, <a href=\"https:\/\/test4.mi-backup.ch\/wp-content\/uploads\/media\/Apostolat\/Flyer-01-fr-web.pdf\">francuski<\/a>, <a href=\"https:\/\/test4.mi-backup.ch\/wp-content\/uploads\/media\/Apostolat\/Flyer-01-chines-web_new.pdf\" class=\"broken_link\">kineski<\/a>, <a href=\"https:\/\/test4.mi-backup.ch\/wp-content\/uploads\/media\/Apostolat\/Flyer-01-span-web.pdf\">\u0161panjolski<\/a>, <a href=\"https:\/\/test4.mi-backup.ch\/wp-content\/uploads\/2017\/03\/Ein-Zeichen-der-Liebe_GRC.pdf\">gr\u010dki<\/a>, <a href=\"https:\/\/test4.mi-backup.ch\/wp-content\/uploads\/media\/Apostolat\/Flyer-01-ung-web.pdf\">mad\u017earski<\/a>, <a href=\"https:\/\/test4.mi-backup.ch\/wp-content\/uploads\/2017\/03\/Ein-Zeichen-der-Liebe_IND.pdf\">indonezijski<\/a>, <a href=\"https:\/\/test4.mi-backup.ch\/wp-content\/uploads\/media\/Apostolat\/Flyer-01-ital-web.pdf\">talijanski<\/a>, <a href=\"https:\/\/test4.mi-backup.ch\/wp-content\/uploads\/media\/Apostolat\/Flyer-01-jap--web.pdf\">japanski<\/a>, <a href=\"https:\/\/test4.mi-backup.ch\/wp-content\/uploads\/2017\/03\/Ein-Zeichen-der-Liebe_NED.pdf\">nizozemski<\/a>, <a href=\"https:\/\/test4.mi-backup.ch\/wp-content\/uploads\/2017\/03\/Ein-Zeichen-der-Liebe_NOR.pdf\">norve\u0161ki<\/a>, <a href=\"https:\/\/test4.mi-backup.ch\/wp-content\/uploads\/media\/Apostolat\/Ein-Zeichen-der-Liebe_pl.pdf\">poljski<\/a>, <a href=\"https:\/\/test4.mi-backup.ch\/wp-content\/uploads\/media\/Apostolat\/Flyer-01-port.pdf\" class=\"broken_link\">portugalski<\/a>, <a href=\"https:\/\/test4.mi-backup.ch\/wp-content\/uploads\/2017\/03\/Ein-Zeichen-der-Liebe_RUM.pdf\">rumunjski<\/a>, <a href=\"https:\/\/test4.mi-backup.ch\/wp-content\/uploads\/media\/Apostolat\/Flyer-01-rus.pdf\" class=\"broken_link\">ruski<\/a>, <a href=\"https:\/\/test4.mi-backup.ch\/wp-content\/uploads\/2017\/03\/Ein-Zeichen-der-Liebe_swahili.pdf\">svahili<\/a>, <a href=\"https:\/\/test4.mi-backup.ch\/wp-content\/uploads\/2017\/03\/Ein-Zeichen-der-Liebe_thai.pdf\" class=\"broken_link\">tajlandski<\/a>, <a href=\"https:\/\/test4.mi-backup.ch\/wp-content\/uploads\/2017\/03\/Ein-Zeichen-der-Liebe_TUR.pdf\" target=\"_blank\" rel=\"noopener noreferrer\">turski<\/a>, <a href=\"https:\/\/test4.mi-backup.ch\/wp-content\/uploads\/2023\/03\/MI_EinZeichenDerLiebe_2022_UK_DRUCK.pdf\" target=\"_blank\" rel=\"noopener\">ukrajinski<\/a>, <a href=\"https:\/\/test4.mi-backup.ch\/wp-content\/uploads\/2017\/03\/Ein-Zeichen-der-Liebe_VIE.pdf\">vijetnamski<\/a><\/p>\n<p>\u017delite li to na nekom drugom jeziku? Molimo kontaktirajte nas.<\/p>\n","protected":false},"excerpt":{"rendered":"<p>Ova letka (veli\u010dine DIN A7) prikladna je kao popratni letak za \u010cudesnu medalju. U nekoliko rije\u010di obja\u0161njava porijeklo i zna\u010denje ovog milosnog sredstva. Tako\u0111er imamo ovu letku na sljede\u0107im jezicima: Hrvatska, afri\u010dki, njema\u010dki, engleski, arapski, francuski, kineski, \u0161panjolski, gr\u010dki, mad\u017earski, indonezijski, talijanski, japanski, nizozemski, norve\u0161ki, poljski, portugalski, rumunjski, ruski, svahili,<a class=\"more-link\" href=\"https:\/\/test4.mi-backup.ch\/hr\/shop\/flyer-hr\/flyer-zur-wundertaetigen-medaille\/\">Pro\u010ditaj vi\u0161e &rarr;<\/a><\/p>\n","protected":false},"featured_media":21676,"template":"","meta":[],"product_cat":[291,328],"product_tag":[],"_links":{"self":[{"href":"https:\/\/test4.mi-backup.ch\/hr\/wp-json\/wp\/v2\/product\/3785"}],"collection":[{"href":"https:\/\/test4.mi-backup.ch\/hr\/wp-json\/wp\/v2\/product"}],"about":[{"href":"https:\/\/test4.mi-backup.ch\/hr\/wp-json\/wp\/v2\/types\/product"}],"wp:featuredmedia":[{"embeddable":true,"href":"https:\/\/test4.mi-backup.ch\/hr\/wp-json\/wp\/v2\/media\/21676"}],"wp:attachment":[{"href":"https:\/\/test4.mi-backup.ch\/hr\/wp-json\/wp\/v2\/media?parent=3785"}],"wp:term":[{"taxonomy":"product_cat","embeddable":true,"href":"https:\/\/test4.mi-backup.ch\/hr\/wp-json\/wp\/v2\/product_cat?post=3785"},{"taxonomy":"product_tag","embeddable":true,"href":"https:\/\/test4.mi-backup.ch\/hr\/wp-json\/wp\/v2\/product_tag?post=3785"}],"curies":[{"name":"wp","href":"https:\/\/api.w.org\/{rel}","templated":true}]}}