{"id":5227,"date":"2017-03-05T23:21:22","date_gmt":"2017-03-05T22:21:22","guid":{"rendered":"https:\/\/test4.mi-backup.ch\/shop\/allgemein\/apostolatssets\/"},"modified":"2023-03-01T21:43:53","modified_gmt":"2023-03-01T20:43:53","slug":"apostolatssets","status":"publish","type":"product","link":"https:\/\/test4.mi-backup.ch\/hr\/shop\/wundertaetige-medaille-hr\/apostolatssets\/","title":{"rendered":"Slu\u010daj za apostolat"},"content":{"rendered":"<p><span lang=\"hr\">Ovaj prakti\u010dni d\u017eep za apostolat omogu\u0107uje vam da uvijek imate nekoliko medalja s njim. Plombirati plasti\u010dna kutija za olovke uklju\u010duje deset medalja i letke. Medalje su blagoslovljeni.<\/span><\/p>\n","protected":false},"excerpt":{"rendered":"<p>Ovaj prakti\u010dni d\u017eep za apostolat omogu\u0107uje vam da uvijek imate nekoliko medalja s njim. Plombirati plasti\u010dna kutija za olovke uklju\u010duje deset medalja i letke. Medalje su blagoslovljeni.<a class=\"more-link\" href=\"https:\/\/test4.mi-backup.ch\/hr\/shop\/wundertaetige-medaille-hr\/apostolatssets\/\">Pro\u010ditaj vi\u0161e &rarr;<\/a><\/p>\n","protected":false},"featured_media":5231,"template":"","meta":[],"product_cat":[328],"product_tag":[],"_links":{"self":[{"href":"https:\/\/test4.mi-backup.ch\/hr\/wp-json\/wp\/v2\/product\/5227"}],"collection":[{"href":"https:\/\/test4.mi-backup.ch\/hr\/wp-json\/wp\/v2\/product"}],"about":[{"href":"https:\/\/test4.mi-backup.ch\/hr\/wp-json\/wp\/v2\/types\/product"}],"wp:featuredmedia":[{"embeddable":true,"href":"https:\/\/test4.mi-backup.ch\/hr\/wp-json\/wp\/v2\/media\/5231"}],"wp:attachment":[{"href":"https:\/\/test4.mi-backup.ch\/hr\/wp-json\/wp\/v2\/media?parent=5227"}],"wp:term":[{"taxonomy":"product_cat","embeddable":true,"href":"https:\/\/test4.mi-backup.ch\/hr\/wp-json\/wp\/v2\/product_cat?post=5227"},{"taxonomy":"product_tag","embeddable":true,"href":"https:\/\/test4.mi-backup.ch\/hr\/wp-json\/wp\/v2\/product_tag?post=5227"}],"curies":[{"name":"wp","href":"https:\/\/api.w.org\/{rel}","templated":true}]}}