{"id":5250,"date":"2017-03-05T23:18:21","date_gmt":"2017-03-05T22:18:21","guid":{"rendered":"https:\/\/test4.mi-backup.ch\/shop\/allgemein\/wundertaetige-medaillen-silber\/"},"modified":"2022-02-20T21:49:55","modified_gmt":"2022-02-20T20:49:55","slug":"wundertaetige-medaillen-silber","status":"publish","type":"product","link":"https:\/\/test4.mi-backup.ch\/hr\/shop\/wundertaetige-medaille-hr\/wundertaetige-medaillen-silber\/","title":{"rendered":"\u010cudotvorna medaljica"},"content":{"rendered":"<p><strong><em><span lang=\"hr\">Medalje \u0161aljemo blagoslovljeno i za besplatnu donaciju! Medalje se mo\u017eda ne\u0107e preprodati!<\/span><\/em><\/strong><\/p>\n<p><span lang=\"hr\">Natpis: Latinski<\/span><\/p>\n<p><span lang=\"hr\">Materijal<\/span>: Zamak<\/p>\n<p><span lang=\"hr\">Boja: srebrna \/ zlatna<\/span><\/p>\n<p><span lang=\"hr\">Veli\u010dina: 19 mm<\/span><\/p>\n<p>Made in Italy<\/p>\n","protected":false},"excerpt":{"rendered":"<p>Medalje \u0161aljemo blagoslovljeno i za besplatnu donaciju! Medalje se mo\u017eda ne\u0107e preprodati! Natpis: Latinski Materijal: Zamak Boja: srebrna \/ zlatna Veli\u010dina: 19 mm Made in Italy<a class=\"more-link\" href=\"https:\/\/test4.mi-backup.ch\/hr\/shop\/wundertaetige-medaille-hr\/wundertaetige-medaillen-silber\/\">Pro\u010ditaj vi\u0161e &rarr;<\/a><\/p>\n","protected":false},"featured_media":29992,"template":"","meta":[],"product_cat":[328],"product_tag":[],"_links":{"self":[{"href":"https:\/\/test4.mi-backup.ch\/hr\/wp-json\/wp\/v2\/product\/5250"}],"collection":[{"href":"https:\/\/test4.mi-backup.ch\/hr\/wp-json\/wp\/v2\/product"}],"about":[{"href":"https:\/\/test4.mi-backup.ch\/hr\/wp-json\/wp\/v2\/types\/product"}],"wp:featuredmedia":[{"embeddable":true,"href":"https:\/\/test4.mi-backup.ch\/hr\/wp-json\/wp\/v2\/media\/29992"}],"wp:attachment":[{"href":"https:\/\/test4.mi-backup.ch\/hr\/wp-json\/wp\/v2\/media?parent=5250"}],"wp:term":[{"taxonomy":"product_cat","embeddable":true,"href":"https:\/\/test4.mi-backup.ch\/hr\/wp-json\/wp\/v2\/product_cat?post=5250"},{"taxonomy":"product_tag","embeddable":true,"href":"https:\/\/test4.mi-backup.ch\/hr\/wp-json\/wp\/v2\/product_tag?post=5250"}],"curies":[{"name":"wp","href":"https:\/\/api.w.org\/{rel}","templated":true}]}}