{"id":87538,"date":"2023-01-05T10:49:15","date_gmt":"2023-03-01T22:17:26","guid":{"rendered":"https:\/\/test4.mi-backup.ch\/?post_type=product&#038;p=87538"},"modified":"2023-03-01T23:17:26","modified_gmt":"2023-03-01T22:17:26","slug":"mi-znacka-okrugla-igla","status":"publish","type":"product","link":"https:\/\/test4.mi-backup.ch\/hr\/shop\/wundertaetige-medaille-hr\/mi-znacka-okrugla-igla\/","title":{"rendered":"MI zna\u010dka &#8211; okrugla igla"},"content":{"rendered":"<p>Okrugli MI znak sadr\u017ei MI logo u srebrnoj boji na plavoj akrilnoj pozadini. Logo je sjedinjena srca Isusa i Marije. Iznad nje je kruna s kri\u017eem, izra\u017eavaju\u0107i volju MI da izgra\u0111uje Kristovo kraljevstvo kroz Marijinu vladavinu u ovom svijetu.<\/p>\n<p>Okrugla igla ima promjer 19 mm.<\/p>\n<p>Zna\u010dka MI je samo za \u010dlanove ili vitezove MI i slu\u017ei kao vanjski identifikator. Dobiva se od sve\u0107enika koji to vodi pri prijemu ili od nadle\u017enog koordinatora MI.<\/p>\n","protected":false},"excerpt":{"rendered":"<p>Okrugli MI znak sadr\u017ei MI logo u srebrnoj boji na plavoj akrilnoj pozadini. Logo je sjedinjena srca Isusa i Marije. Iznad nje je kruna s kri\u017eem, izra\u017eavaju\u0107i volju MI da izgra\u0111uje Kristovo kraljevstvo kroz Marijinu vladavinu u ovom svijetu. Okrugla igla ima promjer 19 mm. Zna\u010dka MI je samo za<a class=\"more-link\" href=\"https:\/\/test4.mi-backup.ch\/hr\/shop\/wundertaetige-medaille-hr\/mi-znacka-okrugla-igla\/\">Pro\u010ditaj vi\u0161e &rarr;<\/a><\/p>\n","protected":false},"featured_media":84888,"template":"","meta":[],"product_cat":[328,291],"product_tag":[],"_links":{"self":[{"href":"https:\/\/test4.mi-backup.ch\/hr\/wp-json\/wp\/v2\/product\/87538"}],"collection":[{"href":"https:\/\/test4.mi-backup.ch\/hr\/wp-json\/wp\/v2\/product"}],"about":[{"href":"https:\/\/test4.mi-backup.ch\/hr\/wp-json\/wp\/v2\/types\/product"}],"wp:featuredmedia":[{"embeddable":true,"href":"https:\/\/test4.mi-backup.ch\/hr\/wp-json\/wp\/v2\/media\/84888"}],"wp:attachment":[{"href":"https:\/\/test4.mi-backup.ch\/hr\/wp-json\/wp\/v2\/media?parent=87538"}],"wp:term":[{"taxonomy":"product_cat","embeddable":true,"href":"https:\/\/test4.mi-backup.ch\/hr\/wp-json\/wp\/v2\/product_cat?post=87538"},{"taxonomy":"product_tag","embeddable":true,"href":"https:\/\/test4.mi-backup.ch\/hr\/wp-json\/wp\/v2\/product_tag?post=87538"}],"curies":[{"name":"wp","href":"https:\/\/api.w.org\/{rel}","templated":true}]}}