{"id":2047,"date":"2017-02-09T21:59:59","date_gmt":"2017-02-09T20:59:59","guid":{"rendered":"https:\/\/m-i.info.smaragd.ch-meta.net\/?page_id=2047\/"},"modified":"2017-02-10T21:40:14","modified_gmt":"2017-02-10T20:40:14","slug":"il-cavaliere","status":"publish","type":"page","link":"https:\/\/test4.mi-backup.ch\/it\/il-cavaliere\/","title":{"rendered":"Il Cavaliere"},"content":{"rendered":"<h1>Il cavaliere<\/h1>\n<p>Massimiliano Kolbe denominava i membri della Mi \u201ecavalieri\u201c, non perch\u00e9 erano particolarmente forti, coraggiosi ed eccellenti, ma perch\u00e9 servivano una Regina talmente elevata, alla quale solo il pi\u00f9 elevato ideale del cavaliere era dovuto; un cavaliere, che, dimentico di se stesso \u00e8 pronto a donarsi per il suo ideale, per la sua Regina. San Massimiliano delinea questo ideale con le parole: \u201ePro amore usque ad victimam\u201c &#8211; tutto per l\u2018amore fino all\u2018immolazione di se stessi.<br \/>\nDato che si tratta di una battaglia spirituale, sia uomini che donne sono chiamati diventare cavelieri.<\/p>\n<p>L\u2018ideale del cavaliere:<\/p>\n<ul>\n<li>\u201eIl cavaliere \u00e8 animato da un alto ideale. Non si accontenta di mezze cose, di tiepidezze, ma vuole tutto! Il mondo non gli basta\u201c (san Massimiliano)<\/li>\n<li>Dopo aver imparato a conoscere e amare l\u2018Immacolata, riconosce la sua missione, di combattere per Lei, diventare uno strumento nelle Sue mani, lasciarsi guidare. Questo proposito lo convalida tramite la consacrazione all\u2018Immacolata. Non accontentandosi dell\u2018atto di consacrazione \u201esi impegna, per quanto pu\u00f2, a vincere anche i cuori di altri per l\u2018Immacolata, di modo che anche loro si consacrino a Lei\u201c (san Massimiliano). Con san Massimiliano il cavaliere esclama: \u201eVivo solo per le anime, questo \u00e8 il mio compito!\u201c<\/li>\n<li>Maria conduce il cavaliere a Cristo, per questo il suo motto \u00e8: tutto il mondo per Cristo attraverso l\u2018Immacolata! Il cavaliere desidera che Cristo ritrovi il suo poesto anche nella societ\u00e0, consapevole che \u201eil mezzo pi\u00f9 efficiente (contro i mali dei nostri tempi) \u00e8 il ripristino della sovranit\u00e0 di Nostro Signore\u201c (San Pio X).<\/li>\n<li>Il cavaliere non si scoraggia a causa della propria debolezza o del potere del nemico. \u201eCi sono due vie: la propria forza o la forza di Dio. Tutto dipende da che via prendiamo. Se la causa \u00e8 il nulla (se dunque ci fidiamo delle nostre forze), anche l\u2018effetto sar\u00e0 nullo. Vogliamo fidarci di noi stessi o di Dio?\u201c (san Massimiliano). Con Davide il cavaliere alza la sua voce verso il Golia del mondo che ha detronizzato Ges\u00f9 Cristo: \u201eTu vieni da me armato di spada, di lancia e di giavelotto; io vengo a te nel nome del Signore degli eserciti, Dio delle schiere d\u2018Israele, che tu hai sfidato\u201c (I Sam 17,45). Il cavaliere dunque non pone la sua fiducia nei mezzi e nella sapienza di questo mondo, ma solamente in Dio. Come Davide usa diversi mezzi per la battaglia, che negli occhi del mondo sono una stoltezza. Confida specialmente nelle \u201earmi\u201c che ha ricevuto dalla sua Signora, la Medaglia Miracolosa e il Rosario \u2013 la \u201efionda di Davide\u201c (Pio XII) e \u201el\u2018ultimo mezzo di salvezza\u201c (N.S. di Fatima).<\/li>\n<\/ul>\n<p>Il nostro patrono riassume questo ideale: \u201eConsideriamo oggi la figura di un vero cavaliere dell\u2018Immacolata. Non restringe il cuore a se stesso, alla sua famiglia, ai parenti, amici, concittadini, ma abbraccia tutto il mondo, tutti e ognuno singolarmente, perch\u00e9 tutti senza eccezione sono stati riscattati con il sangue di Ges\u00f9 Cristo, diventati nostri fratelli. A tutti augura la vera gioia, l\u2018illuminazione attraverso la luce della fede, la purificazine dai peccati e un cuore acceso d\u2018amore verso Dio, un amore senza limite. La felicit\u00e0 di tutta l\u2018umanit\u00e0 in Dio attraverso l\u2018immacolata \u2013 questo \u00e8 il suo sogno.<\/p>\n<p>Il cavaliere dell\u2018Immacolata combatte per la conquista di tutti i cuori per Lei! &#8211; A tutti porge la sua mano, per tutti prega, per tutti soffre\u201c. (San Massimiliano Kolbe)<\/p>\n<p>Se questo ideale vi tocca, potete trovare nelle pagine sottostanti informazioni sull\u2018<a href=\"https:\/\/test4.mi-backup.ch\/it\/come-diventare-membro-della-mi\/\">ammissione nella MI<\/a> e i cavalieri dell\u2018Immacolata.<\/p>\n<p>Per domande siamo a vostra disposizione: <a href=\"https:\/\/test4.mi-backup.ch\/it\/contatti\/\">contatto<\/a><\/p>\n","protected":false},"excerpt":{"rendered":"<p>Il cavaliere Massimiliano Kolbe denominava i membri della Mi \u201ecavalieri\u201c, non perch\u00e9 erano particolarmente forti, coraggiosi ed eccellenti, ma perch\u00e9 servivano una Regina talmente elevata, alla quale solo il pi\u00f9 elevato ideale del cavaliere era dovuto; un cavaliere, che, dimentico di se stesso \u00e8 pronto a donarsi per il suo<a class=\"more-link\" href=\"https:\/\/test4.mi-backup.ch\/it\/il-cavaliere\/\">Leggi tutto &rarr;<\/a><\/p>\n","protected":false},"author":9,"featured_media":0,"parent":0,"menu_order":0,"comment_status":"closed","ping_status":"closed","template":"","meta":[],"_links":{"self":[{"href":"https:\/\/test4.mi-backup.ch\/it\/wp-json\/wp\/v2\/pages\/2047"}],"collection":[{"href":"https:\/\/test4.mi-backup.ch\/it\/wp-json\/wp\/v2\/pages"}],"about":[{"href":"https:\/\/test4.mi-backup.ch\/it\/wp-json\/wp\/v2\/types\/page"}],"author":[{"embeddable":true,"href":"https:\/\/test4.mi-backup.ch\/it\/wp-json\/wp\/v2\/users\/9"}],"replies":[{"embeddable":true,"href":"https:\/\/test4.mi-backup.ch\/it\/wp-json\/wp\/v2\/comments?post=2047"}],"version-history":[{"count":7,"href":"https:\/\/test4.mi-backup.ch\/it\/wp-json\/wp\/v2\/pages\/2047\/revisions"}],"predecessor-version":[{"id":2314,"href":"https:\/\/test4.mi-backup.ch\/it\/wp-json\/wp\/v2\/pages\/2047\/revisions\/2314"}],"wp:attachment":[{"href":"https:\/\/test4.mi-backup.ch\/it\/wp-json\/wp\/v2\/media?parent=2047"}],"curies":[{"name":"wp","href":"https:\/\/api.w.org\/{rel}","templated":true}]}}