{"id":346,"date":"2016-03-08T17:33:24","date_gmt":"2016-03-08T17:33:24","guid":{"rendered":"http:\/\/migration.mi-admin.ch\/itmilitia-immaculatae\/"},"modified":"2019-01-04T16:54:03","modified_gmt":"2019-01-04T15:54:03","slug":"itmilitia-immaculatae","status":"publish","type":"page","link":"https:\/\/test4.mi-backup.ch\/it\/itmilitia-immaculatae\/","title":{"rendered":"La Milizia"},"content":{"rendered":"<p style=\"text-align: right;\"><img loading=\"lazy\" class=\"alignright\" src=\"https:\/\/test4.mi-backup.ch\/wp-content\/uploads\/media\/kolbe4.jpg.jpg\" alt=\"\" width=\"250\" height=\"373\" align=\"top\" border=\"1\" hspace=\"5\" vspace=\"5\" \/><\/p>\n<p style=\"text-align: justify;\">La Milizia dell&#8217;Immacolata \u00e8 stata fondata da san<span class=\"st\"> Massimiliano Kolbe, insieme ad altri padri francescani come lui, <\/span><span class=\"st\">a Roma nell&#8217;anno 1917. Finita la prima guerra mondiale, nei pressi di Varsavia, la Milizia dell&#8217;Immacolata eresse un centro missionario:<\/span><span class=\"st\"> Niepokalan\u00f3w. Secondo san Massimiliano si tratt\u00f2 di un&#8217;armata spirituale al servizio dell&#8217;Immacolata, che si impegnava nella battaglia per la salvezza delle anime. <\/span><\/p>\n<p><span class=\"st\">(Guarda <a href=\"https:\/\/test4.mi-backup.ch\/it\/le-origini\/\">origini<\/a> della MI, come essa corrisponde con l&#8217;Apocalisse di san Giovanni e le rivelazioni della Madonna a Fatima)<\/span><\/p>\n<h2>Gli statuti originali della MI<\/h2>\n<p style=\"text-align: justify;\"><strong>(Furono scritti a mano da san Massimiliano)<\/strong><\/p>\n<blockquote>\n<div style=\"text-align: justify;\"><strong>\u201e<em>Lei ti schiaccer\u00e0 il capo<\/em>\u201d<\/strong> (Gn 3, 15)<\/div>\n<div style=\"text-align: justify;\"><strong>\u201e<em>Tu sola hai sconfitto tutte le eresie nel mondo<\/em>\u201d<\/strong><\/div>\n<div style=\"text-align: justify;\">(dal Breviario Romano)<\/div>\n<\/blockquote>\n<div style=\"text-align: justify;\"><\/div>\n<div style=\"text-align: justify;\"><strong>I. Fine:<\/strong><\/div>\n<div style=\"text-align: justify;\">Impegnarsi per la conversione dei peccatori, eretici, scismatici, ecc., in particolar modo dei massoni; impegnarsi per la santificazione delle anime, sotto il manto e con l&#8217;intercessione dell&#8217;Immacolata.<\/div>\n<div style=\"text-align: justify;\"><\/div>\n<div style=\"text-align: justify;\"><strong>II. Condizioni:<\/strong><\/div>\n<div style=\"text-align: justify;\">\n<p style=\"text-align: right;\"><img loading=\"lazy\" class=\"alignright\" src=\"https:\/\/test4.mi-backup.ch\/wp-content\/uploads\/media\/Statuten.jpg\" alt=\"\" width=\"250\" height=\"389\" align=\"top\" border=\"1\" hspace=\"5\" vspace=\"5\" \/><\/p>\n<p>1. Consacrarsi all&#8217;Immacolata Vergine Madre di Dio, mettersi come strumento nelle Sue mani.<\/p>\n<\/div>\n<div style=\"text-align: justify;\">2. Portare la Medaglia Miracolosa.<\/div>\n<div style=\"text-align: justify;\"><\/div>\n<div style=\"text-align: justify;\"><strong>III. Mezzi:<\/strong><\/div>\n<div style=\"text-align: justify;\">1. Recitare possibilmente almeno una volta al giorno la seguente invocazione: \u201eO Maria, concepita senza peccato, pregate per noi che ricorriamo a Voi, e per coloro, che non ricorrono a Voi, in modo particolare per i massoni e per tutti quelli a te affidati\u201d.<\/div>\n<div style=\"text-align: justify;\">2. Utilizzare possibilmente tutti i mezzi legittimi, a seconda dello stato di vita, delle condizioni e circostanze; farlo con zelo e prudenza. Diffondere soprattutto la Medaglia Miracolosa.<\/div>\n<div style=\"text-align: justify;\"><\/div>\n<div style=\"text-align: justify;\"><\/div>\n<div style=\"text-align: justify;\">N.B. Questi mezzi sono consigliati, non obbligano sub poena peccati. La finalit\u00e0 di quest&#8217;opera \u00e8 l&#8217;unione al Sacro Cuore di Ges\u00f9 del maggior numero possibile di anime, attraverso l&#8217;intercessione dell&#8217;Immacolata.<\/div>\n","protected":false},"excerpt":{"rendered":"<p>La Milizia dell&#8217;Immacolata \u00e8 stata fondata da san Massimiliano Kolbe, insieme ad altri padri francescani come lui, a Roma nell&#8217;anno 1917. Finita la prima guerra mondiale, nei pressi di Varsavia, la Milizia dell&#8217;Immacolata eresse un centro missionario: Niepokalan\u00f3w. Secondo san Massimiliano si tratt\u00f2 di un&#8217;armata spirituale al servizio dell&#8217;Immacolata, che<a class=\"more-link\" href=\"https:\/\/test4.mi-backup.ch\/it\/itmilitia-immaculatae\/\">Leggi tutto &rarr;<\/a><\/p>\n","protected":false},"author":9,"featured_media":0,"parent":0,"menu_order":0,"comment_status":"closed","ping_status":"closed","template":"","meta":[],"_links":{"self":[{"href":"https:\/\/test4.mi-backup.ch\/it\/wp-json\/wp\/v2\/pages\/346"}],"collection":[{"href":"https:\/\/test4.mi-backup.ch\/it\/wp-json\/wp\/v2\/pages"}],"about":[{"href":"https:\/\/test4.mi-backup.ch\/it\/wp-json\/wp\/v2\/types\/page"}],"author":[{"embeddable":true,"href":"https:\/\/test4.mi-backup.ch\/it\/wp-json\/wp\/v2\/users\/9"}],"replies":[{"embeddable":true,"href":"https:\/\/test4.mi-backup.ch\/it\/wp-json\/wp\/v2\/comments?post=346"}],"version-history":[{"count":9,"href":"https:\/\/test4.mi-backup.ch\/it\/wp-json\/wp\/v2\/pages\/346\/revisions"}],"predecessor-version":[{"id":14842,"href":"https:\/\/test4.mi-backup.ch\/it\/wp-json\/wp\/v2\/pages\/346\/revisions\/14842"}],"wp:attachment":[{"href":"https:\/\/test4.mi-backup.ch\/it\/wp-json\/wp\/v2\/media?parent=346"}],"curies":[{"name":"wp","href":"https:\/\/api.w.org\/{rel}","templated":true}]}}