{"id":347,"date":"2016-01-31T16:01:16","date_gmt":"2016-01-31T16:01:16","guid":{"rendered":"http:\/\/migration.mi-admin.ch\/itmassimiliano-kolbe\/"},"modified":"2017-02-11T22:10:52","modified_gmt":"2017-02-11T21:10:52","slug":"massimiliano-kolbe","status":"publish","type":"page","link":"https:\/\/test4.mi-backup.ch\/it\/massimiliano-kolbe\/","title":{"rendered":"Massimiliano Kolbe"},"content":{"rendered":"<h1>San Massimiliano Kolbe<\/h1>\n<table border=\"0\" width=\"740\" cellspacing=\"0\" cellpadding=\"0\">\n<tbody>\n<tr>\n<td width=\"137\"><img loading=\"lazy\" src=\"https:\/\/test4.mi-backup.ch\/wp-content\/uploads\/media\/2_-_7_Year_Old.jpg\" alt=\"\" width=\"134\" height=\"200\" align=\"left\" border=\"1\" \/><\/td>\n<td style=\"text-align: center;\" width=\"452\"><img loading=\"lazy\" src=\"https:\/\/test4.mi-backup.ch\/wp-content\/uploads\/media\/kolbe7.jpg.jpg\" alt=\"\" width=\"141\" height=\"200\" border=\"1\" \/><\/td>\n<td style=\"text-align: right;\" width=\"144\"><img loading=\"lazy\" src=\"https:\/\/test4.mi-backup.ch\/wp-content\/uploads\/media\/kolbe6.jpg.jpg\" alt=\"\" width=\"141\" height=\"200\" border=\"1\" \/><\/td>\n<\/tr>\n<\/tbody>\n<\/table>\n<div><\/div>\n<div>\n<p><img loading=\"lazy\" class=\"alignright\" src=\"https:\/\/test4.mi-backup.ch\/wp-content\/uploads\/media\/Kolbe19.jpg\" alt=\"\" width=\"283\" height=\"410\" align=\"left\" border=\"1\" hspace=\"2\" vspace=\"3\" \/><\/p>\n<p class=\"Textbody\" style=\"margin-bottom: .0001pt;\"><span lang=\"DE-AT\">Padre Massimiliano Kolbe OFM nacque l\u20188 gennaio 1894 a Zdunska-Wola presso L\u00f3dz (Polonia).<\/span><\/p>\n<p class=\"Textbody\" style=\"margin-bottom: .0001pt;\"><span lang=\"DE-AT\">I pii genitori lo fecero battezzare dandogli il nome Raimondo. A soli 10 anni gli apparve la Madonna e, mostratogli due corone, di cui una bianca e una rossa, gli chiese: \u201eQuale corona preferisci? Quella bianca significa la purezza, quella rossa il martirio\u201c. Raimondo rispose: \u201eScelgo entrambi le corone!\u201c Nel 1907 entr\u00f2 nel seminario minore dei francescani a Lemberg e nel 1911 pronunci\u00f2 i primi voti temporari. L\u2018anno successivo fu mandato a Roma per assolvere gli studi; poi, alla festa di Ognissanti dell\u2018anno 1914 pronunci\u00f2 i voti perpetui e il 28 aprile del 1918 fu ordinato sacerdote. Con il dottorato in filosofia e teologia Padre Massimiliano torn\u00f2 in Polonia nell\u2018anno 1919, ammalato gravemente di tubercolosi. I medici gli diedero poco tempo di vita. Durante la sua permanenza in un sanatorio diversi liberi pensatori si convertono grazie a conferenze e colloqui vari del padre. Dopo essersi ripreso, si don\u00f2 all\u2018espansione della Milizia dell\u2018Immacolata, opera fondata da lui durante gli anni di studio a Roma. Nel 1922, con l\u2018aiuto di offerte usc\u00ec il primo numero della rivista intitolata \u201eIl cavaliere dell\u2018Immacolata\u201c. Dal 1922 al 1927 il padre oper\u00f2 presso Grodno con una tipografia propria. A causa delle numerose vocazioni e della rapida crescita dell\u2018apostolato di stampa nel 1927 abbandon\u00f2 Grodno e fond\u00f2 Niepokalan\u00f2w, la \u201ecitt\u00e0 dell\u2018Immacolata\u201c, rimanendone superiore fino al 1930. Nel 1930 si rec\u00f2 a Nagasaki (Giappone) e vi rimase per 6 anni come missionario e professore di filosofia al seminario. Anche nel Giappone fond\u00f2 una \u201ecitt\u00e0 dell\u2018Immacolata\u201c (Mugenzai no Sono) che divent\u00f2 uno dei pi\u00f9 importanti centri missionari del paese.<\/span><\/p>\n<p class=\"Textbody\" style=\"margin-bottom: .0001pt;\"><span lang=\"DE-AT\">Nel 1936 ritorn\u00f2 coma guardiano a Niepokalan\u00f2w fino alla sua morte, trasformando la citt\u00e0 in uno die pi\u00f9 grandi centri della vita spirituale e dell\u2018apostolato. San Massimiliano aveva iniziato il suo apostolato di stampa insieme a due frati religiosi nel 1922 stampando 5.000 copie di una semplicissima rivista; nel 1939, prima della seconda guerra mondiale, la comunit\u00e0 di religiosi contava ben 762 membri impegnati in un lavoro di stampa che comprendeva quotidiani, mensili, calendari, libri e a altro in diverse lingue! La \u201ecitt\u00e0 dell\u2018Immacolata\u201c venne provata fortemente dalla guerra. Molti frati persero la vita nei campi di concentramento. Il 17 febbraio del 1941 padre Massimiliano Kolbe venne arrestato. In un\u2018ispezine delle ss venne malmenato brutalmente. Dopo essersi ripreso incoraggi\u00f2 i suoi amici: \u201eRallegratevi con me: soffriamo questo per le anime, per l\u2018Immacolata!\u201c. Il 29 maggio venne deportato nel campo di concentramento di Auschwitz. L\u00ec prese il posto di un padre di famiglia condannato a morte. Per 11 giorni sopravvisse nel \u201ebunker della fame\u201c preparando gli altri condannati all\u2018eternit\u00e0. Il 14 agosto, alla vigilia dell\u2018Assunzione venne ucciso con una puntura di veleno. La sua beatificazione venne celebrata nel 1971, la canonizzazione nel 1984.<\/span><\/p>\n<\/div>\n<div><\/div>\n<table border=\"0\" width=\"740\" cellspacing=\"0\" cellpadding=\"0\">\n<tbody>\n<tr>\n<td width=\"269\"><img loading=\"lazy\" src=\"https:\/\/test4.mi-backup.ch\/wp-content\/uploads\/media\/kolbe13.jpg\" alt=\"\" width=\"333\" height=\"250\" border=\"1\" \/><\/td>\n<td style=\"text-align: center;\" width=\"381\"><img loading=\"lazy\" src=\"https:\/\/test4.mi-backup.ch\/wp-content\/uploads\/media\/Kolbe2.jpg.jpg\" alt=\"\" width=\"175\" height=\"250\" border=\"1\" \/><\/td>\n<td width=\"83\"><img loading=\"lazy\" src=\"https:\/\/test4.mi-backup.ch\/wp-content\/uploads\/media\/kolbe14.jpg\" alt=\"\" width=\"203\" height=\"250\" border=\"1\" \/><\/td>\n<\/tr>\n<\/tbody>\n<\/table>\n<div><\/div>\n","protected":false},"excerpt":{"rendered":"<p>San Massimiliano Kolbe Padre Massimiliano Kolbe OFM nacque l\u20188 gennaio 1894 a Zdunska-Wola presso L\u00f3dz (Polonia). I pii genitori lo fecero battezzare dandogli il nome Raimondo. A soli 10 anni gli apparve la Madonna e, mostratogli due corone, di cui una bianca e una rossa, gli chiese: \u201eQuale corona preferisci?<a class=\"more-link\" href=\"https:\/\/test4.mi-backup.ch\/it\/massimiliano-kolbe\/\">Leggi tutto &rarr;<\/a><\/p>\n","protected":false},"author":9,"featured_media":0,"parent":0,"menu_order":0,"comment_status":"closed","ping_status":"closed","template":"","meta":[],"_links":{"self":[{"href":"https:\/\/test4.mi-backup.ch\/it\/wp-json\/wp\/v2\/pages\/347"}],"collection":[{"href":"https:\/\/test4.mi-backup.ch\/it\/wp-json\/wp\/v2\/pages"}],"about":[{"href":"https:\/\/test4.mi-backup.ch\/it\/wp-json\/wp\/v2\/types\/page"}],"author":[{"embeddable":true,"href":"https:\/\/test4.mi-backup.ch\/it\/wp-json\/wp\/v2\/users\/9"}],"replies":[{"embeddable":true,"href":"https:\/\/test4.mi-backup.ch\/it\/wp-json\/wp\/v2\/comments?post=347"}],"version-history":[{"count":7,"href":"https:\/\/test4.mi-backup.ch\/it\/wp-json\/wp\/v2\/pages\/347\/revisions"}],"predecessor-version":[{"id":2861,"href":"https:\/\/test4.mi-backup.ch\/it\/wp-json\/wp\/v2\/pages\/347\/revisions\/2861"}],"wp:attachment":[{"href":"https:\/\/test4.mi-backup.ch\/it\/wp-json\/wp\/v2\/media?parent=347"}],"curies":[{"name":"wp","href":"https:\/\/api.w.org\/{rel}","templated":true}]}}