{"id":358,"date":"2016-03-02T15:33:57","date_gmt":"2016-03-02T15:33:57","guid":{"rendered":"http:\/\/migration.mi-admin.ch\/itmilitia-immaculataele-origini\/"},"modified":"2017-03-14T20:37:53","modified_gmt":"2017-03-14T19:37:53","slug":"le-origini","status":"publish","type":"page","link":"https:\/\/test4.mi-backup.ch\/it\/le-origini\/","title":{"rendered":"Le origini"},"content":{"rendered":"<h1 style=\"text-align: justify;\">Le origini della MI<\/h1>\n<table border=\"0\" width=\"740\" cellspacing=\"0\" cellpadding=\"0\">\n<tbody>\n<tr>\n<td valign=\"top\" width=\"473\">\n<div style=\"text-align: justify;\">1917 \u2014 E&#8217; l&#8217;anno della rivoluzione in Russia, ma anche dell&#8217;apparizione di Maria Santissima a Fatima! A Roma la massoneria celebra il secondo centenario dalla sua fondazione. Dappertutto affissa manifesti e cartelloni che rappresentano la vittoria di Lucifero sull&#8217;Arcangelo Michele. Organizza lunghe processioni attraversano la citt\u00e0 eterna fino ad arrivare di fronte a San Pietro cantando canti blasfemi e portando striscioni con scritte che pronunciano la sconfitta della Chiesa: &#8220;Satana regner\u00e0 nel Vaticano, il papa sar\u00e0 un suo servo&#8221;.<\/div>\n<div style=\"text-align: justify;\"><\/div>\n<div style=\"text-align: justify;\">Allo stesso tempo a Roma si trova un giovane frate francescano polacco, fra&#8217; Massimiliano Maria Kolbe, studente di teologia presso l&#8217;universit\u00e0 Gregoriana. Egli diventa testimone oculare delle manifestazioni che invadono la citt\u00e0 dei papi. &#8220;Sembra possibile che i nostri nemici si impegnino tanto per batterci mentre noi incrociamo le mani senza far niente? Non abbiamo noi armi molto pi\u00f9 potenti, non possiamo contare sull&#8217;aiuto del Cielo, in modo particolare sull&#8217;Immacolata?&#8221;<\/div>\n<div style=\"text-align: justify;\"><\/div>\n<div style=\"text-align: justify;\">Il giovane frate comincia a meditare i misteri della Santissima Vergine studiando la Sacra Scrittura, i Padri della Chiesa e i grandi teologi mariani., come per es. san Luigi Maria Grignon di Montfort; approfondisce lo studio del dogma dell&#8217;Immacolata Concezione e il significato dell&#8217;apparizione della Ss. Vergine a Lourdes. Per lui, tutte queste verit\u00e0 non hanno solamente un significato spirituale, ma ne assumono uno pratico e sociale: &#8220;La Santissima Vergine Maria, concepita senza peccato, vincitrice di tutte le eresie, non si scoster\u00e0 di fronte al nemico che continua ad alzare il suo capo contro di Lei. Se trover\u00e0 servi fedeli, obbedienti a Lei, avr\u00e0 nuove vittorie, pi\u00f9 grandi di quanto noi possiamo immaginare.&#8221;<\/div>\n<div style=\"text-align: justify;\"><\/div>\n<div style=\"text-align: justify;\">Nel 1917, a Roma, ricorre un altro anniversario che ricorda la vittoria dell&#8217;Immacolata: la conversione improvvisa dell&#8217;ebreo Alfonso Ratisbonne nel 1842, attraverso la Medaglia Miracolosa. Fra&#8217; Massimiliano, mosso da questi avvenimenti, vuole fondare una cavalleria dell&#8217;Immacolata, il cui segno distintivo \u00e8 la Medaglia Miracolosa. Il 16 Ottobre 1917, tre giorni dopo il miracolo del sole a Fatima, fra&#8217; Massimiliano fonda a Roma, con il permesso dei superiori e insieme ad altri sei confratelli, di fronte all&#8217;Altare dell&#8217;Immacolata nella cappella del collegio serafico, la Milizia dell&#8217;Immacolata.<\/div>\n<div><\/div>\n<\/td>\n<td width=\"261\"><img loading=\"lazy\" src=\"https:\/\/test4.mi-backup.ch\/wp-content\/uploads\/media\/kolbe12.jpg\" alt=\"\" width=\"250\" height=\"331\" align=\"top\" border=\"1\" hspace=\"5\" vspace=\"5\" \/><\/p>\n<p style=\"text-align: center;\">I fondatori della MI<br \/>\nMassimiliano dietro a sinistra<\/p>\n<p style=\"text-align: center;\"><img loading=\"lazy\" src=\"https:\/\/test4.mi-backup.ch\/wp-content\/uploads\/media\/Fatima.jpg\" alt=\"\" width=\"250\" height=\"319\" align=\"top\" border=\"1\" hspace=\"5\" vspace=\"5\" \/><\/p>\n<\/td>\n<\/tr>\n<\/tbody>\n<\/table>\n<div><\/div>\n","protected":false},"excerpt":{"rendered":"<p>Le origini della MI 1917 \u2014 E&#8217; l&#8217;anno della rivoluzione in Russia, ma anche dell&#8217;apparizione di Maria Santissima a Fatima! A Roma la massoneria celebra il secondo centenario dalla sua fondazione. Dappertutto affissa manifesti e cartelloni che rappresentano la vittoria di Lucifero sull&#8217;Arcangelo Michele. Organizza lunghe processioni attraversano la citt\u00e0<a class=\"more-link\" href=\"https:\/\/test4.mi-backup.ch\/it\/le-origini\/\">Leggi tutto &rarr;<\/a><\/p>\n","protected":false},"author":9,"featured_media":0,"parent":0,"menu_order":0,"comment_status":"closed","ping_status":"closed","template":"","meta":[],"_links":{"self":[{"href":"https:\/\/test4.mi-backup.ch\/it\/wp-json\/wp\/v2\/pages\/358"}],"collection":[{"href":"https:\/\/test4.mi-backup.ch\/it\/wp-json\/wp\/v2\/pages"}],"about":[{"href":"https:\/\/test4.mi-backup.ch\/it\/wp-json\/wp\/v2\/types\/page"}],"author":[{"embeddable":true,"href":"https:\/\/test4.mi-backup.ch\/it\/wp-json\/wp\/v2\/users\/9"}],"replies":[{"embeddable":true,"href":"https:\/\/test4.mi-backup.ch\/it\/wp-json\/wp\/v2\/comments?post=358"}],"version-history":[{"count":6,"href":"https:\/\/test4.mi-backup.ch\/it\/wp-json\/wp\/v2\/pages\/358\/revisions"}],"predecessor-version":[{"id":5406,"href":"https:\/\/test4.mi-backup.ch\/it\/wp-json\/wp\/v2\/pages\/358\/revisions\/5406"}],"wp:attachment":[{"href":"https:\/\/test4.mi-backup.ch\/it\/wp-json\/wp\/v2\/media?parent=358"}],"curies":[{"name":"wp","href":"https:\/\/api.w.org\/{rel}","templated":true}]}}