{"id":359,"date":"2016-03-12T21:12:37","date_gmt":"2016-03-12T21:12:37","guid":{"rendered":"http:\/\/migration.mi-admin.ch\/itmilitia-immaculataenatura-e-struttura-della-mi\/"},"modified":"2019-01-04T17:00:41","modified_gmt":"2019-01-04T16:00:41","slug":"natura-e-struttura-della-mi","status":"publish","type":"page","link":"https:\/\/test4.mi-backup.ch\/it\/natura-e-struttura-della-mi\/","title":{"rendered":"Natura e struttura della MI"},"content":{"rendered":"<div><img loading=\"lazy\" class=\"alignright\" src=\"https:\/\/test4.mi-backup.ch\/wp-content\/uploads\/media\/kolbe11.jpg\" alt=\"\" width=\"250\" height=\"291\" align=\"top\" border=\"1\" hspace=\"5\" vspace=\"5\" \/>La MI non \u00e8 una fraternit\u00e0 nel senso comune del termine, vale a dire un gruppo di persone che si ritrova per un comune interesse&#8230; &#8220;La MI \u00e8 un movimento che deve attirare le masse, strapparle dall&#8217;influsso e dal potere di Satana. Fra le anime che si dedicano all&#8217;Immacolata ce ne saranno alcune che saranno guidate pi\u00f9 in alto, fino al vertice della consacrazione, fino all&#8217;eroismo nel servizio del Regno di Dio attraverso l&#8217;Immacolata. Anche ordini religiosi, congregazioni, tutte le opere della Chiesa possono aggregarsi alla Milizia. L&#8217;appartenenza alla MI permette a ogni membro, secondo le proprie condizioni e lo stato di vita, di santificarsi e di giungere alla perfezione cristiana, attraverso un apostolato al servizio dell&#8217;Immacolata. La MI sia piuttosto trascendente che universale, cio\u00e8 non si presenti come un&#8217;organizzazione in pi\u00f9 accanto alle numerose che gi\u00e0 esistono, ma piuttosto penetri profondamente tutte le organizzazioni.\u201d (Lettera 31.12.1935).<\/div>\n<div><\/div>\n<div>I membri della Mi appartengono all&#8217;Immacolata; questa appartenenza deve essere in tutti i sensi incondizionata, definitiva e illimitata. Chi entra nella MI diventa quindi propriet\u00e0 dell&#8217;Immacolata. Nel grado in cui il membro appartiene a Lei, diventa propriet\u00e0 di Ges\u00f9, come anche Lei apparteneva totalmente a Suo Figlio e Dio. La MI si nomina Milizia , cavalleria, perch\u00e9 i membri non si limitano alla consacrazione totale all&#8217;Immacolata, ma per la loro Regina si impegnano di vincere tante anime, perch\u00e9 anche queste si consacrino a Lei. Secondo il fine della MI i membri si impegnano per la conversione dei peccatori, eretici, scismatici, giudei ecc., in particolar modo dei massoni; si impegnano inoltre per la santificazione delle anime, sotto il manto e con l&#8217;intercessione dell&#8217;Immacolata.<img loading=\"lazy\" class=\"alignright\" src=\"https:\/\/test4.mi-backup.ch\/wp-content\/uploads\/media\/niepokalanow5.jpg\" alt=\"\" width=\"250\" height=\"159\" align=\"top\" border=\"1\" hspace=\"5\" vspace=\"5\" \/><\/div>\n<div><\/div>\n<div>Padre Massimiliano Kolbe distingue 3 gradi nella MI, a seconda dello zelo, le possibilit\u00e0 e lo stato di vita dei membri:<\/div>\n<div><\/div>\n<div><strong>1. <\/strong>Sul primo grado della MI il singolo cavaliere si consacra personalmente all\u2018Immacolata e, rispettando il suo stato di vita e le circostanze varie, utilizza tutti i mezzi legittimi, per giungere alla vittoria.<\/div>\n<div>Questo grado \u00e8 la base, il fondamento della Milizia: nella sua vita personale, individuale, il singolo guerriero prega, si sacrifica e agisce come cavaliere dell&#8217;Immacolata.<\/div>\n<div><img loading=\"lazy\" class=\"alignright\" src=\"https:\/\/test4.mi-backup.ch\/wp-content\/uploads\/media\/kolbe11_(2).jpg\" alt=\"\" width=\"250\" height=\"291\" align=\"top\" border=\"1\" hspace=\"5\" vspace=\"5\" \/><\/div>\n<div><strong>2. <\/strong>Sul secondo grado della MI i cavalieri si uniscono tramite statuti e programmi particolari. Mettono insieme le loro forze per poter pi\u00f9 facilmente e pi\u00f9 velocemente raggiungere il fine.<\/div>\n<div>Questo \u00e8 il grado dell&#8217;azione collettiva e l&#8217;unione dei cavalieri per l&#8217;apostolato pubblico. I cavalieri si possono unire per diverse attivit\u00e0, sia su un piano parrocchiale, ovvero di un priorato, o all&#8217;interno di una congregazione religiosa. Si possono per\u00f2 anche riunire cavalieri della stessa et\u00e0 o che condividono uno stesso ideale, una stessa idea di apostolato, ecc. Anche organizzazioni gi\u00e0 esistenti, (per es. gruppi di giovani o di studenti) possono adottare l&#8217;ideale della Milizia e agire come una MI 2.<\/div>\n<div><\/div>\n<div><strong>3. <\/strong>Il terzo grado della MI consiste nell&#8217;abbandono totale all&#8217;Immacolata. Lei ha ogni diritto, pu\u00f2 fare di noi quello che vuole e quando vuole. Apparteniamo completamente a Lei e Lei appartiene completamente a noi. Facciamo tutto con il Suo aiuto, viviamo e lavoriamo sotto la Sua protezione.<\/div>\n<div>La vita consacrata pu\u00f2 essere considerata la vetta della MI &#8211; il cavaliere si dona pienamente e senza riserve all&#8217;apostolato dell&#8217;Immacolata, confermando questo abbandono attraverso i voti religiosi.<\/div>\n<div>&#8220;E cos\u00ec il grado primo si limita all&#8217;azione individuale; il secondo aggiunge quella sociale ed il terzo, rompendo ogni limite, tende all&#8217;eroismo.\u201d (Lettera 25.05.1920).<img loading=\"lazy\" class=\"alignright\" src=\"https:\/\/test4.mi-backup.ch\/wp-content\/uploads\/media\/Kobe9.jpg.jpg\" alt=\"\" width=\"250\" height=\"412\" align=\"top\" border=\"1\" hspace=\"5\" vspace=\"5\" \/><\/div>\n<div><\/div>\n<div><\/div>\n<div><\/div>\n<div><\/div>\n<div><\/div>\n<div><\/div>\n<div><\/div>\n<div><\/div>\n","protected":false},"excerpt":{"rendered":"<p>La MI non \u00e8 una fraternit\u00e0 nel senso comune del termine, vale a dire un gruppo di persone che si ritrova per un comune interesse&#8230; &#8220;La MI \u00e8 un movimento che deve attirare le masse, strapparle dall&#8217;influsso e dal potere di Satana. Fra le anime che si dedicano all&#8217;Immacolata ce<a class=\"more-link\" href=\"https:\/\/test4.mi-backup.ch\/it\/natura-e-struttura-della-mi\/\">Leggi tutto &rarr;<\/a><\/p>\n","protected":false},"author":9,"featured_media":0,"parent":0,"menu_order":0,"comment_status":"closed","ping_status":"closed","template":"","meta":[],"_links":{"self":[{"href":"https:\/\/test4.mi-backup.ch\/it\/wp-json\/wp\/v2\/pages\/359"}],"collection":[{"href":"https:\/\/test4.mi-backup.ch\/it\/wp-json\/wp\/v2\/pages"}],"about":[{"href":"https:\/\/test4.mi-backup.ch\/it\/wp-json\/wp\/v2\/types\/page"}],"author":[{"embeddable":true,"href":"https:\/\/test4.mi-backup.ch\/it\/wp-json\/wp\/v2\/users\/9"}],"replies":[{"embeddable":true,"href":"https:\/\/test4.mi-backup.ch\/it\/wp-json\/wp\/v2\/comments?post=359"}],"version-history":[{"count":9,"href":"https:\/\/test4.mi-backup.ch\/it\/wp-json\/wp\/v2\/pages\/359\/revisions"}],"predecessor-version":[{"id":14847,"href":"https:\/\/test4.mi-backup.ch\/it\/wp-json\/wp\/v2\/pages\/359\/revisions\/14847"}],"wp:attachment":[{"href":"https:\/\/test4.mi-backup.ch\/it\/wp-json\/wp\/v2\/media?parent=359"}],"curies":[{"name":"wp","href":"https:\/\/api.w.org\/{rel}","templated":true}]}}