{"id":361,"date":"2016-05-20T09:21:18","date_gmt":"2016-05-20T09:21:18","guid":{"rendered":"http:\/\/migration.mi-admin.ch\/itmilitia-immaculataela-rinascita-della-mi-nella-tradizione-cattolica\/"},"modified":"2017-03-14T20:37:46","modified_gmt":"2017-03-14T19:37:46","slug":"la-rinascita-della-mi-nella-tradizione-cattolica","status":"publish","type":"page","link":"https:\/\/test4.mi-backup.ch\/it\/la-rinascita-della-mi-nella-tradizione-cattolica\/","title":{"rendered":"La rinascita della MI nella tradizione cattolica"},"content":{"rendered":"<h1>La rinascita della MI nella tradizione cattolica<\/h1>\n<table width=\"740\" cellspacing=\"0\" cellpadding=\"0\">\n<tbody>\n<tr>\n<td valign=\"top\" width=\"472\">\n<p style=\"text-align: justify;\">Il 6 maggio dell&#8217;anno 2000, il superiore del distretto della Polonia, padre Karl Stehlin, con il permesso del superiore generale della fraternit\u00e0 San Pio X, mons. Bernard Fellay, richiam\u00f2 in vita la Milizia dell\u2019Immacolata, riportandola allo spirito dettato dagli statuti originali.<\/p>\n<p style=\"text-align: justify;\">Nel febbraio 2002, mons. Bernard Fellay in una lettera si rivolse ai membri della fraternit\u00e0: <em>&#8220;Vi posso solo invitare ad abbracciare e diffondere quest\u2018iniziativa meravigliosa e profondamente apostolica. Riconosciamo in essa una risposta alle richieste della Santissima Vergine a Fatima e un adempimento dei nostri statuti, che ci chiedono una tenera e filiale devozione verso la Madre di Dio&#8221;.<\/em><\/p>\n<p style=\"text-align: justify;\">Oggi chiunque desidera arruolarsi nella MI, pu\u00f2 rivolgersi a un sacerdote della Fraternit\u00e0 San Pio X che provveder\u00e0 alla cerimonia d\u2019ingresso. Otterr\u00e0 in seguito un diploma che lo dichiarer\u00e0 &#8220;cavaliere dell&#8217;Immacolata&#8221;, sottoscritto dal sacerdote e riportato nel registro dei membri della MI.<\/p>\n<div><\/div>\n<div><\/div>\n<\/td>\n<td style=\"text-align: right;\" width=\"262\">\n<p style=\"text-align: center;\"><img loading=\"lazy\" src=\"https:\/\/test4.mi-backup.ch\/wp-content\/uploads\/media\/Fatima.PathtoPeace.Stehlin_(Copy).png\" alt=\"\" width=\"250\" height=\"153\" align=\"top\" border=\"1\" hspace=\"5\" vspace=\"5\" \/><span style=\"font-family: Tahoma;\">Padre Karl Stehlin FSSPX, rifondatore della MI nella tradizione cattolica <\/span><\/p>\n<p style=\"text-align: center;\"><img loading=\"lazy\" src=\"https:\/\/test4.mi-backup.ch\/wp-content\/uploads\/media\/bishop_fellay_sspx_superior_general460.jpg\" alt=\"\" width=\"250\" height=\"226\" align=\"top\" border=\"1\" hspace=\"5\" vspace=\"5\" \/><span style=\"font-family: Tahoma;\">Mons. Bernard Fellay, superiore generale della Fraternit\u00e0 San Pio X<\/span><\/p>\n<\/td>\n<\/tr>\n<\/tbody>\n<\/table>\n<div><\/div>\n","protected":false},"excerpt":{"rendered":"<p>La rinascita della MI nella tradizione cattolica Il 6 maggio dell&#8217;anno 2000, il superiore del distretto della Polonia, padre Karl Stehlin, con il permesso del superiore generale della fraternit\u00e0 San Pio X, mons. Bernard Fellay, richiam\u00f2 in vita la Milizia dell\u2019Immacolata, riportandola allo spirito dettato dagli statuti originali. Nel febbraio<a class=\"more-link\" href=\"https:\/\/test4.mi-backup.ch\/it\/la-rinascita-della-mi-nella-tradizione-cattolica\/\">Leggi tutto &rarr;<\/a><\/p>\n","protected":false},"author":9,"featured_media":0,"parent":0,"menu_order":0,"comment_status":"closed","ping_status":"closed","template":"","meta":[],"_links":{"self":[{"href":"https:\/\/test4.mi-backup.ch\/it\/wp-json\/wp\/v2\/pages\/361"}],"collection":[{"href":"https:\/\/test4.mi-backup.ch\/it\/wp-json\/wp\/v2\/pages"}],"about":[{"href":"https:\/\/test4.mi-backup.ch\/it\/wp-json\/wp\/v2\/types\/page"}],"author":[{"embeddable":true,"href":"https:\/\/test4.mi-backup.ch\/it\/wp-json\/wp\/v2\/users\/9"}],"replies":[{"embeddable":true,"href":"https:\/\/test4.mi-backup.ch\/it\/wp-json\/wp\/v2\/comments?post=361"}],"version-history":[{"count":6,"href":"https:\/\/test4.mi-backup.ch\/it\/wp-json\/wp\/v2\/pages\/361\/revisions"}],"predecessor-version":[{"id":5408,"href":"https:\/\/test4.mi-backup.ch\/it\/wp-json\/wp\/v2\/pages\/361\/revisions\/5408"}],"wp:attachment":[{"href":"https:\/\/test4.mi-backup.ch\/it\/wp-json\/wp\/v2\/media?parent=361"}],"curies":[{"name":"wp","href":"https:\/\/api.w.org\/{rel}","templated":true}]}}