{"id":367,"date":"2016-03-04T21:16:45","date_gmt":"2016-03-04T21:16:45","guid":{"rendered":"http:\/\/migration.mi-admin.ch\/itaposolatomateriale-per-lapostolato\/"},"modified":"2017-05-13T18:02:33","modified_gmt":"2017-05-13T16:02:33","slug":"aposolatomateriale-per-lapostolato","status":"publish","type":"page","link":"https:\/\/test4.mi-backup.ch\/it\/aposolatomateriale-per-lapostolato\/","title":{"rendered":"Materiale per l&#8217;apostolato"},"content":{"rendered":"<p>&nbsp;<\/p>\n<p style=\"text-align: justify;\">Potete <a href=\"https:\/\/test4.mi-backup.ch\/it\/contatti\/\">ordinare<\/a> qui i seguenti articoli per l&#8217;apostolato. Distribuiamo il materiale; l&#8217;offerta \u00e8 libera. Abbiamo bisogno del vostro aiuto per poter sostenere questo apostolato e diffonderlo anche in paesi pi\u00f9 poveri e nelle missioni. Facendo dunque appello alla vostra generosit\u00e0 vi preghiamo in nome dell&#8217;Immacolata per un&#8217;<br \/>\n<a href=\"https:\/\/test4.mi-backup.ch\/it\/donations\/\">offerta<\/a> . Dio ve ne renda merito!<\/p>\n<h2>Flyer per la Medaglia Miracololsa<\/h2>\n<table border=\"0\" width=\"740\" cellspacing=\"0\" cellpadding=\"0\">\n<tbody>\n<tr>\n<td width=\"160\"><a href=\"https:\/\/test4.mi-backup.ch\/wp-content\/uploads\/media\/Apostolat\/Flyer-01-ital-web.pdf\"><br \/>\n<\/a><img loading=\"lazy\" class=\"alignright size-medium wp-image-2557\" src=\"https:\/\/test4.mi-backup.ch\/wp-content\/uploads\/2016\/03\/flyer1_it-214x300.jpg\" alt=\"\" width=\"214\" height=\"300\" srcset=\"https:\/\/test4.mi-backup.ch\/wp-content\/uploads\/2016\/03\/flyer1_it-214x300.jpg 214w, https:\/\/test4.mi-backup.ch\/wp-content\/uploads\/2016\/03\/flyer1_it.jpg 250w\" sizes=\"(max-width: 214px) 100vw, 214px\" \/><\/td>\n<td valign=\"top\" width=\"522\">\n<p style=\"text-align: justify;\">Questo volantino (misura DIN A7) pu\u00f2 essere distribuito insieme alla Medaglia Miracolosa. In poche parole, spiega l&#8217;origine e il significato di questo mezzo della grazia. Questo volantino \u00e8 disponibile nelle seguenti lingue:<br \/>\n<a href=\"https:\/\/test4.mi-backup.ch\/wp-content\/uploads\/media\/Apostolat\/Flyer-01-engl-web.pdf\" target=\"_blank\" rel=\"noopener noreferrer\">inglese<\/a>,<br \/>\n<a href=\"https:\/\/test4.mi-backup.ch\/wp-content\/uploads\/media\/Apostolat\/Flyer-01-fr-web.pdf\" target=\"_blank\" rel=\"noopener noreferrer\">francese<\/a>,<br \/>\n<a href=\"https:\/\/test4.mi-backup.ch\/wp-content\/uploads\/media\/Apostolat\/Flyer-01-span-web.pdf\" target=\"_blank\" rel=\"noopener noreferrer\">spagnolo<\/a>,<br \/>\n<a href=\"https:\/\/test4.mi-backup.ch\/wp-content\/uploads\/media\/Apostolat\/Flyer-01-de-web.pdf\" target=\"_blank\" rel=\"noopener noreferrer\">tedesco<\/a>,<br \/>\n<a href=\"https:\/\/test4.mi-backup.ch\/wp-content\/uploads\/media\/Apostolat\/Flyer-01-ung-web.pdf\" target=\"_blank\" rel=\"noopener noreferrer\">ungherese<\/a>,<br \/>\n<a href=\"https:\/\/test4.mi-backup.ch\/wp-content\/uploads\/media\/Apostolat\/Flyer-01-kroat--web.pdf\" target=\"_blank\" rel=\"noopener noreferrer\">croato<\/a>,<br \/>\n<a href=\"https:\/\/test4.mi-backup.ch\/wp-content\/uploads\/media\/Apostolat\/Flyer-01-chines-web_new.pdf\" target=\"_blank\" rel=\"noopener noreferrer\" class=\"broken_link\">cinese<\/a>,<br \/>\n<a href=\"https:\/\/test4.mi-backup.ch\/wp-content\/uploads\/media\/Apostolat\/Flyer-01-jap--web.pdf\" target=\"_blank\" rel=\"noopener noreferrer\">giapponese<\/a>,<br \/>\n<a href=\"https:\/\/test4.mi-backup.ch\/wp-content\/uploads\/media\/Apostolat\/Flyer-01-port.pdf\" target=\"_blank\" rel=\"noopener noreferrer\" class=\"broken_link\">portoghese<\/a>,<br \/>\n<a href=\"https:\/\/test4.mi-backup.ch\/wp-content\/uploads\/media\/Apostolat\/Flyer-01-rus.pdf\" target=\"_blank\" rel=\"noopener noreferrer\" class=\"broken_link\">russo<\/a>,<br \/>\n<a href=\"https:\/\/test4.mi-backup.ch\/wp-content\/uploads\/media\/Apostolat\/Flyer-01-arab.pdf\" target=\"_blank\" rel=\"noopener noreferrer\">arabo<\/a>. Se desiderate averlo in un&#8217;altra lingua,<br \/>\n<a href=\"https:\/\/test4.mi-backup.ch\/de\/kontaktkontaktformular-mi-schweiz\/\">contattateci<\/a>!<\/p>\n<p style=\"text-align: justify;\"><a href=\"https:\/\/test4.mi-backup.ch\/wp-content\/uploads\/media\/Apostolat\/Flyer-01-ital-web.pdf\">Visualizzare il flyer<\/a><\/p>\n<p style=\"text-align: justify;\">Se non riuscite a visualizzarlo, potete scaricare l&#8217;Adobe Acrobat Reader su<br \/>\n<a href=\"https:\/\/get.adobe.com\/de\/reader\/\" target=\"_blank\" rel=\"noopener noreferrer\">www.adobe.de<\/a>.<\/p>\n<\/td>\n<\/tr>\n<\/tbody>\n<\/table>\n<h2><strong>Medaglia Miracolosa<\/strong><\/h2>\n<table border=\"0\" width=\"740\" cellspacing=\"0\" cellpadding=\"0\">\n<tbody>\n<tr>\n<td width=\"169\"><img loading=\"lazy\" src=\"https:\/\/test4.mi-backup.ch\/wp-content\/uploads\/media\/Apostolat\/Bild_1_(Copy).jpg\" alt=\"\" width=\"160\" height=\"299\" \/><\/p>\n<div><img loading=\"lazy\" src=\"https:\/\/test4.mi-backup.ch\/wp-content\/uploads\/media\/Apostolat\/Bild_3_(Copy).jpg\" alt=\"\" width=\"160\" height=\"299\" \/><\/div>\n<div><\/div>\n<\/td>\n<td width=\"397\"><strong>Scritta: latino<\/strong><\/p>\n<p><strong>Materiale: Zamak<\/strong><\/p>\n<p><strong>Colore: argento\/oro<\/strong><\/p>\n<p><strong>Misura: 17 mm <\/strong><\/p>\n<p><strong>Vi spediamo le Medaglie benedette. L&#8217;offerta \u00e8 libera!<\/strong><\/td>\n<td valign=\"top\" width=\"166\"><img loading=\"lazy\" src=\"https:\/\/test4.mi-backup.ch\/wp-content\/uploads\/media\/Apostolat\/Bild_2_(Copy).jpg\" alt=\"\" width=\"150\" height=\"284\" \/><\/p>\n<p><img loading=\"lazy\" src=\"https:\/\/test4.mi-backup.ch\/wp-content\/uploads\/media\/Apostolat\/Bild_4_(Copy).jpg\" alt=\"\" width=\"140\" height=\"270\" hspace=\"5\" \/><\/td>\n<\/tr>\n<\/tbody>\n<\/table>\n<h2>Set d&#8217;apostolato<\/h2>\n<table width=\"740\" cellspacing=\"1\" cellpadding=\"1\">\n<tbody>\n<tr>\n<td width=\"260\"><img loading=\"lazy\" src=\"https:\/\/test4.mi-backup.ch\/wp-content\/uploads\/media\/Apostolat\/Bild_5_B_(Copy).jpg\" alt=\"\" width=\"250\" height=\"223\" \/><\/td>\n<td valign=\"top\" width=\"467\">\n<p style=\"text-align: justify;\">Con questo set d&#8217;apostolato potete sempre portare delle Medaglie con voi. Il piccolo raccoglitore di plastica contiene dieci Medaglie e volantini.<\/p>\n<p style=\"text-align: justify;\">Per favore, specificate all&#8217;ordine se desiderate il set in lingua italiana.<\/p>\n<\/td>\n<\/tr>\n<\/tbody>\n<\/table>\n","protected":false},"excerpt":{"rendered":"<p>&nbsp; Potete ordinare qui i seguenti articoli per l&#8217;apostolato. Distribuiamo il materiale; l&#8217;offerta \u00e8 libera. Abbiamo bisogno del vostro aiuto per poter sostenere questo apostolato e diffonderlo anche in paesi pi\u00f9 poveri e nelle missioni. Facendo dunque appello alla vostra generosit\u00e0 vi preghiamo in nome dell&#8217;Immacolata per un&#8217; offerta .<a class=\"more-link\" href=\"https:\/\/test4.mi-backup.ch\/it\/aposolatomateriale-per-lapostolato\/\">Leggi tutto &rarr;<\/a><\/p>\n","protected":false},"author":9,"featured_media":0,"parent":0,"menu_order":0,"comment_status":"closed","ping_status":"closed","template":"","meta":[],"_links":{"self":[{"href":"https:\/\/test4.mi-backup.ch\/it\/wp-json\/wp\/v2\/pages\/367"}],"collection":[{"href":"https:\/\/test4.mi-backup.ch\/it\/wp-json\/wp\/v2\/pages"}],"about":[{"href":"https:\/\/test4.mi-backup.ch\/it\/wp-json\/wp\/v2\/types\/page"}],"author":[{"embeddable":true,"href":"https:\/\/test4.mi-backup.ch\/it\/wp-json\/wp\/v2\/users\/9"}],"replies":[{"embeddable":true,"href":"https:\/\/test4.mi-backup.ch\/it\/wp-json\/wp\/v2\/comments?post=367"}],"version-history":[{"count":7,"href":"https:\/\/test4.mi-backup.ch\/it\/wp-json\/wp\/v2\/pages\/367\/revisions"}],"predecessor-version":[{"id":5502,"href":"https:\/\/test4.mi-backup.ch\/it\/wp-json\/wp\/v2\/pages\/367\/revisions\/5502"}],"wp:attachment":[{"href":"https:\/\/test4.mi-backup.ch\/it\/wp-json\/wp\/v2\/media?parent=367"}],"curies":[{"name":"wp","href":"https:\/\/api.w.org\/{rel}","templated":true}]}}