{"id":37347,"date":"2021-05-08T14:06:38","date_gmt":"2021-05-08T12:06:38","guid":{"rendered":"https:\/\/test4.mi-backup.ch\/?page_id=37347"},"modified":"2021-05-08T14:06:38","modified_gmt":"2021-05-08T12:06:38","slug":"spiegazioni-di-san-massimiliano","status":"publish","type":"page","link":"https:\/\/test4.mi-backup.ch\/it\/spiegazioni-di-san-massimiliano\/","title":{"rendered":"Spiegazioni di San Massimiliano"},"content":{"rendered":"<h3>Perch\u00e9 dobbiamo rivolgerci particolarmente all&#8217;Immacolata?<\/h3>\n<p><img loading=\"lazy\" class=\"size-full wp-image-37348 alignright\" src=\"https:\/\/test4.mi-backup.ch\/wp-content\/uploads\/2021\/05\/kolbe3.jpeg\" alt=\"\" width=\"213\" height=\"290\" \/>\u201cPer quanto concerne la conversione dei peccatori, possiamo raggiungerla unicamente tramite Maria e non altrimenti. Nella Sua illimitata bont\u00e0, Dio ha utilizzato la Santissima Madre come tesoriera di tutte le grazie, che solo tramite Lei scorrono verso il mondo. Certamente bisogna pregare Dio stesso per ottenere le grazie, ma sempre per intercessione dell&#8217;Immacolata\u201d (conferenza del 30.05.1933).<\/p>\n<h3>In che cosa consiste la \u201cDevozione totale\u201d a Lei?<\/h3>\n<p>\u201cDesideriamo talmente appartenere all&#8217;Immacolata, che non rimane nulla che ci appartenga: siamo come annientati in Lei, per cos\u00ec dire trasformati in Lei, cos\u00ec che rimane solo Lei in noi&#8230; Alla fine apparteniamo a Lei in modo tale come Lei appartiene a Dio\u201d (Lettera 12.04.1933).<\/p>\n<h3>L&#8217;atto di devozione totale \u00e8 sufficiente?<\/h3>\n<p>\u201cL&#8217;amore per l&#8217;Immacolata non si ferma all&#8217;Atto di Consacrazione, anche se fatto con grande zelo, ma pure nell&#8217;accettare tante privazioni e nella lotta continua per Lei\u201d (Lettera 10.02.1937).<\/p>\n<h3>Questa consacrazione \u00e8 veramente indispensabile?<\/h3>\n<p>\u201cNella MI bisogna distinguere due cose: il suo essere e le cose aggiuntive. L&#8217;ESSERE non consiste in una piuttosto che in un&#8217;altra forma di organizzazione, ma nella consacrazione di s\u00e9 stesso all&#8217;Immacolata, consacrazione incondizionata e illimitata: il nostro amore per l&#8217;Immacolata irradia verso l&#8217;esterno fino al punto che le anime che ci circondano vengono accese da questo fuoco\u201d (Lettera 13.12.1938).<\/p>\n<h3>Che influsso ha questa consacrazione sul nostro fare e agire?<\/h3>\n<p>\u201cQuesta consacrazione non richiede assolutamente di abbandonare il mondo e la famiglia per entrare in un convento. No, si pu\u00f2 continuare nello stato di prima a dedicarsi a tutte le attivit\u00e0 onorevoli precedenti, solo che non le sacrifichiamo pi\u00f9 noi stessi, queste nostre attivit\u00e0 quotidiane, ma \u00e8 l&#8217;Immacolata, alla quale ormai apparteniamo che le sacrifica. E le sacrifica non come opere nostre, deboli e intaccate con tante imperfezioni, ma come opere Sue. Poich\u00e9 noi apparteniamo a Lei con tutto quello che \u00e8 nostro. Per questo Le appartengono anche tutte le nostre attivit\u00e0. Ma l&#8217;Immacolata non pu\u00f2 sacrificare a Dio qualcosa di imperfetto, nelle sue mani immacolate anche le nostre opere imperfette diventano immacolate e pure, e per questo ineguagliabilmente pi\u00f9 preziose\u201d (Prima lettera circolare in lingua tedesca 10.05.1938).<\/p>\n<h3>Le nostre opere appartengono all&#8217;Immacolata solo se quando operiamo pensiamo a Lei?<\/h3>\n<p>\u201cLa sostanza della devozione all&#8217;Immacolata non sta nel continuo pensare a Lei, ma nella volont\u00e0. In tal modo l&#8217;anima, totalmente occupata nel buon adempimento dei suoi doveri, non smette di essere propiet\u00e0 dell&#8217;Immacolata e i suoi pensieri, parole e opere non smettono di appartenere all&#8217;Immacolata, anche se l&#8217;anima stessa non ci pensa\u201d (Prima lettera circolare in lingua tedesca 10.06.1938).<\/p>\n<h3>Perch\u00e9 bisogna portare e diffondere la Medaglia Miracolosa?<\/h3>\n<p>\u201cIn quest&#8217;opera che ci presenta la MI, \u00e8 d&#8217;obbligo utilizzare qualsiasi mezzo lecito. Ma dobbiamo scegliere soprattutto i mezzi che l&#8217;Immacolata stessa ci mette a disposizione, e di questi fa parte la Medaglia Miracolosa\u201d (Cavaliere dell&#8217;Immacolata 1937).<\/p>\n<p>\u201cDistribuiamo la Medaglia Miracolosa ovunque \u00e8 possibile, ai buoni e ai cattivi, ai cattolici e ai miscredenti; poich\u00e9 se qualcuno Le d\u00e0 anche la pi\u00f9 minima venerazione, Lei non lo abbandoner\u00e0 pi\u00f9, ma lo porter\u00e0 alla fede e alla penitenza: per questo dobbiamo distribuire la Sua Medaglia e allo stesso tempo invocarLa con sollecitudine per la nostra propria conversione e quella degli altri\u201d (Cavaliere 12, 1927).<\/p>\n<h3>Esistono anche altri mezzi di apostolato?<\/h3>\n<p>\u201cNon dobbiamo solo difendere il nostro credo e partecipare alla salvezza delle anime, ma dobbiamo anche procedere all&#8217;attacco con coraggio e dimenticando noi stessi, per conquistare le anime all&#8217;Immacolata, una dopo l&#8217;altra, avanzando da un avamposto al prossimo: mediante editori, quotidiani, riviste periodiche, libri, agenzie di stampa, emittenti radio, istituti di arte e letteratura, teatri, cinema, parlamenti e senati, in una parola: dobbiamo regalare anime all&#8217;Immacolata ovunque, in ogni angolo della terra e con tutti i mezzi immaginabili che abbiamo a disposizione\u201d (Lettera 21.12.1928).<\/p>\n<h3>Qual&#8217;\u00e8 il carattere particolare della MI?<\/h3>\n<p>\u201cLa Milizia dell&#8217;Immacolata non esiste solo come difesa, ma soprattutto anche some attacco. Per noi \u00e8 troppo poco il solo difendere la religione. Con tutta forza e confidando nella nostra Regina, penetriamo nel campo del nemico, per andarvi a caccia di anime e vincerle per l&#8217;Immacolata&#8230; Ogni cuore che batte da qualche parte del mondo e che batter\u00e0 fino alla fine dei tempi deve diventare bottino dell&#8217;Immacolata: questo \u00e8 il nostro obiettivo! E lo vogliamo raggiungere il pi\u00f9 presto possibile\u201d (Lettera 23.04.1929). \u201cIl solo pensiero che talmente tante anime non conoscono nemmeno il nome di Maria non da pace al Cavaliere. Vorrebe conquistare tutto il mondo per Lei. Portarla ad ogni cuore che batte e batter\u00e0 sotto il sole, affinch\u00e9 con abbondante misericordia illumini questi cuori, li riscaldi con l&#8217;amore del suo cuore materno e trasformi in essi il fuoco d&#8217;amore per Dio, per il Cuore Divino di Ges\u00f9, in fiamme luminose e ardenti\u201d (Prima lettera circolare in lingua tedesca 10.5.1938).<\/p>\n<h3>Quindi la MI \u00e8 una vera milizia, un esercito attrezzato al combattimento?<\/h3>\n<p>\u201cAbbiamo ancora il diritto di restare a guardare inattivi, davanti ai potenti affronti da parte dei nemici della Chiesa di Dio? \u00c8 sufficiente lamentarsi e spargere lacrime? No! Ricordiamoci: all&#8217;Ultimo Giudizio non verremo esaminati solo per le azioni compiute, ma Dio metter\u00e0 in conto anche tutte le buone azioni che abbiamo trascurato di realizzare pur avendone avuta la possibilit\u00e0\u201d (Cavaliere 1923). \u201cSoffrire, lavorare e morire come un Cavaliere, non di una morte \u00abordinaria\u00bb, ma ad esempio con un proiettile nella schiena, a sugello del nostro amore per l&#8217;Immacolata, da vero Cavaliere, versando per Lei il sangue fino all&#8217;ultima goccia, cos\u00ec da accelerare per Lei la Sua conquista del mondo intero.\u201d (Cavaliere 1939).<\/p>\n<h3>Quali sono i pi\u00f9 grandi nemici in questo combattimento?<\/h3>\n<p>\u201cIn tutto il mondo si combatte contro la Chiesa e la salvezza delle anime. Il nemico appare in molteplici vesti e con nomi diversi. Non \u00e8 un segreto che il socialismo sfrutta la miseria dei lavoratori, per iniettare loro il veleno della miscredenza. Vediamo come i bolscevichi calpestano la religione. Udiamo gli insegnamenti dei materialisti che restringono l&#8217;universo a quanto si percepisce unicamente con i sensi, e in tal modo si convincono vicendevolmente che non esistono n\u00e9 Dio n\u00e9 le anime immortali. La teosofia diffonde l&#8217;indifferenza religiosa mentre i <em>Testimoni di Geova<\/em> e altri protestanti acquisiscono sempre pi\u00f9 seguaci con ingenti mazzette di dollari. Tutti questi accampamenti si uniscono in un fronte contro la Chiesa\u201d (Cavaliere 1923). \u201cMa solo dietro a questo fronte si trova l&#8217;esercito del nemico principale: il nemico di primo rango, pi\u00f9 forte e peggiore della Chiesa \u00e8 la massoneria\u201d (Manoscritto: gli odierni nemici della Chiesa).<\/p>\n<h3>Come intende l&#8217;ecumenismo la MI?<\/h3>\n<p>\u201cHai distrutto tutte le eresie &#8211; nel mondo intero! Come si deve interpretare ci\u00f2? Lei ha distrutto le eresie, non gli eretici, poich\u00e9 questi Lei li ama e desidera la loro conversione. Proprio per l&#8217;amore verso di loro li libera dall&#8217;eresia, distrugge in loro gli errori e le visioni errate. Distrugge le eresie, quindi non le diminuisce o indebolisce, ma le strappa affinch\u00e9 non ne rimanga traccia alcuna. Tutte? Si, tutte senza eccezione! Dove? Nel mondo intero! Non solo in questo o in quel paese, ma in tutti i paesi del mondo! Da sola Tu li hai annientati! Non c&#8217;\u00e8 bisogno pi\u00f9 di nulla, Tu sola puoi farlo!\u201d (Cavaliere 1933).<\/p>\n<h3>Perch\u00e9 le giaculatorie?<\/h3>\n<p>\u201cNoi facciamo parte delle anime che sono destinate a tenere le mani alzate per la preghiera; da queste anime dipende in gran parte il futuro. Oltre alla preghiera comunitaria quotidiana aggiungiamo molte giaculatorie. La pi\u00f9 piccola preghiera e la pi\u00f9 piccola azione hanno il loro effetto. Dio vuole che governiamo il mondo con la preghiera\u201d (Conferenza 10.03.1940).<\/p>\n<h3>Esistono delle riunioni e incontri nella MI?<\/h3>\n<p>\u201cIn ogni luogo pu\u00f2 nascere un gruppo della MI 2, la cui importanza non dipende tanto dal numero quanto dallo zelo. I gruppi, diversi per estrazione sociale, condizioni e circostanze di vita e attivit\u00e0, cercano insieme i mezzi per raggiungere il grande fine, verificano i risultati e migliorano i metodi di azione, nella misura in cui acquisiscono esperienze\u201d (Lettera 02.12.1931).<\/p>\n<h3>\u00c8 necessaria una tale organizzazione per l&#8217;apostolato?<\/h3>\n<p>\u201cCertamente l&#8217;azione esteriore \u00e8 una buona cosa, ma comunque secondaria e ancora meno che secondaria rispetto alla vita interiore, il raccoglimento, la preghiera e il proprio amore verso Dio. Solo nella misura in cui l&#8217;amore per Dio brucia sempre con crescente fervore in noi stessi, possiamo anche accenderelo negli altri\u201d (Lettera 10.12.1940).<\/p>\n<h3>Ma la Madre di Dio non ci richiede anche penitenza?<\/h3>\n<p>\u201cPer quanto riguarda il soprannaturale, i mezzi sono la preghiera e la sofferenza. Se abbiamo lavorato tanto senza sacrificarci, allora qualsiasi affaticamento \u00e8 senza valore\u201d (Conferenza 05.03.1938). \u201cDobbiamo accettare dalle mani dell&#8217;Immacolata tutto quanto Ella si degna di mandarci, quando e come Lei vuole, cose piacevoli o spiacevoli. Le croci sono necessarie, poich\u00e9 anche l&#8217;Immacolata ha portato le sue croci in terra e Ges\u00f9 stesso non ha scelto un&#8217;altra via\u201d (Lettera 28.12.1934).<\/p>\n<h3>Come possiamo riassumere questo ideale?<\/h3>\n<p>\u201cNon \u00e8 bello questo ideale di vita? La lotta per conquistare tutta la terra, i cuori di tutti gli uomini e di ogni singolo uomo in particolare, iniziando da noi stessi&#8230; La nostra potenza sta nel riconoscere la nostra ignoranza, debolezza e povert\u00e0, e nell&#8217;affidarci incondizionatamente alla bont\u00e0 e potenza dell&#8217;Immacolata\u201d (Lettera 11.12.1930). \u201cSotto lo stendardo dell&#8217;Immacolata partiamo per la grande battaglia, ed eleveremo le nostre bandiere sui bastioni del principe di questo mondo. Allora l&#8217;Immacolata sar\u00e0 la Regina di tutto il mondo e specialmetne di ogni uomo&#8230; \u201c (Lettera 30.06.1931).<\/p>\n","protected":false},"excerpt":{"rendered":"<p>Perch\u00e9 dobbiamo rivolgerci particolarmente all&#8217;Immacolata? \u201cPer quanto concerne la conversione dei peccatori, possiamo raggiungerla unicamente tramite Maria e non altrimenti. Nella Sua illimitata bont\u00e0, Dio ha utilizzato la Santissima Madre come tesoriera di tutte le grazie, che solo tramite Lei scorrono verso il mondo. Certamente bisogna pregare Dio stesso per<a class=\"more-link\" href=\"https:\/\/test4.mi-backup.ch\/it\/spiegazioni-di-san-massimiliano\/\">Leggi tutto &rarr;<\/a><\/p>\n","protected":false},"author":217,"featured_media":0,"parent":0,"menu_order":0,"comment_status":"closed","ping_status":"closed","template":"","meta":[],"_links":{"self":[{"href":"https:\/\/test4.mi-backup.ch\/it\/wp-json\/wp\/v2\/pages\/37347"}],"collection":[{"href":"https:\/\/test4.mi-backup.ch\/it\/wp-json\/wp\/v2\/pages"}],"about":[{"href":"https:\/\/test4.mi-backup.ch\/it\/wp-json\/wp\/v2\/types\/page"}],"author":[{"embeddable":true,"href":"https:\/\/test4.mi-backup.ch\/it\/wp-json\/wp\/v2\/users\/217"}],"replies":[{"embeddable":true,"href":"https:\/\/test4.mi-backup.ch\/it\/wp-json\/wp\/v2\/comments?post=37347"}],"version-history":[{"count":1,"href":"https:\/\/test4.mi-backup.ch\/it\/wp-json\/wp\/v2\/pages\/37347\/revisions"}],"predecessor-version":[{"id":37356,"href":"https:\/\/test4.mi-backup.ch\/it\/wp-json\/wp\/v2\/pages\/37347\/revisions\/37356"}],"wp:attachment":[{"href":"https:\/\/test4.mi-backup.ch\/it\/wp-json\/wp\/v2\/media?parent=37347"}],"curies":[{"name":"wp","href":"https:\/\/api.w.org\/{rel}","templated":true}]}}