{"id":29470,"date":"2020-07-06T14:34:14","date_gmt":"2020-07-06T12:34:14","guid":{"rendered":"https:\/\/test4.mi-backup.ch\/?post_type=product&#038;p=29470"},"modified":"2020-07-06T14:36:53","modified_gmt":"2020-07-06T12:36:53","slug":"set-per-scapolare","status":"publish","type":"product","link":"https:\/\/test4.mi-backup.ch\/it\/shop\/flyer-it\/set-per-scapolare\/","title":{"rendered":"Set per scapolare"},"content":{"rendered":"<h3>Lo scapolare: il mantello protettivo di Maria<\/h3>\n<p>\u201cLa vergine pi\u00f9 benedetta promette ai portatori dello Scapolare di raggiungere la vita eterna. Questa \u00e8 la grazia pi\u00f9 importante di sempre &#8220;(Papa Pio XII.). Lo scapolare risale alla promessa della Beata Vergine Maria, che gli affid\u00f2 a San Simone Stock quando gli apparve il 16 luglio 1251 con uno scapolare. promettici se portiamo fedelmente lo scapolare: Maria ci protegge in pericolo, Maria ci promette salvezza, Maria ci viene in aiuto in purgatorio La Chiesa cattolica ha riconosciuto questo dono di Maria e l&#8217;ha reso un sacramentale per tutti i credenti, il cielo ce l&#8217;ha ripetutamente confermato da miracoli di conversione e protezione in grande bisogno di corpo e anima.<br \/>\nDescrizione articolo: robusto scapolare, realizzato dalle suore del Carmelo del convento Maria Regina degli Angeli nella Svizzera occidentale, in un set con un volantino che contiene tutte le spiegazioni necessarie per lo scapolare.<\/p>\n<p>Il volantino \u00e8 disponibile in tre lingue: italiano, francese, spagnolo, tedesco<\/p>\n","protected":false},"excerpt":{"rendered":"<p>Lo scapolare: il mantello protettivo di Maria \u201cLa vergine pi\u00f9 benedetta promette ai portatori dello Scapolare di raggiungere la vita eterna. Questa \u00e8 la grazia pi\u00f9 importante di sempre &#8220;(Papa Pio XII.). Lo scapolare risale alla promessa della Beata Vergine Maria, che gli affid\u00f2 a San Simone Stock quando gli<a class=\"more-link\" href=\"https:\/\/test4.mi-backup.ch\/it\/shop\/flyer-it\/set-per-scapolare\/\">Leggi tutto &rarr;<\/a><\/p>\n","protected":false},"featured_media":29458,"template":"","meta":[],"product_cat":[297],"product_tag":[],"_links":{"self":[{"href":"https:\/\/test4.mi-backup.ch\/it\/wp-json\/wp\/v2\/product\/29470"}],"collection":[{"href":"https:\/\/test4.mi-backup.ch\/it\/wp-json\/wp\/v2\/product"}],"about":[{"href":"https:\/\/test4.mi-backup.ch\/it\/wp-json\/wp\/v2\/types\/product"}],"wp:featuredmedia":[{"embeddable":true,"href":"https:\/\/test4.mi-backup.ch\/it\/wp-json\/wp\/v2\/media\/29458"}],"wp:attachment":[{"href":"https:\/\/test4.mi-backup.ch\/it\/wp-json\/wp\/v2\/media?parent=29470"}],"wp:term":[{"taxonomy":"product_cat","embeddable":true,"href":"https:\/\/test4.mi-backup.ch\/it\/wp-json\/wp\/v2\/product_cat?post=29470"},{"taxonomy":"product_tag","embeddable":true,"href":"https:\/\/test4.mi-backup.ch\/it\/wp-json\/wp\/v2\/product_tag?post=29470"}],"curies":[{"name":"wp","href":"https:\/\/api.w.org\/{rel}","templated":true}]}}