{"id":87540,"date":"2023-01-05T10:49:15","date_gmt":"2023-03-01T22:20:03","guid":{"rendered":"https:\/\/test4.mi-backup.ch\/?post_type=product&#038;p=87540"},"modified":"2023-03-01T23:26:31","modified_gmt":"2023-03-01T22:26:31","slug":"distintivo-mi-spilla-rotonda","status":"publish","type":"product","link":"https:\/\/test4.mi-backup.ch\/it\/shop\/flyer-it\/distintivo-mi-spilla-rotonda\/","title":{"rendered":"Distintivo MI &#8211; spilla rotonda"},"content":{"rendered":"<p>Il distintivo MI rotondo mostra il logo MI in colore argento su uno sfondo acrilico blu. Il logo rappresenta i cuori uniti di Ges\u00f9 e Maria. Sopra c&#8217;\u00e8 una corona con una croce, che esprime la volont\u00e0 della MI di costruire il Regno di Cristo attraverso il regno di Maria in questo mondo.<\/p>\n<p>La spilla rotonda ha un diametro di 19 mm.<\/p>\n<p>Il distintivo della MI \u00e8 riservato ai membri o ai cavalieri della MI e serve come segno esterno di riconoscimento. Si ottiene dal sacerdote che effettua l&#8217;iniziazione o dal coordinatore MI responsabile.<\/p>\n","protected":false},"excerpt":{"rendered":"<p>Il distintivo MI rotondo mostra il logo MI in colore argento su uno sfondo acrilico blu. Il logo rappresenta i cuori uniti di Ges\u00f9 e Maria. Sopra c&#8217;\u00e8 una corona con una croce, che esprime la volont\u00e0 della MI di costruire il Regno di Cristo attraverso il regno di Maria<a class=\"more-link\" href=\"https:\/\/test4.mi-backup.ch\/it\/shop\/flyer-it\/distintivo-mi-spilla-rotonda\/\">Leggi tutto &rarr;<\/a><\/p>\n","protected":false},"featured_media":84891,"template":"","meta":[],"product_cat":[330,297],"product_tag":[],"_links":{"self":[{"href":"https:\/\/test4.mi-backup.ch\/it\/wp-json\/wp\/v2\/product\/87540"}],"collection":[{"href":"https:\/\/test4.mi-backup.ch\/it\/wp-json\/wp\/v2\/product"}],"about":[{"href":"https:\/\/test4.mi-backup.ch\/it\/wp-json\/wp\/v2\/types\/product"}],"wp:featuredmedia":[{"embeddable":true,"href":"https:\/\/test4.mi-backup.ch\/it\/wp-json\/wp\/v2\/media\/84891"}],"wp:attachment":[{"href":"https:\/\/test4.mi-backup.ch\/it\/wp-json\/wp\/v2\/media?parent=87540"}],"wp:term":[{"taxonomy":"product_cat","embeddable":true,"href":"https:\/\/test4.mi-backup.ch\/it\/wp-json\/wp\/v2\/product_cat?post=87540"},{"taxonomy":"product_tag","embeddable":true,"href":"https:\/\/test4.mi-backup.ch\/it\/wp-json\/wp\/v2\/product_tag?post=87540"}],"curies":[{"name":"wp","href":"https:\/\/api.w.org\/{rel}","templated":true}]}}