{"id":11047,"date":"2018-06-02T23:14:30","date_gmt":"2018-06-02T21:14:30","guid":{"rendered":"https:\/\/test4.mi-backup.ch\/?page_id=11047"},"modified":"2019-08-02T17:24:15","modified_gmt":"2019-08-02T15:24:15","slug":"immaculata","status":"publish","type":"page","link":"https:\/\/test4.mi-backup.ch\/no\/immaculata\/","title":{"rendered":"Immaculata"},"content":{"rendered":"<blockquote><p>\u201eDen [kvinnen, o.a.] skal knuse ditt hode&#8230;&#8221; (1 Mos 3, 15)<br \/>\n&#8220;Du alene har beseiret alle heresiene i hele verden.&#8221; (fra det romerske breviariet)<\/p><\/blockquote>\n<div style=\"width: 300px; float: right; padding-left: 15px;\">\n<p><img loading=\"lazy\" class=\"aligncenter\" src=\"\/\/test4.mi-backup.ch\/wp-content\/uploads\/media\/Immaculata.jpg\" alt=\"\" width=\"300\" height=\"454\" align=\"top\" border=\"1\" hspace=\"5\" vspace=\"5\" \/><\/p>\n<p style=\"text-align: center;\">La med prise deg, \u00e5 hellige Jomfru, gi meg makt mot dine fiender.<br \/>\n(Fra MIs vigselb\u00f8nn)<\/p>\n<p style=\"text-align: center;\">\u00c5 Maria, unnfanget uten synd, be for oss som tar v\u00e5r tilflukt til deg, og for alle som ikke tar sin tilflukt til deg, spesielt for frimurerne og alle som er blitt anbefalt deg.<br \/>\n(MIs b\u00f8nn etter den hellige Maximilian)<\/p>\n<p>Over: N\u00e5debildet i kirken St. Andrea delle Fratte i Roma. Her utrettet Maria i 1842 det kjente underet, der j\u00f8den Alphonse Ratisbonne umiddelbart omvendte seg p\u00e5 grunn av en visjon. Underet skjedde gjennom den undergj\u00f8rende medaljen, som han hadde b\u00e5ret noen dager for en venns skyld. Etter visjonen kjente Ratisbonne til hele den katolske troen, og ble s\u00e5 prest. Ved alteret med dette bildet feiret den hellige Maximilian sin f\u00f8rste messe.<br \/>\nJeg kommer aldri til \u00e5 forlate deg. Mitt uplettede hjerte kommer til \u00e5 v\u00e6re ditt tilfluktssted og veien som f\u00f8rer deg til Gud.<br \/>\n(Dette lovet Maria Lucia i Fatima)<\/p>\n<p style=\"text-align: center;\"><img loading=\"lazy\" class=\"aligncenter\" src=\"\/\/test4.mi-backup.ch\/wp-content\/uploads\/media\/Fatima.jpg\" alt=\"\" width=\"300\" height=\"383\" align=\"top\" border=\"1\" hspace=\"5\" vspace=\"5\" \/><span style=\"font-family: Tahoma;\"><br \/>\n<\/span><\/p>\n<p style=\"text-align: center;\"><strong>Til slutt kommer mitt uplettede hjerte til \u00e5 triumfere!<\/strong><\/p>\n<p style=\"text-align: center;\">Bilde: Statue av V\u00e5r Frue av Fatima med sitt uplettede hjerte.<span style=\"font-family: Tahoma;\"><br \/>\n<\/span><\/p>\n<\/div>\n<p>Gjentatte ganger har hellige personer undrende uttalt: &#8220;Hvem er du, \u00e5 Immaculata?&#8221; Navnet Immaculata \u2013 den uplettede \u2013 for Maria, ble utbredt etter at dogmet om Marias uplettede unnfangelse (1854) ble forkynt, og etter \u00e5penbaringene i Lourdes (1858) hvor Maria forestilte seg for den hellige Bernadette med ordene \u201eJeg er den uplettede unnfangelse\u201d. Den hellige Maximilian kalte Maria nesten alltid for Immaculata. Det er ufattelig hvor mange undre og hemmeligheter som har sitt utgangspunkt i henne. Som Guds mesterverk er hun enest\u00e5ende i fullkommenhet og makt. Kirken priser hennes fortrinn og vil at vi skal h\u00f8yakte henne mere enn alle englene og helgenene. (Hyperdulia).<\/p>\n<p>Hennes rolle i Kristi frelsesverk er enest\u00e5ende. Fordi hun er Guds Mor, medvirker hun direkte i frelsesverket. Samtidig er hun den nye Eva. Som formidler av alle n\u00e5degaver gir hun sine barn fruktene av frelsesverket. Slik blir hun gitt oss av Gud som den makt, ved hvilken mennesket f\u00f8rst omvender seg, og deretter som veien som f\u00f8rer det til Kristus. Henne har vi \u00e5 takke for alle v\u00e5re personlige n\u00e5degaver.<\/p>\n<p>Hun er ogs\u00e5 det store tegnet p\u00e5 himmelen, som leder den kristne h\u00e6ren i kampen mot Satan. Hun er den seirende i alle Guds kamper. Men spesielt i den siste tiden st\u00e5r hun der som den siste hjelpen Gud gir v\u00e5r verden. Slik er det forutsagt i Johannes \u00e5penbaring: \u201e<strong><em>Et stort tegn viste seg p\u00e5 himmelen: En kvinne som var kledd i solen, med m\u00e5nen under sine f\u00f8tter og med en krans av tolv stjerner p\u00e5 hodet. <\/em><\/strong>\u201c (\u00c5p 12,1). \u201eVerdens frelse tok til gjennom Maria, gjennom henne vil den ogs\u00e5 fullf\u00f8res.&#8221; (Den hellige Ludwig Maria Grignion de Montfort)<\/p>\n<p>Hun \u00e5penbarer seg selv, umiddelbart gjennom visjoner, middelbart gjennom sine spesielt utvalgte redskaper, for \u00e5 bevise sin ufattelige makt i det \u00f8yeblikket hvor sjelenes fiende angriper p\u00e5 den skrekkeligste m\u00e5ten. Hennes hjerte blir til det siste tilfluktsstedet for de forfulgte og utsatte Guds barn som \u00f8nsker \u00e5 holde trofast ut under Herrens kors. Under hennes banner stiller hennes barn, hennes riddere, seg opp og danner en liten h\u00e6r. Den overvinner den st\u00f8rste pr\u00f8velsen og seirer til slutt over den tilsynelatende overmakten. Slik som Maria forutsa i Fatima: <strong>\u201eTil slutt kommer mitt uplettede hjerte til \u00e5 triumfere!\u201c<\/strong><\/p>\n<p>Derfor vil vi f\u00f8lge den hellige Maximilians, den hellige Ludwigs og alle helgenenes eksempel og h\u00e5pe fulle av tillit p\u00e5 Immaculata i alle livets og verdens vanskeligheter. Etter den hellige Bernhard av Clairvauxs ord:<\/p>\n<p><em>&#8220;\u00c5, hvem du enn er \u2013 siden du ser, at du i denne tids str\u00f8m, under storm og uv\u00e6r, heller blir drevet enn at man kunne si at du g\u00e5r omkring med fast jord under f\u00f8ttene, ikke vend blikket fra lyset til denne stjernen, hvis du ikke vil g\u00e5 under i stormene.<\/em><em><br \/>\n<\/em><em>N\u00e5r pr\u00f8velsenes stormvinder kommer, n\u00e5r du driver mot angstens klippe, se opp til stjernen, p\u00e5kall Maria! N\u00e5r du blir tatt av h\u00f8ymodighetens, eller \u00e6rgjerrighetens, eller bakvaskelsen, eller sjalusiens b\u00f8lger, se opp til stjernen, p\u00e5kall Maria!<\/em><br \/>\n<em>Hvis sinnet eller gr\u00e5digheten eller kj\u00f8dets lyster truer med \u00e5 kantre din sjels b\u00e5t, se opp til Maria! Hvis du, forvirret av den skrekkelige st\u00f8rrelsen p\u00e5 skylden, skamfull over at samvittigheten er besudlet, forferdet over dommens redsler, er redd for \u00e5 synke ned i tristhetens avgrunn, i fortvilelsens gap \u2013 tenk da p\u00e5 Maria!<\/em><br \/>\n<em>I fare og angst, i tvil og n\u00f8d, tenk p\u00e5 Maria, p\u00e5kall Maria! Ikke skal hun vike fra din munn, ikke skal hun vike ut av ditt hjerte! Og for \u00e5 oppn\u00e5 at dine b\u00f8nner blir h\u00f8rt, slutt ikke med \u00e5 etterligne hennes liv.<\/em><br \/>\n<em>Hvis du f\u00f8lger henne, g\u00e5r du deg ikke vill; hvis du ber til henne, kommer du ikke til \u00e5 fortvile, hvis du beholder henne i tankene dine, kommer du til \u00e5 unng\u00e5 feiltrinn. Hvis hun holder deg, faller du ikke; hvis hun beskytter deg, har du ikke noe mere \u00e5 frykte; hvis hun leder deg, blir du ikke lenger trett; med hennes underst\u00f8ttelse kommer du i havn!&#8221;<\/em><\/p>\n","protected":false},"excerpt":{"rendered":"<p>\u201eDen [kvinnen, o.a.] skal knuse ditt hode&#8230;&#8221; (1 Mos 3, 15) &#8220;Du alene har beseiret alle heresiene i hele verden.&#8221; (fra det romerske breviariet) La med prise deg, \u00e5 hellige Jomfru, gi meg makt mot dine fiender. (Fra MIs vigselb\u00f8nn) \u00c5 Maria, unnfanget uten synd, be for oss som tar<a class=\"more-link\" href=\"https:\/\/test4.mi-backup.ch\/no\/immaculata\/\">Read More &rarr;<\/a><\/p>\n","protected":false},"author":9,"featured_media":0,"parent":0,"menu_order":0,"comment_status":"closed","ping_status":"closed","template":"","meta":[],"_links":{"self":[{"href":"https:\/\/test4.mi-backup.ch\/no\/wp-json\/wp\/v2\/pages\/11047"}],"collection":[{"href":"https:\/\/test4.mi-backup.ch\/no\/wp-json\/wp\/v2\/pages"}],"about":[{"href":"https:\/\/test4.mi-backup.ch\/no\/wp-json\/wp\/v2\/types\/page"}],"author":[{"embeddable":true,"href":"https:\/\/test4.mi-backup.ch\/no\/wp-json\/wp\/v2\/users\/9"}],"replies":[{"embeddable":true,"href":"https:\/\/test4.mi-backup.ch\/no\/wp-json\/wp\/v2\/comments?post=11047"}],"version-history":[{"count":4,"href":"https:\/\/test4.mi-backup.ch\/no\/wp-json\/wp\/v2\/pages\/11047\/revisions"}],"predecessor-version":[{"id":19452,"href":"https:\/\/test4.mi-backup.ch\/no\/wp-json\/wp\/v2\/pages\/11047\/revisions\/19452"}],"wp:attachment":[{"href":"https:\/\/test4.mi-backup.ch\/no\/wp-json\/wp\/v2\/media?parent=11047"}],"curies":[{"name":"wp","href":"https:\/\/api.w.org\/{rel}","templated":true}]}}