{"id":11051,"date":"2018-06-02T23:18:32","date_gmt":"2018-06-02T21:18:32","guid":{"rendered":"https:\/\/test4.mi-backup.ch\/?page_id=11051"},"modified":"2018-06-02T23:18:32","modified_gmt":"2018-06-02T21:18:32","slug":"maximilian-kolbe","status":"publish","type":"page","link":"https:\/\/test4.mi-backup.ch\/no\/maximilian-kolbe\/","title":{"rendered":"Maximilian Kolbe"},"content":{"rendered":"<div style=\"width: 250px; float: right; padding-left: 15px;\">\n<p><img loading=\"lazy\" class=\"\" src=\"\/\/test4.mi-backup.ch\/wp-content\/uploads\/media\/Kolbe19.jpg\" alt=\"\" width=\"250\" height=\"362\" align=\"left\" border=\"1\" \/><\/p>\n<p><img loading=\"lazy\" class=\"\" src=\"\/\/test4.mi-backup.ch\/wp-content\/uploads\/media\/2_-_7_Year_Old.jpg\" alt=\"\" width=\"250\" height=\"374\" align=\"left\" border=\"1\" \/><\/p>\n<p><img loading=\"lazy\" class=\"\" src=\"\/\/test4.mi-backup.ch\/wp-content\/uploads\/media\/kolbe6.jpg.jpg\" alt=\"\" width=\"250\" height=\"353\" border=\"1\" \/><\/p>\n<p><img loading=\"lazy\" src=\"\/\/test4.mi-backup.ch\/wp-content\/uploads\/media\/kolbe13.jpg\" alt=\"\" width=\"250\" height=\"188\" border=\"1\" \/><\/p>\n<\/div>\n<p>Pater Maximilian Kolbe OFM ble f\u00f8dt den 8. januar 1894 i Zdunska-Wola ikke langt fra L\u00f3dz (Polen). Hans fromme foreldre, som f\u00f8rte et enkelt liv, gav ham i d\u00e5pen navnet Raimund. Da han var 10 \u00e5r gammel, viste Guds mor seg for ham. Hun viste ham to kroner, en hvit og en r\u00f8d, og sa: &#8220;Hvilken krone vil du ha? Den hvite betyr \u00e5 bevare renheten, den r\u00f8de martyriet.&#8221; Raimund svarte henne: &#8220;Jeg velger begge!&#8221;. I \u00e5ret 1907 begynte han p\u00e5 fransiskanernes gutteseminar i Lemberg. I 1911 avla han sine f\u00f8rste l\u00f8fter. I 1912 ble han sendt til Roma for \u00e5 studere, og der avla han de evige l\u00f8fter p\u00e5 allehelgensdagen 1914 og ble viet til prest den 28. april 1918. Etter \u00e5 ha tatt doktorgraden i filosofi og teologi, vender pater Maximilian tilbake til Polen i 1919. Imidlertid var han blitt alvorlig syk av tuberkulose. Legene regner med at han snart kommer til \u00e5 d\u00f8. I l\u00f8pet av det lange oppholdet i sanatoriet omvender enkelte fritenkere seg p\u00e5 grunn av hans foredrag og samtaler. Etter at han har kommet seg litt, hengir han seg med iver arbeidet med \u00e5 utbre Militia Immaculatae, som han hadde grunnlagt allerede under studietiden i Roma. I 1922 utgir han det f\u00f8rste nummeret av et tidsskrift med navnet &#8220;Ridderen av den uplettede&#8221;. Kostnadene blir dekket av bidrag som han har tigget seg til. Fra 1922 til 1927 driver han et lite trykkeri i klosteret Grodno. P\u00e5 grunn av tilstr\u00f8mningen av menn med kall til klosterlivet og \u00f8kende utgivelse av katolske publikasjoner, forlater han Grodno og grunnlegger i 1927 Niepokalan\u00f3w, &#8220;Den uplettedes by&#8221;. Her blir han utnevnt til guardian frem til 1930. Fra 1930 til 1936 er han misjon\u00e6r i Nagasaki\/Japan som professor i filosofi ved presteseminaret. Der grunnlegger han enda en &#8220;Den uplettedes by&#8221; (Mugenzai no Sono). Den utvikler seg til et av de st\u00f8rste sentrene for misjon i Japan. Fra 1936 helt til sin d\u00f8d er han igjen guardian i Niepokalan\u00f3w i Polen, som under hans ledelse utvikler seg til et av de betydeligste stedene for \u00e5ndelig liv og misjon.\u00a0 I 1922 hadde han, sammen med to ordensbr\u00f8dre, begynt \u00e5 utgi et fattigslig tidsskrift med et opplag p\u00e5 5000 eksemplarer. I 1939, like f\u00f8r andre verdenskrig, var tallet p\u00e5 ordensbr\u00f8dre vokst til 762 personer, og de hadde et gigantisk pressebyr\u00e5 (dagsavis, m\u00e5nedsblad, kalendere, b\u00f8ker osv., som ble utgitt i forskjellige spr\u00e5k). Den uplettedes by blir i stor grad hjems\u00f8kt av krigen. Mange br\u00f8dre mister livet, en del av dem i konsentrasjonsleirer. Den 17. februar 1941 blir pater Maximilian arrestert. Ved en SS-inspeksjon blir han sl\u00e5tt brutalt ned. Etter at han har kommet til hektene igjen, beroliger han sine lidelsesfeller: &#8220;Mine venner, gled dere med meg: dette er for sjelene, for Immaculata!&#8221;. Den 29. mai blir han satt i konsentrasjonsleiren Auschwitz. Der ber han kommandanten om \u00e5 f\u00e5 tre i en d\u00f8dsd\u00f8mt familiefars sted. Han overlever 11 dager i sultebunkeren og forbereder die andre d\u00f8mte til evigheten; den 14. august, vigilien for Maria himmelfartsdag, blir han drept ved hjelp av en giftspr\u00f8yte. Han ble saligk\u00e5ret i 1971, og helligk\u00e5ret i 1984.<\/p>\n","protected":false},"excerpt":{"rendered":"<p>Pater Maximilian Kolbe OFM ble f\u00f8dt den 8. januar 1894 i Zdunska-Wola ikke langt fra L\u00f3dz (Polen). Hans fromme foreldre, som f\u00f8rte et enkelt liv, gav ham i d\u00e5pen navnet Raimund. Da han var 10 \u00e5r gammel, viste Guds mor seg for ham. Hun viste ham to kroner, en hvit<a class=\"more-link\" href=\"https:\/\/test4.mi-backup.ch\/no\/maximilian-kolbe\/\">Read More &rarr;<\/a><\/p>\n","protected":false},"author":9,"featured_media":0,"parent":0,"menu_order":0,"comment_status":"closed","ping_status":"closed","template":"","meta":[],"_links":{"self":[{"href":"https:\/\/test4.mi-backup.ch\/no\/wp-json\/wp\/v2\/pages\/11051"}],"collection":[{"href":"https:\/\/test4.mi-backup.ch\/no\/wp-json\/wp\/v2\/pages"}],"about":[{"href":"https:\/\/test4.mi-backup.ch\/no\/wp-json\/wp\/v2\/types\/page"}],"author":[{"embeddable":true,"href":"https:\/\/test4.mi-backup.ch\/no\/wp-json\/wp\/v2\/users\/9"}],"replies":[{"embeddable":true,"href":"https:\/\/test4.mi-backup.ch\/no\/wp-json\/wp\/v2\/comments?post=11051"}],"version-history":[{"count":1,"href":"https:\/\/test4.mi-backup.ch\/no\/wp-json\/wp\/v2\/pages\/11051\/revisions"}],"predecessor-version":[{"id":11052,"href":"https:\/\/test4.mi-backup.ch\/no\/wp-json\/wp\/v2\/pages\/11051\/revisions\/11052"}],"wp:attachment":[{"href":"https:\/\/test4.mi-backup.ch\/no\/wp-json\/wp\/v2\/media?parent=11051"}],"curies":[{"name":"wp","href":"https:\/\/api.w.org\/{rel}","templated":true}]}}