{"id":11053,"date":"2018-06-02T23:45:50","date_gmt":"2018-06-02T21:45:50","guid":{"rendered":"https:\/\/test4.mi-backup.ch\/?page_id=11053"},"modified":"2019-08-02T17:31:53","modified_gmt":"2019-08-02T15:31:53","slug":"ridderne","status":"publish","type":"page","link":"https:\/\/test4.mi-backup.ch\/no\/ridderne\/","title":{"rendered":"Ridderne"},"content":{"rendered":"<p><img loading=\"lazy\" class=\"size-medium wp-image-1569 alignright\" src=\"\/\/test4.mi-backup.ch\/wp-content\/uploads\/2017\/01\/Ritter-Altar-173x300.jpg\" alt=\"\" width=\"173\" height=\"300\" srcset=\"https:\/\/test4.mi-backup.ch\/wp-content\/uploads\/2017\/01\/Ritter-Altar-173x300.jpg 173w, https:\/\/test4.mi-backup.ch\/wp-content\/uploads\/2017\/01\/Ritter-Altar.jpg 236w\" sizes=\"(max-width: 173px) 100vw, 173px\" \/><\/p>\n<p>Maximilian Kolbe kalte ikke medlemmene i MI for &#8220;riddere&#8221; fordi de selv er s\u00e5 sterke, tapre og fremragende. Grunnen er at de tjener en s\u00e5 opph\u00f8yet dronning som ikke fortjener noe mindre enn ridderens ideal; ridderen som er beredt til \u00e5 glemme seg selv og ofre seg for sitt ideal, for sin dronning. Den hellige Maximilian har skissert dette idealet slik: Pro amore usque ad victimam \u2013 alt for kj\u00e6rligheten inntil hengivelsen av livet.<br \/>\nSiden det dreier seg om en \u00e5ndelig kamp, er s\u00e5vel kvinner som menn kalt til \u00e5 bli riddere.<\/p>\n<p>Ridderens ideal:<\/p>\n<ul>\n<li style=\"list-style-type: none;\">\n<ul>\n<li>\u201eRidderen er inspirert av et h\u00f8yt ideal. Han n\u00f8yer seg ikke med halvheter, med sekund\u00e6re ting, han vil oppn\u00e5 alt! Verden er for liten for ham.&#8221; (Maximilian Kolbe)<\/li>\n<li>Etter at han har blitt kjent med Immaculata og har begynt \u00e5 elske henne, har han oppdaget sin misjon. Nemlig \u00e5 engasjere seg for henne, bli hennes instrument og la seg f\u00f8re av henne. Viljen til dette bringer han til uttrykk ved \u00e5 vie seg til Immaculata. Han n\u00f8yer seg imidlertid ikke med en vigsel, &#8220;men anstrenger seg, s\u00e5 godt han kan, ogs\u00e5 for \u00e5 vinne andres hjerter for henne, for at ogs\u00e5 andres hjerter vier seg til henne&#8221; (Maximilian Kolbe). Med den hellige Maximilian sier han: &#8220;Jeg lever bare for sjelene, det er mitt oppdrag!&#8221;<\/li>\n<li>Maria f\u00f8rer ridderen til Kristus, derfor er hans motto: Hele verden for Kristus gjennom Immaculata! Han lengter etter at Kristus ogs\u00e5 skal bli anerkjent i samfunnet igjen. Fordi han er klar over at det ikke finnes &#8220;noe virksommere middel (mot n\u00e5tidens problemer) enn \u00e5 gjenopprette Kristi suverenitet\u201c (Pius X.).<\/li>\n<li>Ridderen blir ikke motl\u00f8s hverken av sin egen svakhet eller av fiendens overlegenhet. \u201eDet finnes to veier: ens egen styrke eller Guds styrke. Alt kommer an p\u00e5 hvilken vei vi g\u00e5r. Hvis \u00e5rsaken er null (nemlig det \u00e5 bygge p\u00e5 sin egen styrke), kommer ogs\u00e5 virkningen til \u00e5 v\u00e6re null. Kommer vi alts\u00e5 til \u00e5 satse p\u00e5 oss selv eller p\u00e5 Gud?&#8221; (Maximilian Kolbe). S\u00e5 han roper som David til denne verdens Goliat-er, som har st\u00f8tt Kristus fra tronen: &#8221; Du kommer mot meg med sverd og lanse og kastespyd; men jeg kommer mot deg i navnet til Herren, Allh\u00e6rs Gud, han som er Gud for Israels fylkinger; ham har du h\u00e5net\u201c(1 Sam 17,45). Han stoler alts\u00e5 ikke p\u00e5 denne verdens midler og visdom, men bare p\u00e5 Gud. Som David tar han i bruk bestemte midler i denne kampen. Disse er d\u00e5rskap i verdens \u00f8yne. Han setter sin lit til de &#8220;v\u00e5pen&#8221; som hans herskerinne har gitt ham, s\u00e6rlig til den undergj\u00f8rende medaljen og rosenkransen \u2013 &#8220;Davids slynge&#8221; (Pius XII.) og &#8220;det siste botemiddelet&#8221; (V\u00e5r Frue av Fatima).<\/li>\n<\/ul>\n<\/li>\n<\/ul>\n<p>V\u00e5r skytshelgen sammenfatter dette idealet slik: &#8220;La oss n\u00e5 betrakte bildet p\u00e5 en ekte ridder av den uplettede. Han begrenser ikke hjertet sitt til seg selv, heller ikke til sin familie, sine n\u00e6rmeste slektninger, venner eller landsmenn. Nei, han inkluderer hele verden, alle og hver is\u00e6r, for Jesus Kristus har ofret sitt blod for \u00e5 frelse alle \u2013 v\u00e5re br\u00f8dre \u2013 \u00a0uten unntak. Han \u00f8nsker alle den sanne lykke, at de m\u00e5 opplyses av troens lys, bli renset for synd og at deres hjerte flammer opp i kj\u00e6rlighet til Gud, en kj\u00e6rlighet uten grenser. Hele menneskehetens lykke i Gud gjennom Immaculata \u2013 det er hans dr\u00f8m.<\/p>\n<p>Immaculatas ridder strider for \u00e5 vinne alle hjerter for henne! \u2013 Med kj\u00e6rlighet rekker han h\u00e5nden ut til alle, han ber for alle, han lider for alle.&#8221; ( Maximilian Kolbe)<\/p>\n<p>&nbsp;<\/p>\n<p>Hvis dette idealet ogs\u00e5 tiltrekker deg, kan du finne n\u00e6rmere informasjon om <a href=\"https:\/\/test4.mi-backup.ch\/en\/enrolment-in-the-mi\/\" class=\"broken_link\">opptagelsen i MI<\/a> og Immaculatas riddere p\u00e5 denne nettsiden.<\/p>\n<p>Hvis du allerede er blitt tatt opp i MI, men dette idealet har g\u00e5tt litt i glemmeboken med tiden, kan du finne verdifull informasjon p\u00e5 siden v\u00e5r for \u00e5 friske det opp igjen. Kanskje du kan bli med i en MI-forening [finnes ikke i Norge enn\u00e5, o.a.], lese <a href=\"\/\/test4.mi-backup.ch\/de\/mi-zeitschrift\/\">tidsskriftet v\u00e5rt<\/a> eller abonnere p\u00e5 <a href=\"https:\/\/test4.mi-backup.ch\/en\/knight-newsletter\/\" class=\"broken_link\">nyhetsbrevet<\/a><u>,<\/u> for \u00e5 f\u00e5 regelmessig inspirasjon.<\/p>\n<p>Hvis du har sp\u00f8rsm\u00e5l, kan du gjerne henvende deg til oss: Kontakt<\/p>\n","protected":false},"excerpt":{"rendered":"<p>Maximilian Kolbe kalte ikke medlemmene i MI for &#8220;riddere&#8221; fordi de selv er s\u00e5 sterke, tapre og fremragende. Grunnen er at de tjener en s\u00e5 opph\u00f8yet dronning som ikke fortjener noe mindre enn ridderens ideal; ridderen som er beredt til \u00e5 glemme seg selv og ofre seg for sitt ideal,<a class=\"more-link\" href=\"https:\/\/test4.mi-backup.ch\/no\/ridderne\/\">Read More &rarr;<\/a><\/p>\n","protected":false},"author":9,"featured_media":0,"parent":0,"menu_order":0,"comment_status":"closed","ping_status":"closed","template":"","meta":[],"_links":{"self":[{"href":"https:\/\/test4.mi-backup.ch\/no\/wp-json\/wp\/v2\/pages\/11053"}],"collection":[{"href":"https:\/\/test4.mi-backup.ch\/no\/wp-json\/wp\/v2\/pages"}],"about":[{"href":"https:\/\/test4.mi-backup.ch\/no\/wp-json\/wp\/v2\/types\/page"}],"author":[{"embeddable":true,"href":"https:\/\/test4.mi-backup.ch\/no\/wp-json\/wp\/v2\/users\/9"}],"replies":[{"embeddable":true,"href":"https:\/\/test4.mi-backup.ch\/no\/wp-json\/wp\/v2\/comments?post=11053"}],"version-history":[{"count":7,"href":"https:\/\/test4.mi-backup.ch\/no\/wp-json\/wp\/v2\/pages\/11053\/revisions"}],"predecessor-version":[{"id":19456,"href":"https:\/\/test4.mi-backup.ch\/no\/wp-json\/wp\/v2\/pages\/11053\/revisions\/19456"}],"wp:attachment":[{"href":"https:\/\/test4.mi-backup.ch\/no\/wp-json\/wp\/v2\/media?parent=11053"}],"curies":[{"name":"wp","href":"https:\/\/api.w.org\/{rel}","templated":true}]}}