{"id":11057,"date":"2018-06-02T23:50:08","date_gmt":"2018-06-02T21:50:08","guid":{"rendered":"https:\/\/test4.mi-backup.ch\/?page_id=11057"},"modified":"2018-06-02T23:50:08","modified_gmt":"2018-06-02T21:50:08","slug":"ta-kontakt-med-oss","status":"publish","type":"page","link":"https:\/\/test4.mi-backup.ch\/no\/ta-kontakt-med-oss\/","title":{"rendered":"Ta kontakt med oss"},"content":{"rendered":"<p>Vi svarer gjerne p\u00e5 sp\u00f8rsm\u00e5l og tar imot bestillinger.<\/p>\n<p>Det internasjonale kontoret til Militia Immaculatae:<\/p>\n<p>E-post: <a href=\"mailto:info@militia-immaculatae.asia\">info@militia-immaculatae.asia<\/a><\/p>\n<h2>Vedr\u00f8rende undergj\u00f8rende medaljer ta gjerne kontakt med MI-kontoret i Sveits:<\/h2>\n<p>Militia Immaculatae (MI-Schweiz)<br \/>\nKirchgemeinde St. Maria<br \/>\nSt. Gallerstr. 65<br \/>\nCH-9500 Wil SG<br \/>\nSchweiz<br \/>\nE-Mail:<br \/>\n<a href=\"mailto:contact@militia-immaculatae.info\">contact(at)militia-immaculatae.info<\/a><\/p>\n<p><a href=\"\/?page_id=73\">Kontaktformular (MI-kontoret i Sveits)<\/a><\/p>\n","protected":false},"excerpt":{"rendered":"<p>Vi svarer gjerne p\u00e5 sp\u00f8rsm\u00e5l og tar imot bestillinger. Det internasjonale kontoret til Militia Immaculatae: E-post: info@militia-immaculatae.asia Vedr\u00f8rende undergj\u00f8rende medaljer ta gjerne kontakt med MI-kontoret i Sveits: Militia Immaculatae (MI-Schweiz) Kirchgemeinde St. Maria St. Gallerstr. 65 CH-9500 Wil SG Schweiz E-Mail: contact(at)militia-immaculatae.info Kontaktformular (MI-kontoret i Sveits)<a class=\"more-link\" href=\"https:\/\/test4.mi-backup.ch\/no\/ta-kontakt-med-oss\/\">Read More &rarr;<\/a><\/p>\n","protected":false},"author":9,"featured_media":0,"parent":0,"menu_order":0,"comment_status":"closed","ping_status":"closed","template":"","meta":[],"_links":{"self":[{"href":"https:\/\/test4.mi-backup.ch\/no\/wp-json\/wp\/v2\/pages\/11057"}],"collection":[{"href":"https:\/\/test4.mi-backup.ch\/no\/wp-json\/wp\/v2\/pages"}],"about":[{"href":"https:\/\/test4.mi-backup.ch\/no\/wp-json\/wp\/v2\/types\/page"}],"author":[{"embeddable":true,"href":"https:\/\/test4.mi-backup.ch\/no\/wp-json\/wp\/v2\/users\/9"}],"replies":[{"embeddable":true,"href":"https:\/\/test4.mi-backup.ch\/no\/wp-json\/wp\/v2\/comments?post=11057"}],"version-history":[{"count":1,"href":"https:\/\/test4.mi-backup.ch\/no\/wp-json\/wp\/v2\/pages\/11057\/revisions"}],"predecessor-version":[{"id":11058,"href":"https:\/\/test4.mi-backup.ch\/no\/wp-json\/wp\/v2\/pages\/11057\/revisions\/11058"}],"wp:attachment":[{"href":"https:\/\/test4.mi-backup.ch\/no\/wp-json\/wp\/v2\/media?parent=11057"}],"curies":[{"name":"wp","href":"https:\/\/api.w.org\/{rel}","templated":true}]}}