{"id":11070,"date":"2018-06-03T00:06:55","date_gmt":"2018-06-02T22:06:55","guid":{"rendered":"https:\/\/test4.mi-backup.ch\/?page_id=11070"},"modified":"2019-08-02T17:20:48","modified_gmt":"2019-08-02T15:20:48","slug":"militsen","status":"publish","type":"page","link":"https:\/\/test4.mi-backup.ch\/no\/militsen\/","title":{"rendered":"Militsen"},"content":{"rendered":"<p style=\"text-align: right;\"><img loading=\"lazy\" class=\"alignright\" src=\"\/\/test4.mi-backup.ch\/wp-content\/uploads\/media\/kolbe4.jpg.jpg\" alt=\"\" width=\"250\" height=\"373\" align=\"top\" border=\"1\" hspace=\"5\" vspace=\"5\" \/><\/p>\n<p>Militsen, Militia Immaculatae, (latin, oversatt: ridderne av den uplettede) skriver seg fra den hellige pater Maximilian Kolbe.<\/p>\n<p>Pater Kolbe grunnla den katolske organisasjonen Militia Immaculatae (MI) 1917 i Roma sammen med andre fransiskanere. Etter den f\u00f8rste verdenskrigen bygde de et eget misjonssenter, Niepokalan\u00f3w, i n\u00e6rheten av Warszawa. Den hellige Maximilian s\u00e5 for seg MI som en \u00e5ndelig h\u00e6r som tjener Immaculata i kampen for sjelenes redning.<\/p>\n<p>(Se <a href=\"\/\/test4.mi-backup.ch\/de\/ursprung-der-mi\/\">MIs<\/a> opprinnelse og <a href=\"\/\/test4.mi-backup.ch\/wp-content\/uploads\/media\/Synthese_ApokalypseFatimaMI.pdf\">MIs<\/a> overensstemmelse med apokalypsen og Marias budskap i Fatima)<\/p>\n<h2>De opprinnelige statuttene til MI<\/h2>\n<p>(Vi holder oss til disse originale statuttene som ble skreve for h\u00e5nd av den hellige Maximilian.)<\/p>\n<blockquote><p>\u201eDen [kvinnen, o.a.] skal knuse ditt hode&#8230;&#8221; (1 Mos 3, 15)<br \/>\n\u201eDu alene har seiret over heresiene i hele verden.&#8221; (fra det romerske breviariet)<\/p><\/blockquote>\n<h3>I. M\u00e5lsetting:<\/h3>\n<p>\u00c5 anstrenge seg for at synderne, heretikerne, skismatikerne osv., spesielt frimurerne, omvender seg. Og for at alle blir helliget under den uplettede Jomfru Marias beskyttelse og ved hennes formidling.<\/p>\n<p style=\"text-align: right;\"><img loading=\"lazy\" class=\"alignright\" src=\"\/\/test4.mi-backup.ch\/wp-content\/uploads\/media\/Statuten.jpg\" alt=\"\" width=\"250\" height=\"389\" align=\"top\" border=\"1\" hspace=\"5\" vspace=\"5\" \/><\/p>\n<h3>II. Betingelser:<\/h3>\n<ol>\n<li>\u00c5 overgi seg selv til den uplettede Jomfru Maria, som et instrument i hennes uplettede hender.<\/li>\n<li>\u00c5 b\u00e6re den undergj\u00f8rende medaljen.<\/li>\n<\/ol>\n<h3>III. Midler<\/h3>\n<ol>\n<li>Om mulig be f\u00f8lgende b\u00f8nn minst en gang om dagen: &#8220;\u00c5 Maria, unnfanget uten synd, be for oss som tar v\u00e5r tilflukt til deg, og for alle som ikke tar sin tilflukt til deg, spesielt for frimurerne og alle som er blitt anbefalt deg&#8221;.<\/li>\n<li>Med iver og klokhet benytte alle legitime midler innenfor rammen av det mulige, i forhold til de forskjellige livsoppgavene, betingelsene og forholdene enhver lever under. Men f\u00f8rst og fremst utbredelsen av den undergj\u00f8rende medaljen.<\/li>\n<\/ol>\n<p>N.B. Disse midlene tilr\u00e5des bare, og er ikke forpliktende under synd, ikke engang som svakhetssynd. V\u00e5r hovedsakelige drivkraft best\u00e5r i \u00f8nsket om at s\u00e5 mange sjeler som mulig skal forene seg med Jesu hellige hjerte ved Immaculatas formidling.<\/p>\n","protected":false},"excerpt":{"rendered":"<p>Militsen, Militia Immaculatae, (latin, oversatt: ridderne av den uplettede) skriver seg fra den hellige pater Maximilian Kolbe. Pater Kolbe grunnla den katolske organisasjonen Militia Immaculatae (MI) 1917 i Roma sammen med andre fransiskanere. Etter den f\u00f8rste verdenskrigen bygde de et eget misjonssenter, Niepokalan\u00f3w, i n\u00e6rheten av Warszawa. Den hellige Maximilian<a class=\"more-link\" href=\"https:\/\/test4.mi-backup.ch\/no\/militsen\/\">Read More &rarr;<\/a><\/p>\n","protected":false},"author":9,"featured_media":0,"parent":0,"menu_order":0,"comment_status":"closed","ping_status":"closed","template":"","meta":[],"_links":{"self":[{"href":"https:\/\/test4.mi-backup.ch\/no\/wp-json\/wp\/v2\/pages\/11070"}],"collection":[{"href":"https:\/\/test4.mi-backup.ch\/no\/wp-json\/wp\/v2\/pages"}],"about":[{"href":"https:\/\/test4.mi-backup.ch\/no\/wp-json\/wp\/v2\/types\/page"}],"author":[{"embeddable":true,"href":"https:\/\/test4.mi-backup.ch\/no\/wp-json\/wp\/v2\/users\/9"}],"replies":[{"embeddable":true,"href":"https:\/\/test4.mi-backup.ch\/no\/wp-json\/wp\/v2\/comments?post=11070"}],"version-history":[{"count":4,"href":"https:\/\/test4.mi-backup.ch\/no\/wp-json\/wp\/v2\/pages\/11070\/revisions"}],"predecessor-version":[{"id":19451,"href":"https:\/\/test4.mi-backup.ch\/no\/wp-json\/wp\/v2\/pages\/11070\/revisions\/19451"}],"wp:attachment":[{"href":"https:\/\/test4.mi-backup.ch\/no\/wp-json\/wp\/v2\/media?parent=11070"}],"curies":[{"name":"wp","href":"https:\/\/api.w.org\/{rel}","templated":true}]}}