{"id":14755,"date":"2018-12-24T16:49:14","date_gmt":"2018-12-24T15:49:14","guid":{"rendered":"https:\/\/test4.mi-backup.ch\/?page_id=14755"},"modified":"2018-12-24T16:49:14","modified_gmt":"2018-12-24T15:49:14","slug":"mis-vesen-og-struktur","status":"publish","type":"page","link":"https:\/\/test4.mi-backup.ch\/no\/mis-vesen-og-struktur\/","title":{"rendered":"MIs vesen og struktur"},"content":{"rendered":"<div style=\"width: 300px; float: right;\">\n<p><img loading=\"lazy\" class=\"alignright\" src=\"https:\/\/test4.mi-backup.ch\/wp-content\/uploads\/media\/kolbe11.jpg\" alt=\"\" width=\"250\" height=\"291\" align=\"top\" border=\"1\" hspace=\"5\" vspace=\"5\" \/><\/p>\n<p><img loading=\"lazy\" class=\"alignright\" src=\"https:\/\/test4.mi-backup.ch\/wp-content\/uploads\/media\/niepokalanow5.jpg\" alt=\"\" width=\"250\" height=\"159\" align=\"top\" border=\"1\" hspace=\"5\" vspace=\"5\" \/><\/p>\n<p><img loading=\"lazy\" class=\"alignright\" src=\"https:\/\/test4.mi-backup.ch\/wp-content\/uploads\/media\/Kobe9.jpg.jpg\" alt=\"\" width=\"250\" height=\"412\" align=\"top\" border=\"1\" hspace=\"5\" vspace=\"5\" \/><\/p>\n<p><img loading=\"lazy\" class=\"alignright\" src=\"https:\/\/test4.mi-backup.ch\/wp-content\/uploads\/media\/kolbe11_(2).jpg\" alt=\"\" width=\"250\" height=\"291\" align=\"top\" border=\"1\" hspace=\"5\" vspace=\"5\" \/><\/p>\n<\/div>\n<p>MI er ikke noe broderskap i vanlig forstand (bestemte, konkrete aktiviteter, rettet mot en spesiell gruppe av interesserte personer): &#8220;Det er en bevegelse som skal tiltrekke massene og rive dem bort fra Satan. N\u00e5r sjelene f\u00f8rst har blitt f\u00f8rt til Immaculata, kommer det ogs\u00e5 til \u00e5 finnes dem iblant dem som blir f\u00f8rt videre til toppen av hengivelse, frem til heroisme i tjenesten for \u00e5 utbre Guds rike gjennom Immaculata. Ogs\u00e5 alle ordner, kongregasjoner og andre kirkelige foreninger kan bli med i MI. Tilh\u00f8righeten til MI vil tillate hvert medlem \u00e5 gi sitt beste for misjonen. P\u00e5 denne m\u00e5ten kan vedkommende oppn\u00e5 kristen fullkommenhet i sin livssituasjon, i sitt kall. Det er n\u00f8dvendig \u00e5 forst\u00e5 MI p\u00e5 en transendent m\u00e5te heller enn p\u00e5 en allmenn. Dvs. at den ikke skal anses \u00e5 v\u00e6re en organisasjon ved siden av mange andre, men snarere skal den gjennomtrenge de andre organisasjonene i dybden\u201d (Brev 31.12.1935).<br \/>\n\u201eMIs vesen best\u00e5r i at man tilh\u00f8rer den uplettede p\u00e5 en betingelsesl\u00f8s, ugjenkallelig, ubegrenset m\u00e5te i ethvert henseende. Derfor blir enhver som g\u00e5r inn i MI helt og fullt hennes eiendom. Nettopp derfor tilh\u00f8rer vedkommende Jesus, slik som hun tilh\u00f8rer Jesus. Og jo st\u00f8rre tilh\u00f8righeten til henne er, jo st\u00f8rre er tilh\u00f8righeten til Jesus. MI kaller seg milits, riddere. For den som tilh\u00f8rer MI, n\u00f8yer seg ikke med \u00e5 vie seg helt til Immaculata, men pr\u00f8ver s\u00e5 godt han kan ogs\u00e5 \u00e5 erobre de andres hjerter for henne, slik at ogs\u00e5 andre vier seg til henne slik som vedkommende selv har gjort.<br \/>\n\u201eMIs m\u00e5l er \u00e5 anstrenge seg for at synderne, heretikerne, skismatikerne osv., spesielt frimurerne, omvender seg. Og for at alle blir helliget under den uplettede Jomfru Marias beskyttelse og ved hennes formidling&#8221;.<\/p>\n<p>Pater Maximilian Kolbe skjelnet mellom tre trinn i MI, tilsvarende iveren, evnene og livsomstedighetene til medlemmene.<\/p>\n<ol>\n<li>\u201eP\u00e5 MIs 1. trinn vier enhver seg selv til Immaculata og bestreber seg p\u00e5 \u00e5 virkeliggj\u00f8re militsens m\u00e5l p\u00e5 en individuell m\u00e5te, tilsvarende sine egene muligheter og klokhetens regler&#8221;. Dette trinnet er grunnlaget, fundamentet til militsen: I sitt personlige, individuelle liv, kjemper, ber, ofrer og virker den uplettedes ridder alene.<\/li>\n<li>\u201eP\u00e5 MIs 2. trinn sl\u00e5r ridderne seg sammen og g\u00e5r inn for spesielle statutter og programmer. Med forente krefter strever de etter \u00e5 n\u00e5 det fastlagte m\u00e5let fortere og mer virksomt.felles Detteer trinnet hvor det arrangeres felles aksjoner og ridderne sl\u00e5r seg sammen for \u00e5 misjonere offentlig. Ridderne kan forene seg for \u00e5 gjennomf\u00f8re forskjellige tilstelninger, det v\u00e6re seg i menigheten, i prioratet, i klosteret. Men det kan ogs\u00e5 v\u00e6re aksjoner som retter seg mot personer med felles \u00e5ndelige interesser, felles m\u00e5l innenfor misjonen, bestemte aldersgrupper osv. Allerede etablerte organisasjoner (ungdomsgrupper, studiesirkler osv.) kan slutte seg til MIs idealer og virke som MI 2.<\/li>\n<li>\u201eMIs 3. trinn best\u00e5r i \u00e5 hengi seg til Immaculata p\u00e5 en ubegrenset m\u00e5te. S\u00e5 kan hun gj\u00f8re med oss hva hun vil, og hvordan hun vil. Vil tilh\u00f8rer henne helt, og hun tilh\u00f8rer oss helt. Vi gj\u00f8r alt med hennes hjelp, vi lever og arbeider under hennes beskyttelse.&#8221; Dette er s\u00e5 og si toppen av MI, \u00e5 vie seg til Gud i en klosterorden \u2013 ridderen hengir seg helt og utelukkende til Immaculatas misjon og besegler denne hengivelsen gjennom klosterl\u00f8ftene.<\/li>\n<\/ol>\n<p>\u201eDermed begrenser 1. trinn seg til individuelle aksjoner og 2. trinn seg til offentlig og sosial misjon. Men det 3. trinnet overskrider alle grenser og har heroismen som m\u00e5l&#8221; (Brev 25.05.1920).<\/p>\n","protected":false},"excerpt":{"rendered":"<p>MI er ikke noe broderskap i vanlig forstand (bestemte, konkrete aktiviteter, rettet mot en spesiell gruppe av interesserte personer): &#8220;Det er en bevegelse som skal tiltrekke massene og rive dem bort fra Satan. N\u00e5r sjelene f\u00f8rst har blitt f\u00f8rt til Immaculata, kommer det ogs\u00e5 til \u00e5 finnes dem iblant dem<a class=\"more-link\" href=\"https:\/\/test4.mi-backup.ch\/no\/mis-vesen-og-struktur\/\">Read More &rarr;<\/a><\/p>\n","protected":false},"author":9,"featured_media":0,"parent":0,"menu_order":0,"comment_status":"closed","ping_status":"closed","template":"","meta":[],"_links":{"self":[{"href":"https:\/\/test4.mi-backup.ch\/no\/wp-json\/wp\/v2\/pages\/14755"}],"collection":[{"href":"https:\/\/test4.mi-backup.ch\/no\/wp-json\/wp\/v2\/pages"}],"about":[{"href":"https:\/\/test4.mi-backup.ch\/no\/wp-json\/wp\/v2\/types\/page"}],"author":[{"embeddable":true,"href":"https:\/\/test4.mi-backup.ch\/no\/wp-json\/wp\/v2\/users\/9"}],"replies":[{"embeddable":true,"href":"https:\/\/test4.mi-backup.ch\/no\/wp-json\/wp\/v2\/comments?post=14755"}],"version-history":[{"count":1,"href":"https:\/\/test4.mi-backup.ch\/no\/wp-json\/wp\/v2\/pages\/14755\/revisions"}],"predecessor-version":[{"id":14756,"href":"https:\/\/test4.mi-backup.ch\/no\/wp-json\/wp\/v2\/pages\/14755\/revisions\/14756"}],"wp:attachment":[{"href":"https:\/\/test4.mi-backup.ch\/no\/wp-json\/wp\/v2\/media?parent=14755"}],"curies":[{"name":"wp","href":"https:\/\/api.w.org\/{rel}","templated":true}]}}