{"id":14757,"date":"2018-12-24T16:51:33","date_gmt":"2018-12-24T15:51:33","guid":{"rendered":"https:\/\/test4.mi-backup.ch\/?page_id=14757"},"modified":"2018-12-24T16:51:33","modified_gmt":"2018-12-24T15:51:33","slug":"den-historiske-utviklingen-til-mi","status":"publish","type":"page","link":"https:\/\/test4.mi-backup.ch\/no\/den-historiske-utviklingen-til-mi\/","title":{"rendered":"Den historiske utviklingen til MI"},"content":{"rendered":"<div style=\"width: 250; float: right;\">\n<p><img loading=\"lazy\" class=\"alignright\" src=\"https:\/\/test4.mi-backup.ch\/wp-content\/uploads\/media\/kolbe16.jpg\" width=\"250\" height=\"154\" align=\"bottom\" border=\"1\" hspace=\"5\" vspace=\"5\" \/><\/p>\n<p><img loading=\"lazy\" src=\"https:\/\/test4.mi-backup.ch\/wp-content\/uploads\/media\/niepokalanow3.jpg\" alt=\"\" width=\"250\" height=\"155\" align=\"right\" border=\"1\" \/><\/p>\n<p><img loading=\"lazy\" src=\"https:\/\/test4.mi-backup.ch\/wp-content\/uploads\/media\/niepokalanow4.jpg\" alt=\"\" width=\"250\" height=\"147\" align=\"right\" border=\"1\" hspace=\"0\" \/><\/p>\n<p><img loading=\"lazy\" src=\"https:\/\/test4.mi-backup.ch\/wp-content\/uploads\/media\/niepokalanow1.jpg\" alt=\"\" width=\"250\" height=\"161\" align=\"right\" border=\"1\" hspace=\"0\" \/><\/p>\n<\/div>\n<p>Et \u00e5r etter grunnleggelsen mottok Mi den apostoliske velsignelsen av pave Benedikt XV. Den 2. januar 1922 ble den approbert av det romerske vikariatet under pave Benedikt XV. som Pia Unio. I \u00e5ret 1927 ble MI oppgradert til Pia Unio Primaria, som betyr at MI har lov til \u00e5 grunnlegge filialer overalt.<\/p>\n<p>Siden bredte MI seg ut over hele verden p\u00e5 en bentfrem underfull m\u00e5te. 1927 grunnla pater Maximilian NIEPOKALANOW (Den uplettedes by), for der \u00e5 virkeliggj\u00f8re idealet for det 3. trinnet til MI. P\u00e5 en \u00e5ker vokste det fram en liten by. 12 \u00e5r etter grunnleggelsen bodde det 762 klosterbr\u00f8dre der, som med iver hengav seg til alle mulige former for misjon. S\u00e6rlig ved hjelp av publikasjoner: Blant de elleve publikasjonene som ble utgitt regelmessig, var det en dagsavis som n\u00e5dde et opplag p\u00e5 250 000 eksemplarer i \u00e5ret 1939, og tidsskriftet &#8220;Den uplettedes ridder&#8221; som utkom m\u00e5nedlig og hadde et opplag p\u00e5 polsk p\u00e5 nesten en million. Dette tidsskriftet ble utgitt i forskjellige spr\u00e5k, til og med p\u00e5 japansk, og ogs\u00e5 p\u00e5 latin for presteskapet.<\/p>\n<p>I \u00e5ret 1930 grunnla pater Kolbe enda en &#8220;Den uplettedes by&#8221; i Nagasaki, som ved et under ble bevart fra katastrofen da atombomben ble sluppet over byen i 1945. P\u00e5 begynnelsen av 60-\u00e5rene hadde MI 500 filialer p\u00e5 alle 5 kontinenter og mer enn 3 millioner medlemmer.<\/p>\n","protected":false},"excerpt":{"rendered":"<p>Et \u00e5r etter grunnleggelsen mottok Mi den apostoliske velsignelsen av pave Benedikt XV. Den 2. januar 1922 ble den approbert av det romerske vikariatet under pave Benedikt XV. som Pia Unio. I \u00e5ret 1927 ble MI oppgradert til Pia Unio Primaria, som betyr at MI har lov til \u00e5 grunnlegge<a class=\"more-link\" href=\"https:\/\/test4.mi-backup.ch\/no\/den-historiske-utviklingen-til-mi\/\">Read More &rarr;<\/a><\/p>\n","protected":false},"author":9,"featured_media":0,"parent":0,"menu_order":0,"comment_status":"closed","ping_status":"closed","template":"","meta":[],"_links":{"self":[{"href":"https:\/\/test4.mi-backup.ch\/no\/wp-json\/wp\/v2\/pages\/14757"}],"collection":[{"href":"https:\/\/test4.mi-backup.ch\/no\/wp-json\/wp\/v2\/pages"}],"about":[{"href":"https:\/\/test4.mi-backup.ch\/no\/wp-json\/wp\/v2\/types\/page"}],"author":[{"embeddable":true,"href":"https:\/\/test4.mi-backup.ch\/no\/wp-json\/wp\/v2\/users\/9"}],"replies":[{"embeddable":true,"href":"https:\/\/test4.mi-backup.ch\/no\/wp-json\/wp\/v2\/comments?post=14757"}],"version-history":[{"count":1,"href":"https:\/\/test4.mi-backup.ch\/no\/wp-json\/wp\/v2\/pages\/14757\/revisions"}],"predecessor-version":[{"id":14758,"href":"https:\/\/test4.mi-backup.ch\/no\/wp-json\/wp\/v2\/pages\/14757\/revisions\/14758"}],"wp:attachment":[{"href":"https:\/\/test4.mi-backup.ch\/no\/wp-json\/wp\/v2\/media?parent=14757"}],"curies":[{"name":"wp","href":"https:\/\/api.w.org\/{rel}","templated":true}]}}