{"id":14759,"date":"2018-12-24T17:01:14","date_gmt":"2018-12-24T16:01:14","guid":{"rendered":"https:\/\/test4.mi-backup.ch\/?page_id=14759"},"modified":"2018-12-24T17:01:14","modified_gmt":"2018-12-24T16:01:14","slug":"den-hellige-maximilians-forklaringer","status":"publish","type":"page","link":"https:\/\/test4.mi-backup.ch\/no\/den-hellige-maximilians-forklaringer\/","title":{"rendered":"Den hellige Maximilians forklaringer"},"content":{"rendered":"<h3><img loading=\"lazy\" class=\"alignright\" src=\"https:\/\/test4.mi-backup.ch\/wp-content\/uploads\/media\/kolbe3.jpg_(Copy).JPG\" alt=\"\" width=\"213\" height=\"290\" align=\"left\" border=\"1\" hspace=\"10\" vspace=\"3\" \/>Hvorfor skal vi henvende oss til Immaculata p\u00e5 en s\u00e6rlig m\u00e5te?<\/h3>\n<p>\u201eN\u00e5r det gjelder syndernes omvendelse, s\u00e5 kan vi bare oppn\u00e5 den gjennom Maria, og ikke p\u00e5 noen annen m\u00e5te. I sin grensel\u00f8se godhet har Gud bestemt Guds Mor til forvalter av alle n\u00e5degaver, og bare gjennom henne fordeles de i verden. Man m\u00e5 nok be Gud selv om n\u00e5degavene, men alltid gjennom Immaculatas formidling\u201d (Konferanse av 30.05.1933).<\/p>\n<h3>Hva betyr det \u00e5 hengi seg selv helt til henne?<\/h3>\n<p>\u201eVi \u00f8nsker s\u00e5 sterkt \u00e5 tilh\u00f8re Immaculata, at det ikke blir noe til overs som tilh\u00f8rer oss. Slik at vi er som tilintetgjort i henne, liksom omvandlet i henne. P\u00e5 denne m\u00e5ten blir bare hun v\u00e6rende i oss&#8230; At vi tilh\u00f8rer henne slik som hun tilh\u00f8rer Gud&#8221; (Brev 12.04.1933).<\/p>\n<h3>Holder det \u00e5 vie seg til Maria?<\/h3>\n<p>\u201eKj\u00e6rligheten til Immaculata best\u00e5r ikke bare i vigselen, selv dersom man vier seg med stor iver. Den best\u00e5r ogs\u00e5 i det at vi p\u00e5tar oss mange forsakelser, og anstrenger oss for henne ustanselig\u201d (Brev 10.02.1937).<\/p>\n<h3>Er denne vigselen virkelig uunnv\u00e6rlig?<\/h3>\n<p>\u201eN\u00e5r det gjelder MI m\u00e5 man skille godt mellom to ting: Dens vesen og det som kommer i tillegg. Ikke den ene eller andre form for organisasjon h\u00f8rer til vesenet, men det \u00e5 vie seg selv til Immaculata. Den betingelsesl\u00f8se og ubegrensede konsekrasjonen: Kj\u00e6rligheten til Immaculata som str\u00e5ler ut til den grad at sjelene som omgir oss, blir tent av denne ilden\u201d (Brev 13.12.1938).<\/p>\n<h3>Hvilken innflytelse har denne vigselen p\u00e5 det vi utretter?<\/h3>\n<p>\u201eDenne vigselen forlanger p\u00e5 ingen m\u00e5te at vi skal forlate verden og familien og g\u00e5 i kloster. Nei, man kan fortsette \u00e5 hengi seg til alle \u00e6rbare beskjeftigelser under de livsvilk\u00e5rene man lever under. Forskjellen er at n\u00e5 ofrer ikke lenger vi selv disse, v\u00e5re dagelige gj\u00f8rem\u00e5l, opp. Men den uplettede Jomfru Maria, hvis eiendom vi er blitt, ofrer dem opp. Og hun ofrer dem opp, ikke som v\u00e5re svake verk som er belemret med alle mulige ufullkommenheter, men som sine egne. For vi tilh\u00f8rer henne med alt vi har. Derfor tilh\u00f8rer ogs\u00e5 alle v\u00e5re beskjeftigelser henne. Men den uplettede Jomfru Maria kan ikke ofre opp noe til Gud som har mangler. I hennes uplettede hender blir v\u00e5re ufullkommene gjerninger ogs\u00e5 uplettet, rene, og derfor uforlignelig mere verdifulle&#8221; (F\u00f8rste rundskriv p\u00e5 tysk 10.05.1938).<\/p>\n<h3>Tilh\u00f8rer v\u00e5re gjerninger bare den uplettede dersom vi tenker p\u00e5 henne mens vi utf\u00f8rer dem?<\/h3>\n<p>\u201eHengivelsens vesen best\u00e5r ikke i at vi stadig tenker p\u00e5 henne, men er derimot et sp\u00f8rsm\u00e5l om vilje. En sjel som er helt opptatt med \u00e5 utrette sine plikter p\u00e5 en god m\u00e5te, holder alts\u00e5 ikke opp \u00e5 v\u00e6re den uplettede Jomfru Marias eiendom. Og dens tanker, ord og gjerninger holder ikke opp \u00e5 tilh\u00f8re den uplettede Jomfru Maria, selv om den ikke tenker p\u00e5 det&#8221; (F\u00f8rste rundskriv p\u00e5 tysk 10.06.1938).<\/p>\n<h3>Hvorfor skal man g\u00e5 med den undergj\u00f8rende medaljen og dele den ut?<\/h3>\n<p>\u201eI denne gjerningen, som MI anbefaler, m\u00e5 man nytte alle mulige midler. Men s\u00e6rlig m\u00e5 man nytte de midlene som den uplettede Jomfru Maria selv gir oss. Til disse h\u00f8rer ogs\u00e5 den undergj\u00f8rende medaljen&#8221; (Den uplettedes ridder 1937) \u201eLa oss dele ut den undergj\u00f8rende medaljen overalt, hvor det er mulig. Til de gode og de onde, til katolikkene og de ikke-troende. For hvis noen bare \u00e6rer henne p\u00e5 en enn\u00e5 s\u00e5 ring m\u00e5te, kommer hun ikke til \u00e5 gi opp vedkommende. Derimot vil hun f\u00f8re ham til troen og til soning for synden: Derfor m\u00e5 vi dele ut medaljen hennes og samtidig be med iver om v\u00e5r og de andres omvendelse.\u201d (Ridderen 12, 1927).<\/p>\n<h3>Finnes det ogs\u00e5 andre muligheter for misjon?<\/h3>\n<p>\u201eVi skal ikke bare forsvare troen og medvirke til sjelenes frelse, men vi m\u00e5 v\u00e6re modige og uselviske og g\u00e5 over til angrep for \u00e5 erobre sjeler for Immaculata. Den ene etter den andre, trenge frem fra en utpost til den neste: ved hjelp av dagsaviser, tidsskrifter, b\u00f8ker, pressebyr\u00e5er, radiostasjoner, institutter for kunst og litteratur, teater, kino, parlamenter og senater. Med ett ord: overalt i hele verden, og med alle tenkelige \u00e6rbare midler som vi har til r\u00e5dighet m\u00e5 vi sjenke Immaculata sjeler&#8221;\u201d (Brev 21.12. 1928).<\/p>\n<h3>Hva karakteriserer MI?<\/h3>\n<p>\u201eMilitsen til den uplettede Jomfru Maria eksisterer ikke bare p\u00e5 defensiven, det dreier seg om \u00e5 g\u00e5 offensivt til verks. For oss er det for lite \u00e5 bare forsvare religionen. Med full styrke, og med tillit til v\u00e5r dronning, trenger vi frem helt inn i fiendens leir, med det m\u00e5l \u00e5 g\u00e5 p\u00e5 jakt etter sjelene der. For \u00e5 vinne tilslutning til Immaculata&#8230;Ethvert hjerte, som sl\u00e5r et eller annet sted i verden, og kommer til \u00e5 sl\u00e5 til verdens ende, m\u00e5 bli Immaculatas bytte: Det er v\u00e5rt m\u00e5l, og det vil vi oppn\u00e5 s\u00e5 fort som mulig\u201d (Brev 23 IV 1929). \u201eAllerede tanken p\u00e5 at s\u00e5 mange sjeler ikke engang kjenner Marias navn, lar ikke ridderen f\u00e5 fred. Han \u00f8nsker \u00e5 vinne hele verden for henne. \u00c5 bringe henne til hvert hjerte, som sl\u00e5r i denne verden, og noensinne kommer til \u00e5 sl\u00e5, for at hun kan opplyse disse hjertene med rikelige n\u00e5degaver. Og for at hun kan varme dem med kj\u00e6rligheten hun b\u00e6rer i sitt moderlige hjerte og tenne kj\u00e6rligheten til Gud i dem, til Jesu hellige hjerte, s\u00e5 den flammer opp\u201d (F\u00f8rste rundskriv p\u00e5 tysk 10.06.1938)<\/p>\n<h3>Alts\u00e5 er MI en virkelig milits, en h\u00e6r rustet til kamp?<\/h3>\n<p>\u201eHar vi enn\u00e5 rett til \u00e5 st\u00e5 omkring og ikke gj\u00f8re noe, n\u00e5r vi er stilt overfor s\u00e5 mektige tiltak fra kirkens fiender? Holder det \u00e5 beklage seg og \u00e5 felle t\u00e5rer? Nei! La oss tenke over dette: Ved Guds dom over oss kommer ikke bare v\u00e5re fullbrakte gjerninger til \u00e5 telle, men ogs\u00e5 de gode gjerningene som vi kunne ha fullbrakt, men fors\u00f8mte \u00e5 utf\u00f8re\u201d (Ridderen 1923). \u201eLide, arbeide og d\u00f8 som ridder, ikke en &#8220;vanlig &#8221; d\u00f8d, men derimot f.eks. med en kule i ryggen, for slik \u00e5 besegle v\u00e5r kj\u00e6rlighet til Immaculata. \u00c5 utgyte blodet for henne som en sann ridder helt til siste dr\u00e5pe, for slik \u00e5 fremskynde hele verdens erobring for henne&#8221; (Ridderen 1939).<\/p>\n<h3>Hvem er de st\u00f8rste fiendene i denne kampen?<\/h3>\n<p>\u201eI hele verden kjempes det mot kirken og sjelenes frelse. Fienden viser seg i mangfoldige kledninger og under forskjellige navn. Det er ikke noen hemmelighet at sosialismen utnytter arbeidernes elendighet for \u00e5 inngi dem vantroens gift. Vi ser hvordan bolsjevikene tr\u00e5kker ned religionen. Vi h\u00f8rer materialistenes l\u00e6re. De reduserer universet til det som man umiddelbart kan fornemme ved hjelp av sansene. Og p\u00e5 den m\u00e5ten overtaler de hverandre til at hverken Gud eller ud\u00f8delige sjeler finnes. Teosofien utbrer den religi\u00f8se likegyldigheten, og Jehovas Vitner og andre protestanter verver, med store dollarsedler under armen, stadig flere tilhengere. Alle disse gruppene danner en front mot kirken&#8221; (Ridderen 1923). Men det er f\u00f8rst bak denne fronten man finner den hovedsakelige styrken til fienden: den f\u00f8rste og sterkeste og aller v\u00e6rste av kirkens fiender er frimurerne\u201d (H\u00e5ndskrift: kirkens aktuelle fiender).<\/p>\n<h3>Hvordan vurderer MI den \u00f8kumeniske bevegelsen?<\/h3>\n<p>\u201eAlle heresier har du alene tilintetgjort \u2014 i hele verden! Hva menes med dette? Hun har tilintetgjort heresiene, ikke heretikerne, for dem elsker hun og \u00f8nsker deres omvendelse. Nettopp av kj\u00e6rlighet til dem befrir hun dem fra heresien, utsletter misforst\u00e5elsene og de gale oppfatningene i dem. Hun utsletter heresien, det er alts\u00e5 ikke slik at hun bare gj\u00f8r den mindre eller svekker den, men hun tar den bort slik at det ikke blir noe igjen av den. Alle? Ja \u2014 alle uten unntak! Hvor? I hele verden! Ikke bare i det ene eller andre landet, men i alle verdens land! Alene har du utslettet dem. Det trengs ikke noe mer, du alene kan oppn\u00e5 det\u201d (Ridderen 1933).<\/p>\n<h3>Hva med skuddb\u00f8nnene?<\/h3>\n<p>\u201eVi tilh\u00f8rer de sjelene som er bestemt til \u00e5 holde hendene opp i b\u00f8nn: fremtiden er i stor grad avhengig av disse sjelene. Til den dagelige felles b\u00f8nnen f\u00f8yer vi mange skuddb\u00f8nner. Den ringeste b\u00f8nn og den ringeste handling har sin virkning. Gud vil at vi regjerer verden gjennom b\u00f8nn.\u201d (Konferanse 10.03.1940).<\/p>\n<h3>Finnes det ogs\u00e5 forsamlinger og m\u00f8ter i MI?<\/h3>\n<p>\u201eP\u00e5 ethvert sted kan det dannes en MI 2&#8211;gruppe. Dennes betydning er mindre avhengig av antall medlemmer, men snarere av medlemmenes iver. Gruppene, som er forskjellige i henhold til sosiale forskjeller, betingelser, livsforhold og aktiviteter, pr\u00f8ver sammen \u00e5 finne midler for \u00e5 oppn\u00e5 det store m\u00e5let. De vurderer resultatene og forbedrer metodene, i den grad de samler erfaring&#8221; (Brev 02.12.1931).<\/p>\n<h3>Er en slik organisasjon n\u00f8dvendig for misjonen?<\/h3>\n<p>\u201eDe ytre handlingene er helt sikkert noe veldig godt, men har alikevel en annenrangs betydning, og mindre enn det, i forhold til det indre b\u00f8nnelivet, det \u00e5 samle seg, og den personlige kj\u00e6rligheten til Gud. Bare i den grad denne kj\u00e6rligheten til Gud brenner mer og mer i oss selv, kan vi ogs\u00e5 tenne denne kj\u00e6rligheten i de andre\u201d (Brev 10.12.1940).<\/p>\n<h3>Forlanger ikke Guds Mor ogs\u00e5 at vi gj\u00f8r bot?<\/h3>\n<p>\u201eN\u00e5r det gjelder det overnaturlige, s\u00e5 er midlene b\u00f8nn og lidelse. Dersom vi har arbeidet mye uten \u00e5 ofre oss selv, har hele strevet ikke noen verdi&#8221; (Konferanse 5 III 1938). \u201eVi m\u00e5 motta alt av Immaculata, som hun verdiger seg til \u00e5 gi oss, n\u00e5r og hvordan hun vil. Det tiltalende og det utiltalende. Korsene er n\u00f8dvendige, for ogs\u00e5 Immaculata har b\u00e5ret kors her p\u00e5 jorden. Og Jesus selv valgte ikke noen annen vei\u201d (Brev 28.12.1934).<\/p>\n<h3>Hvordan kan man sammenfatte dette idealet?<\/h3>\n<p>\u201eEr det ikke fint, dette idealet? Kampen for \u00e5 erobre hele verden, hjertene til alle mennesker og hver is\u00e6r, og seg selv f\u00f8rst og fremst&#8230;V\u00e5r makt best\u00e5r i at vi anerkjenner v\u00e5r egen dummhet, svakhet og elendighet, og at vi ubegrenset overlater oss til Immaculatas godhet og makt\u201d (Brev 11 XII 1930). \u201eUnder banneret til Immaculata g\u00e5r vi til kamp, og vi kommer til \u00e5 heise fanene v\u00e5re p\u00e5 bastionene til denne verdens fyrste&#8230; Da kommer Immaculata til \u00e5 v\u00e6re dronning over hele verden og over hver enkelt is\u00e6r\u2026\u201d (Brev 30.06.1931).<\/p>\n<div><\/div>\n","protected":false},"excerpt":{"rendered":"<p>Hvorfor skal vi henvende oss til Immaculata p\u00e5 en s\u00e6rlig m\u00e5te? \u201eN\u00e5r det gjelder syndernes omvendelse, s\u00e5 kan vi bare oppn\u00e5 den gjennom Maria, og ikke p\u00e5 noen annen m\u00e5te. I sin grensel\u00f8se godhet har Gud bestemt Guds Mor til forvalter av alle n\u00e5degaver, og bare gjennom henne fordeles de<a class=\"more-link\" href=\"https:\/\/test4.mi-backup.ch\/no\/den-hellige-maximilians-forklaringer\/\">Read More &rarr;<\/a><\/p>\n","protected":false},"author":9,"featured_media":0,"parent":0,"menu_order":0,"comment_status":"closed","ping_status":"closed","template":"","meta":[],"_links":{"self":[{"href":"https:\/\/test4.mi-backup.ch\/no\/wp-json\/wp\/v2\/pages\/14759"}],"collection":[{"href":"https:\/\/test4.mi-backup.ch\/no\/wp-json\/wp\/v2\/pages"}],"about":[{"href":"https:\/\/test4.mi-backup.ch\/no\/wp-json\/wp\/v2\/types\/page"}],"author":[{"embeddable":true,"href":"https:\/\/test4.mi-backup.ch\/no\/wp-json\/wp\/v2\/users\/9"}],"replies":[{"embeddable":true,"href":"https:\/\/test4.mi-backup.ch\/no\/wp-json\/wp\/v2\/comments?post=14759"}],"version-history":[{"count":1,"href":"https:\/\/test4.mi-backup.ch\/no\/wp-json\/wp\/v2\/pages\/14759\/revisions"}],"predecessor-version":[{"id":14760,"href":"https:\/\/test4.mi-backup.ch\/no\/wp-json\/wp\/v2\/pages\/14759\/revisions\/14760"}],"wp:attachment":[{"href":"https:\/\/test4.mi-backup.ch\/no\/wp-json\/wp\/v2\/media?parent=14759"}],"curies":[{"name":"wp","href":"https:\/\/api.w.org\/{rel}","templated":true}]}}