{"id":14761,"date":"2018-12-24T17:02:42","date_gmt":"2018-12-24T16:02:42","guid":{"rendered":"https:\/\/test4.mi-backup.ch\/?page_id=14761"},"modified":"2018-12-24T17:02:42","modified_gmt":"2018-12-24T16:02:42","slug":"avlat","status":"publish","type":"page","link":"https:\/\/test4.mi-backup.ch\/no\/avlat\/","title":{"rendered":"Avlat"},"content":{"rendered":"<h3>Avlater for medlemmer i MI<\/h3>\n<div>\n<p>If\u00f8lge breve til pave Pius XI. fra 18. desember 1926, kan medlemmene i MI vinne en fullstendig avlat (fullstendig fritak for timelig straff som soning for synd) p\u00e5 f\u00f8lgende dager:<\/p>\n<\/div>\n<p>\u2022 p\u00e5 dagen for opptagelsen i MI<br \/>\n\u2022 p\u00e5 \u00e5rsdagen for grunnleggelsen av MI (16. oktober)<br \/>\n\u2022 p\u00e5 festen for Jomfru Marias uplettede unnfangelse (8. desember)<br \/>\n\u2022 p\u00e5 festen for Herrens Bebudelse (25. mars)<br \/>\n\u2022 p\u00e5 festen for Jomfru Marias opptakelse i himmelen (15. august)<br \/>\n\u2022 p\u00e5 festen for V\u00e5r Frue av Lourdes (11. februar)<br \/>\n\u2022 p\u00e5 dagen for Marias f\u00f8rste \u00e5penbaring i Fatima (13. mai)<br \/>\n\u2022 p\u00e5 festen for den hellige Frans av Assisi (4. oktober)<br \/>\n\u2022 p\u00e5 festen for den undergj\u00f8rende medaljen (27. november)<\/p>\n<div>Betingelsene for \u00e5 vinne den fullstendige avlaten: i tillegg til de vanlige forutsetningene (skrifte innen 8 dager, motta kommunionen, b\u00f8nn i pavens intensjon, frihet fra vanemessig synd) m\u00e5 man fornye l\u00f8ftet om \u00e5 overholde statuttene til MI og holde seg trofast til dem.<\/div>\n<div><\/div>\n","protected":false},"excerpt":{"rendered":"<p>Avlater for medlemmer i MI If\u00f8lge breve til pave Pius XI. fra 18. desember 1926, kan medlemmene i MI vinne en fullstendig avlat (fullstendig fritak for timelig straff som soning for synd) p\u00e5 f\u00f8lgende dager: \u2022 p\u00e5 dagen for opptagelsen i MI \u2022 p\u00e5 \u00e5rsdagen for grunnleggelsen av MI (16.<a class=\"more-link\" href=\"https:\/\/test4.mi-backup.ch\/no\/avlat\/\">Read More &rarr;<\/a><\/p>\n","protected":false},"author":9,"featured_media":0,"parent":0,"menu_order":0,"comment_status":"closed","ping_status":"closed","template":"","meta":[],"_links":{"self":[{"href":"https:\/\/test4.mi-backup.ch\/no\/wp-json\/wp\/v2\/pages\/14761"}],"collection":[{"href":"https:\/\/test4.mi-backup.ch\/no\/wp-json\/wp\/v2\/pages"}],"about":[{"href":"https:\/\/test4.mi-backup.ch\/no\/wp-json\/wp\/v2\/types\/page"}],"author":[{"embeddable":true,"href":"https:\/\/test4.mi-backup.ch\/no\/wp-json\/wp\/v2\/users\/9"}],"replies":[{"embeddable":true,"href":"https:\/\/test4.mi-backup.ch\/no\/wp-json\/wp\/v2\/comments?post=14761"}],"version-history":[{"count":1,"href":"https:\/\/test4.mi-backup.ch\/no\/wp-json\/wp\/v2\/pages\/14761\/revisions"}],"predecessor-version":[{"id":14762,"href":"https:\/\/test4.mi-backup.ch\/no\/wp-json\/wp\/v2\/pages\/14761\/revisions\/14762"}],"wp:attachment":[{"href":"https:\/\/test4.mi-backup.ch\/no\/wp-json\/wp\/v2\/media?parent=14761"}],"curies":[{"name":"wp","href":"https:\/\/api.w.org\/{rel}","templated":true}]}}