{"id":14763,"date":"2018-12-24T17:04:25","date_gmt":"2018-12-24T16:04:25","guid":{"rendered":"https:\/\/test4.mi-backup.ch\/?page_id=14763"},"modified":"2018-12-24T17:04:25","modified_gmt":"2018-12-24T16:04:25","slug":"mis-opprinnelse","status":"publish","type":"page","link":"https:\/\/test4.mi-backup.ch\/no\/mis-opprinnelse\/","title":{"rendered":"MIs opprinnelse"},"content":{"rendered":"<figure style=\"width: 250px\" class=\"wp-caption alignright\"><img loading=\"lazy\" src=\"https:\/\/test4.mi-backup.ch\/wp-content\/uploads\/media\/kolbe12.jpg\" width=\"250\" height=\"331\" align=\"top\" border=\"1\" hspace=\"5\" vspace=\"5\" \/><figcaption class=\"wp-caption-text\">MIs grunnleggere \u2013 Maximilian bak til venstre<\/figcaption><\/figure>\n<p>1917 \u2013 \u00e5ret hvor oktoberrevolusjonen finner sted i Russland, men ogs\u00e5 \u00e5ret hvor Maria \u00e5penbarer seg i Fatima! I Roma feirer frimurerne sitt 200-\u00e5rsjubileum. Overalt ser man flagg og plakater. P\u00e5 disse ser man Lucifer som seirer over den hellige erkeengelen Mikael og tr\u00e5kker ham ned. Store opptog g\u00e5r gjennom Den evige stad helt frem til Petersplassen. Man synger blasfemiske sanger og b\u00e6rer plakater med slagord som &#8220;Satan kommer til \u00e5 regjere i Vatikanet og paven kommer til \u00e5 v\u00e6re hans tjener&#8221;.<\/p>\n<p>P\u00e5 samme tid befinner en ung polsk fransiskaner seg i Roma; broder Maximilian Maria Kolbe, teologistudent ved det pavelige universitetet Gregoriana. Han blir et ufrivillig vitne til disse truende demonstrasjonene: \u201eEr det mulig \u2013 sp\u00f8r han seg selv \u2013 at v\u00e5re fiender utvikler en slik handlekraft for \u00e5 beseire oss, mens vi sitter med hendene i fanget og ikke gj\u00f8r noe? Har ikke vi mye kraftigere v\u00e5pen? Kan vi ikke regne med alle i himmelen, og spesielt med Immaculata?&#8221;<\/p>\n<p style=\"text-align: center;\"><img loading=\"lazy\" class=\"alignright\" src=\"https:\/\/test4.mi-backup.ch\/wp-content\/uploads\/media\/Fatima.jpg\" alt=\"\" width=\"250\" height=\"319\" align=\"top\" border=\"1\" hspace=\"5\" vspace=\"5\" \/><\/p>\n<p>Den unge ordensbroderen studerer bibelen, kirkefedrenes skrifter, l\u00e6ren til de store marianske helgenene som f.eks. den hellige Ludwig Maria Grignion de Montfort. Han tenker ogs\u00e5 over dogmet om Marias uplettede unnfangelse og over betydningen av \u00e5penbaringene til V\u00e5r Frue av Lourdes. Alle disse sannhetene og mysteriene har jo ikke bare en \u00e5ndelig, men ogs\u00e5 en h\u00f8yst praktisk og sosial betydning: &#8220;Jomfruen uten plett og lyte, seirende over alle heresier, kommer ikke til \u00e5 vike tilbake for fienden som hever sitt hode mot henne. Hvis hun finner trofaste tjenere som adlyder hennes befaling, vil hun vinne nye seiere, st\u00f8rre enne vi kan forestille oss&#8221;.<\/p>\n<p>Men i 1917 feiret Roma ogs\u00e5 et annet jubileum, en minnedag for Immaculatas seier. Nemlig den plutselige omvendelsen til j\u00f8den Alfons Ratisbonne i \u00e5ret 1842 takket v\u00e6re n\u00e5den han mottok gjennom den undergj\u00f8rende medaljen. Alt dette gj\u00f8r at broder Maximilian f\u00e5r ideen \u00e5 grunnlegge en forening for riddere av den uplettede Jomfru Maria. Deres kjennemerke: den undergj\u00f8rende medaljen. Tre dager etter solunderet i Fatima, den 16. oktober 1917, grunnla broder Maximilian foreningen Militia Immaculatae sammen med seks medbr\u00f8dre. Grunnleggelsen skjedde med tillatelse av br\u00f8drenes foresatte og fant sted foran Immaculata-alteret i fransiskanernes internasjonale serafiske kollegium.<\/p>\n","protected":false},"excerpt":{"rendered":"<p>1917 \u2013 \u00e5ret hvor oktoberrevolusjonen finner sted i Russland, men ogs\u00e5 \u00e5ret hvor Maria \u00e5penbarer seg i Fatima! I Roma feirer frimurerne sitt 200-\u00e5rsjubileum. Overalt ser man flagg og plakater. P\u00e5 disse ser man Lucifer som seirer over den hellige erkeengelen Mikael og tr\u00e5kker ham ned. Store opptog g\u00e5r gjennom<a class=\"more-link\" href=\"https:\/\/test4.mi-backup.ch\/no\/mis-opprinnelse\/\">Read More &rarr;<\/a><\/p>\n","protected":false},"author":9,"featured_media":0,"parent":0,"menu_order":0,"comment_status":"closed","ping_status":"closed","template":"","meta":[],"_links":{"self":[{"href":"https:\/\/test4.mi-backup.ch\/no\/wp-json\/wp\/v2\/pages\/14763"}],"collection":[{"href":"https:\/\/test4.mi-backup.ch\/no\/wp-json\/wp\/v2\/pages"}],"about":[{"href":"https:\/\/test4.mi-backup.ch\/no\/wp-json\/wp\/v2\/types\/page"}],"author":[{"embeddable":true,"href":"https:\/\/test4.mi-backup.ch\/no\/wp-json\/wp\/v2\/users\/9"}],"replies":[{"embeddable":true,"href":"https:\/\/test4.mi-backup.ch\/no\/wp-json\/wp\/v2\/comments?post=14763"}],"version-history":[{"count":1,"href":"https:\/\/test4.mi-backup.ch\/no\/wp-json\/wp\/v2\/pages\/14763\/revisions"}],"predecessor-version":[{"id":14764,"href":"https:\/\/test4.mi-backup.ch\/no\/wp-json\/wp\/v2\/pages\/14763\/revisions\/14764"}],"wp:attachment":[{"href":"https:\/\/test4.mi-backup.ch\/no\/wp-json\/wp\/v2\/media?parent=14763"}],"curies":[{"name":"wp","href":"https:\/\/api.w.org\/{rel}","templated":true}]}}